{"id":98,"date":"2024-09-07T12:02:58","date_gmt":"2024-09-07T12:02:58","guid":{"rendered":"https:\/\/honistaa.net\/?page_id=98"},"modified":"2026-03-21T14:30:49","modified_gmt":"2026-03-21T14:30:49","slug":"yasal-uyari","status":"publish","type":"page","link":"https:\/\/honistaa.net\/tr\/yasal-uyari\/","title":{"rendered":"Sorumluluk Reddi"},"content":{"rendered":"<p>Sa\u011flanan bilgiler <strong>Honista.net<\/strong> sadece genel bilgilendirme ama\u00e7l\u0131d\u0131r. Sitedeki t\u00fcm bilgiler iyi niyetle sa\u011flanmaktad\u0131r; ancak, sitedeki herhangi bir bilginin do\u011frulu\u011fu, yeterlili\u011fi, g\u00fcvenilirli\u011fi veya eksiksizli\u011fi konusunda a\u00e7\u0131k veya z\u0131mni hi\u00e7bir beyan veya garanti vermemekteyiz.<\/p>\n\n\n\n<h2 class=\"wp-block-heading\"><strong>1. Profesyonel Tavsiye Yok<\/strong><\/h2>\n\n\n\n<p>\u00dczerindeki i\u00e7erik <strong>Honista.net<\/strong> herhangi bir profesyonel tavsiye olarak tasarlanmam\u0131\u015ft\u0131r. Web sitesindeki bilgilere hukuki, t\u0131bbi, mali veya teknik tavsiye gibi profesyonel hizmetlerin yerine ge\u00e7ecek \u015fekilde g\u00fcvenmemelisiniz. Belirli endi\u015felerinizle ilgili olarak her zaman kalifiye bir profesyonelin rehberli\u011fine ba\u015fvurun.<\/p>\n\n\n\n<h2 class=\"wp-block-heading\"><strong>2. Harici Ba\u011flant\u0131lar Sorumluluk Reddi<\/strong><\/h2>\n\n\n\n<p><strong>Honista.net<\/strong> taraf\u0131m\u0131zdan sa\u011flanmayan veya s\u00fcrd\u00fcr\u00fclmeyen ya da herhangi bir \u015fekilde bize ba\u011fl\u0131 olmayan harici web sitelerine ba\u011flant\u0131lar i\u00e7erebilir. Bu harici web sitelerindeki herhangi bir bilginin do\u011frulu\u011funu, uygunlu\u011funu veya eksiksizli\u011fini garanti etmedi\u011fimizi l\u00fctfen unutmay\u0131n. Herhangi bir ba\u011flant\u0131n\u0131n dahil edilmesi, siteyi veya i\u00e7eri\u011fini onaylad\u0131\u011f\u0131m\u0131z anlam\u0131na gelmez.<\/p>\n\n\n\n<h2 class=\"wp-block-heading\"><strong>3. Kullan\u0131c\u0131 Sorumlulu\u011fu<\/strong><\/h2>\n\n\n\n<p>Burada bulunan bilgilere dayanarak ger\u00e7ekle\u015ftirdi\u011finiz t\u00fcm eylemler <strong>Honista.net<\/strong> kesinlikle kendi sorumlulu\u011funuzdad\u0131r. Web sitesini kullanman\u0131zdan veya sa\u011flanan bilgilere g\u00fcvenmenizden kaynaklanan herhangi bir kay\u0131p, zarar veya y\u00fck\u00fcml\u00fcl\u00fckten sorumlu tutulmayaca\u011f\u0131z.<\/p>\n\n\n\n<h2 class=\"wp-block-heading\"><strong>4. Garanti Yok<\/strong><\/h2>\n\n\n\n<p>Do\u011fru ve g\u00fcncel bilgi sa\u011flamak i\u00e7in \u00e7aba g\u00f6steriyoruz, <strong>Honista.net<\/strong> i\u00e7eri\u011fin do\u011frulu\u011fu veya eksiksizli\u011fi konusunda hi\u00e7bir garanti vermez. Site ve i\u00e7eri\u011fi herhangi bir garanti olmaks\u0131z\u0131n \"oldu\u011fu gibi\" ve \"mevcut oldu\u011fu \u015fekilde\" sa\u011flanmaktad\u0131r. \u0130\u00e7erikteki herhangi bir hata veya eksiklik i\u00e7in t\u00fcm sorumlulu\u011fu reddederiz.<\/p>\n\n\n\n<h2 class=\"wp-block-heading\"><strong>5. Sorumluluk Yok<\/strong><\/h2>\n\n\n\n<p>Hi\u00e7bir durumda <strong>Honista.net<\/strong>web si\u0307tesi\u0307ni\u0307n veya ba\u011flantili herhangi\u0307 bi\u0307r i\u0307\u00e7eri\u0307\u011fi\u0307n kullanimindan veya kullanilamamasindan kaynaklanan veya bunlarla i\u0307lgi\u0307li\u0307 do\u011frudan, dolayli, sonu\u00e7 olarak ortaya \u00e7ikan veya arizi\u0307 zararlardan sorumlu tutulamaz.<\/p>\n\n\n\n<h2 class=\"wp-block-heading\"><strong>6. Feragatnamede Yap\u0131lan De\u011fi\u015fiklikler<\/strong><\/h2>\n\n\n\n<p><strong>Honista.net<\/strong> bu feragatnamede istedi\u011fi zaman de\u011fi\u015fiklik veya g\u00fcncelleme yapma hakk\u0131n\u0131 sakl\u0131 tutar. Siteyi kullanmaya devam ederek, g\u00fcncellenmi\u015f \u015fartlara uymay\u0131 kabul etmi\u015f ve onaylam\u0131\u015f olursunuz.<\/p>\n\n\n\n<h2 class=\"wp-block-heading\"><strong>7. Bize Ula\u015f\u0131n<\/strong><\/h2>\n\n\n\n<p>Bu Feragatname hakk\u0131nda herhangi bir sorunuz veya endi\u015feniz varsa, l\u00fctfen bizimle ileti\u015fime ge\u00e7mekten \u00e7ekinmeyin. <a href=\"https:\/\/honistaa.net\/tr\/bize-ulasin\/\">\u0130leti\u015fim Sayfas\u0131<\/a>.<\/p>","protected":false},"excerpt":{"rendered":"<p>Honista.net'te sa\u011flanan bilgiler yaln\u0131zca genel bilgilendirme ama\u00e7l\u0131d\u0131r. Sitedeki t\u00fcm bilgiler iyi niyetle sa\u011flanm\u0131\u015ft\u0131r; ancak, sitedeki herhangi bir bilginin do\u011frulu\u011fu, yeterlili\u011fi, g\u00fcvenilirli\u011fi veya eksiksizli\u011fi ile ilgili a\u00e7\u0131k veya z\u0131mni hi\u00e7bir beyan veya garanti vermiyoruz. 1. Profesyonel Tavsiye Yok Honista.net'teki i\u00e7erik...<\/p>","protected":false},"author":1,"featured_media":0,"parent":0,"menu_order":0,"comment_status":"closed","ping_status":"closed","template":"","meta":{"_kad_blocks_custom_css":"","_kad_blocks_head_custom_js":"","_kad_blocks_body_custom_js":"","_kad_blocks_footer_custom_js":"","_kad_post_transparent":"","_kad_post_title":"","_kad_post_layout":"","_kad_post_sidebar_id":"","_kad_post_content_style":"","_kad_post_vertical_padding":"","_kad_post_feature":"","_kad_post_feature_position":"","_kad_post_header":false,"_kad_post_footer":false,"footnotes":""},"class_list":["post-98","page","type-page","status-publish","hentry"],"taxonomy_info":[],"featured_image_src_large":false,"author_info":{"display_name":"Perfect Dev","author_link":"https:\/\/honistaa.net\/tr\/author\/rahulkumarg5469gmail-com\/"},"comment_info":0,"_links":{"self":[{"href":"https:\/\/honistaa.net\/tr\/wp-json\/wp\/v2\/pages\/98","targetHints":{"allow":["GET"]}}],"collection":[{"href":"https:\/\/honistaa.net\/tr\/wp-json\/wp\/v2\/pages"}],"about":[{"href":"https:\/\/honistaa.net\/tr\/wp-json\/wp\/v2\/types\/page"}],"author":[{"embeddable":true,"href":"https:\/\/honistaa.net\/tr\/wp-json\/wp\/v2\/users\/1"}],"replies":[{"embeddable":true,"href":"https:\/\/honistaa.net\/tr\/wp-json\/wp\/v2\/comments?post=98"}],"version-history":[{"count":1,"href":"https:\/\/honistaa.net\/tr\/wp-json\/wp\/v2\/pages\/98\/revisions"}],"predecessor-version":[{"id":99,"href":"https:\/\/honistaa.net\/tr\/wp-json\/wp\/v2\/pages\/98\/revisions\/99"}],"wp:attachment":[{"href":"https:\/\/honistaa.net\/tr\/wp-json\/wp\/v2\/media?parent=98"}],"curies":[{"name":"wp","href":"https:\/\/api.w.org\/{rel}","templated":true}]}}