{"id":91,"date":"2024-09-07T11:56:12","date_gmt":"2024-09-07T11:56:12","guid":{"rendered":"https:\/\/honistaa.net\/?page_id=91"},"modified":"2026-03-21T14:30:21","modified_gmt":"2026-03-21T14:30:21","slug":"hakkimizda","status":"publish","type":"page","link":"https:\/\/honistaa.net\/tr\/hakkimizda\/","title":{"rendered":"Hakk\u0131m\u0131zda"},"content":{"rendered":"<p>Honistaa.net'e ho\u015f geldiniz!<\/p>\n\n\n\n<p>Hepinize \u00e7ok minnettar\u0131z \u00e7\u00fcnk\u00fc Honista'ya g\u00f6sterdi\u011finiz sevgi kelimelerle tarif edilemez, bu nedenle bu web sitesinde a\u015fa\u011f\u0131daki \u015feyleri alacaks\u0131n\u0131z -<\/p>\n\n\n\n<ul class=\"wp-block-list\">\n<li>Honista Son S\u00fcr\u00fcm Detaylar\u0131<\/li>\n\n\n\n<li>Honista g\u00fcncellemesinin gelecek s\u00fcr\u00fcmleri<\/li>\n\n\n\n<li>Honista'n\u0131n t\u00fcm eski s\u00fcr\u00fcmleri<\/li>\n\n\n\n<li>Hata d\u00fczeltme e\u011fitimleri<\/li>\n<\/ul>\n\n\n\n<p>Honista hakk\u0131nda emin de\u011filseniz, l\u00fctfen <a href=\"https:\/\/honistaa.net\/tr\/bize-ulasin\/\">Bize ula\u015f\u0131n<\/a>.<\/p>","protected":false},"excerpt":{"rendered":"<p>Honistaa.net'e ho\u015f geldiniz! Hepinize \u00e7ok minnettar\u0131z \u00e7\u00fcnk\u00fc Honista'ya g\u00f6sterdi\u011finiz sevgi kelimelerle tarif edilemez, bu y\u00fczden bu web sitesinde a\u015fa\u011f\u0131daki \u015feyleri alacaks\u0131n\u0131z - Honista hakk\u0131nda emin de\u011filseniz, l\u00fctfen bizimle ileti\u015fime ge\u00e7in.<\/p>","protected":false},"author":1,"featured_media":0,"parent":0,"menu_order":0,"comment_status":"closed","ping_status":"closed","template":"","meta":{"_kad_blocks_custom_css":"","_kad_blocks_head_custom_js":"","_kad_blocks_body_custom_js":"","_kad_blocks_footer_custom_js":"","_kad_post_transparent":"","_kad_post_title":"","_kad_post_layout":"","_kad_post_sidebar_id":"","_kad_post_content_style":"","_kad_post_vertical_padding":"","_kad_post_feature":"","_kad_post_feature_position":"","_kad_post_header":false,"_kad_post_footer":false,"footnotes":""},"class_list":["post-91","page","type-page","status-publish","hentry"],"taxonomy_info":[],"featured_image_src_large":false,"author_info":{"display_name":"Perfect Dev","author_link":"https:\/\/honistaa.net\/tr\/author\/rahulkumarg5469gmail-com\/"},"comment_info":0,"_links":{"self":[{"href":"https:\/\/honistaa.net\/tr\/wp-json\/wp\/v2\/pages\/91","targetHints":{"allow":["GET"]}}],"collection":[{"href":"https:\/\/honistaa.net\/tr\/wp-json\/wp\/v2\/pages"}],"about":[{"href":"https:\/\/honistaa.net\/tr\/wp-json\/wp\/v2\/types\/page"}],"author":[{"embeddable":true,"href":"https:\/\/honistaa.net\/tr\/wp-json\/wp\/v2\/users\/1"}],"replies":[{"embeddable":true,"href":"https:\/\/honistaa.net\/tr\/wp-json\/wp\/v2\/comments?post=91"}],"version-history":[{"count":1,"href":"https:\/\/honistaa.net\/tr\/wp-json\/wp\/v2\/pages\/91\/revisions"}],"predecessor-version":[{"id":92,"href":"https:\/\/honistaa.net\/tr\/wp-json\/wp\/v2\/pages\/91\/revisions\/92"}],"wp:attachment":[{"href":"https:\/\/honistaa.net\/tr\/wp-json\/wp\/v2\/media?parent=91"}],"curies":[{"name":"wp","href":"https:\/\/api.w.org\/{rel}","templated":true}]}}