{"id":102,"date":"2024-09-07T12:09:46","date_gmt":"2024-09-07T12:09:46","guid":{"rendered":"https:\/\/honistaa.net\/?page_id=102"},"modified":"2026-03-21T14:30:53","modified_gmt":"2026-03-21T14:30:53","slug":"dmca","status":"publish","type":"page","link":"https:\/\/honistaa.net\/tr\/dmca\/","title":{"rendered":"DMCA"},"content":{"rendered":"<p>At <strong>Honista.net<\/strong>ba\u015fkalar\u0131n\u0131n fikri m\u00fclkiyet haklar\u0131na sayg\u0131 duyuyor ve kullan\u0131c\u0131lar\u0131m\u0131zdan da ayn\u0131s\u0131n\u0131 yapmalar\u0131n\u0131 bekliyoruz. Dijital Milenyum Telif Hakk\u0131 Yasas\u0131 (DMCA) uyar\u0131nca, telif hakk\u0131 ihlali iddialar\u0131na ili\u015fkin a\u00e7\u0131k bildirimlere yan\u0131t vermek bizim politikam\u0131zd\u0131r. Bu DMCA Politikas\u0131, olas\u0131 telif hakk\u0131 ihlallerini bize bildirme s\u00fcrecini ve bu t\u00fcr bildirimleri ald\u0131ktan sonraki eylemlerimizi \u00f6zetlemektedir.<\/p>\n\n\n\n<h2 class=\"wp-block-heading\"><strong>1. Telif Hakk\u0131 \u0130hlali Bildirimi<\/strong><\/h2>\n\n\n\n<p>E\u011fer bu i\u00e7eri\u011fe inan\u0131yorsan\u0131z <strong>Honista.net<\/strong> telif hakk\u0131n\u0131z\u0131 ihlal ederse, DMCA uyar\u0131nca Atanm\u0131\u015f Telif Hakk\u0131 Temsilcimize yaz\u0131l\u0131 bir bildirim g\u00f6nderebilirsiniz. Bildirim a\u015fa\u011f\u0131daki bilgileri i\u00e7ermelidir:<\/p>\n\n\n\n<ul class=\"wp-block-list\">\n<li><strong>\u0130leti\u015fim Bilgileriniz<\/strong>: Tam ad\u0131n\u0131z, adresiniz, telefon numaran\u0131z ve e-posta adresiniz.<\/li>\n\n\n\n<li><strong>Telifli Eserin Tan\u0131mlanmas\u0131<\/strong>: \u0130\u00e7eri\u011fin bulundu\u011fu URL veya belirli bir konum da dahil olmak \u00fczere, ihlal edildi\u011fini iddia etti\u011finiz telif hakk\u0131yla korunan \u00e7al\u0131\u015fman\u0131n bir a\u00e7\u0131klamas\u0131.<\/li>\n\n\n\n<li><strong>M\u00fclkiyet Beyan\u0131<\/strong>: Telif hakk\u0131 sahibi oldu\u011funuzu veya ihlal edildi\u011fi iddia edilen telif hakk\u0131 sahibi ad\u0131na hareket etmeye yetkili oldu\u011funuzu belirten bir beyan.<\/li>\n\n\n\n<li><strong>\u0130yi Niyet \u0130nanc\u0131<\/strong>: Materyalin \u015fikayet edilen \u015fekilde kullan\u0131m\u0131na telif hakk\u0131 sahibi, temsilcisi veya yasalar taraf\u0131ndan izin verilmedi\u011fine dair iyi niyetli bir inanc\u0131n\u0131z oldu\u011funa dair bir beyan.<\/li>\n\n\n\n<li><strong>\u0130mza<\/strong>: Telif hakk\u0131 sahibinin veya onun ad\u0131na hareket etmeye yetkili bir ki\u015finin fiziksel veya elektronik imzas\u0131.<\/li>\n<\/ul>\n\n\n\n<p>L\u00fctfen DMCA yay\u0131ndan kald\u0131rma bildirimlerini \u015fu adrese g\u00f6nderin <a href=\"https:\/\/honistaa.net\/tr\/bize-ulasin\/\">Bize Ula\u015f\u0131n<\/a><\/p>\n\n\n\n<p><strong>Konu sat\u0131r\u0131:<\/strong> DMCA Yay\u0131ndan Kald\u0131rma Talebi<\/p>\n\n\n\n<h2 class=\"wp-block-heading\"><strong>2. Kar\u015f\u0131 Bildirim S\u00fcreci<\/strong><\/h2>\n\n\n\n<p>sitesinde yay\u0131nlad\u0131\u011f\u0131n\u0131z i\u00e7eri\u011fin <strong>Honista.net<\/strong> yanl\u0131\u015fl\u0131kla veya yanl\u0131\u015f tan\u0131mlama nedeniyle kald\u0131r\u0131lm\u0131\u015f veya devre d\u0131\u015f\u0131 b\u0131rak\u0131lm\u0131\u015fsa, kar\u015f\u0131 bildirimde bulunabilirsiniz. Kar\u015f\u0131 bildirim a\u015fa\u011f\u0131daki ayr\u0131nt\u0131lar\u0131 i\u00e7ermelidir:<\/p>\n\n\n\n<ul class=\"wp-block-list\">\n<li><strong>\u0130leti\u015fim Bilgileriniz<\/strong>: Tam ad\u0131n\u0131z, adresiniz, telefon numaran\u0131z ve e-posta adresiniz.<\/li>\n\n\n\n<li><strong>\u00c7\u0131kar\u0131lan Malzemenin Tan\u0131mlanmas\u0131<\/strong>: Kald\u0131r\u0131lan veya devre d\u0131\u015f\u0131 b\u0131rak\u0131lan materyalin a\u00e7\u0131klamas\u0131 ve kald\u0131r\u0131lmadan \u00f6nce g\u00f6r\u00fcnd\u00fc\u011f\u00fc konum.<\/li>\n\n\n\n<li><strong>\u0130yi Niyet Beyan\u0131<\/strong>: \u0130\u00e7eri\u011fin hata veya yanl\u0131\u015f tan\u0131mlama sonucu kald\u0131r\u0131ld\u0131\u011f\u0131na veya devre d\u0131\u015f\u0131 b\u0131rak\u0131ld\u0131\u011f\u0131na dair iyi niyetli bir inanc\u0131n\u0131z oldu\u011funa dair yalanc\u0131 \u015fahitlik cezas\u0131 alt\u0131nda bir beyan.<\/li>\n\n\n\n<li><strong>Yarg\u0131 Yetkisine R\u0131za<\/strong>: Bulundu\u011funuz b\u00f6lgedeki Federal B\u00f6lge Mahkemesinin yarg\u0131 yetkisine veya Amerika Birle\u015fik Devletleri d\u0131\u015f\u0131ndaysan\u0131z, bulundu\u011funuz b\u00f6lgenin yarg\u0131 yetkisine r\u0131za g\u00f6sterdi\u011finize dair bir beyan <strong>Honista.net<\/strong> bulundu\u011funu ve orijinal DMCA \u015fikayetini yapan taraf\u0131n i\u015flem hizmetini kabul edece\u011finizi beyan ediniz.<\/li>\n\n\n\n<li><strong>\u0130mza<\/strong>: Kar\u015f\u0131 bildirimi sunan taraf\u0131n fiziksel veya elektronik imzas\u0131.<\/li>\n<\/ul>\n\n\n\n<p>L\u00fctfen kar\u015f\u0131 bildirimleri bizim arac\u0131l\u0131\u011f\u0131m\u0131zla g\u00f6nderin <a href=\"https:\/\/honistaa.net\/tr\/bize-ulasin\/\">ileti\u015fim sayfas\u0131<\/a>.<\/p>\n\n\n\n<h2 class=\"wp-block-heading\"><strong>3. \u0130hlalin Tekrar\u0131<\/strong><\/h2>\n\n\n\n<p>Telif haklar\u0131n\u0131 tekrar tekrar ihlal eden kullan\u0131c\u0131lar\u0131 veya hesap sahiplerini uygun durumlarda feshetmek politikam\u0131zd\u0131r.<\/p>\n\n\n\n<h2 class=\"wp-block-heading\"><strong>4. Yanl\u0131\u015f Beyanlar<\/strong><\/h2>\n\n\n\n<p>DMCA kapsam\u0131nda, materyal veya faaliyeti ihlal edici olarak bilerek yanl\u0131\u015f tan\u0131tan herhangi bir ki\u015finin sorumlulu\u011fa tabi olabilece\u011fini l\u00fctfen unutmay\u0131n. Buna sahte DMCA yay\u0131ndan kald\u0131rma bildirimleri veya sahte kar\u015f\u0131 bildirimler g\u00f6ndermek de dahildir. Materyalin telif hakk\u0131n\u0131z\u0131 ihlal edip etmedi\u011finden emin de\u011filseniz, devam etmeden \u00f6nce hukuk dan\u0131\u015fman\u0131na dan\u0131\u015fmak isteyebilirsiniz.<\/p>\n\n\n\n<h2 class=\"wp-block-heading\"><strong>5. De\u011fi\u015fiklikler<\/strong><\/h2>\n\n\n\n<p><strong>Honista.net<\/strong> bu DMCA Politikas\u0131n\u0131 istedi\u011fi zaman de\u011fi\u015ftirme hakk\u0131n\u0131 sakl\u0131 tutar. Herhangi bir de\u011fi\u015fiklik, g\u00fcncellenmi\u015f bir revizyon tarihiyle birlikte bu sayfada yay\u0131nlanacakt\u0131r.<\/p>\n\n\n\n<h2 class=\"wp-block-heading\"><strong>6. Bize Ula\u015f\u0131n<\/strong><\/h2>\n\n\n\n<p>Bu DMCA Politikas\u0131 ile ilgili sorular\u0131n\u0131z i\u00e7in l\u00fctfen bizimle ileti\u015fime ge\u00e7in. <a href=\"https:\/\/honistaa.net\/tr\/bize-ulasin\/\">\u0130leti\u015fim Sayfas\u0131<\/a>.<\/p>","protected":false},"excerpt":{"rendered":"<p>Honista.net olarak, ba\u015fkalar\u0131n\u0131n fikri m\u00fclkiyet haklar\u0131na sayg\u0131 duyuyor ve kullan\u0131c\u0131lar\u0131m\u0131zdan da ayn\u0131s\u0131n\u0131 yapmalar\u0131n\u0131 bekliyoruz. Dijital Milenyum Telif Hakk\u0131 Yasas\u0131 (DMCA) uyar\u0131nca, telif hakk\u0131 ihlali iddialar\u0131na ili\u015fkin a\u00e7\u0131k bildirimlere yan\u0131t vermek politikam\u0131zd\u0131r. Bu DMCA Politikas\u0131, olas\u0131 telif hakk\u0131 ihlallerini bize bildirme s\u00fcrecini ve bizim bu ihlalleri...<\/p>","protected":false},"author":1,"featured_media":0,"parent":0,"menu_order":0,"comment_status":"closed","ping_status":"closed","template":"","meta":{"_kad_blocks_custom_css":"","_kad_blocks_head_custom_js":"","_kad_blocks_body_custom_js":"","_kad_blocks_footer_custom_js":"","_kad_post_transparent":"","_kad_post_title":"","_kad_post_layout":"","_kad_post_sidebar_id":"","_kad_post_content_style":"","_kad_post_vertical_padding":"","_kad_post_feature":"","_kad_post_feature_position":"","_kad_post_header":false,"_kad_post_footer":false,"footnotes":""},"class_list":["post-102","page","type-page","status-publish","hentry"],"taxonomy_info":[],"featured_image_src_large":false,"author_info":{"display_name":"Perfect Dev","author_link":"https:\/\/honistaa.net\/tr\/author\/rahulkumarg5469gmail-com\/"},"comment_info":0,"_links":{"self":[{"href":"https:\/\/honistaa.net\/tr\/wp-json\/wp\/v2\/pages\/102","targetHints":{"allow":["GET"]}}],"collection":[{"href":"https:\/\/honistaa.net\/tr\/wp-json\/wp\/v2\/pages"}],"about":[{"href":"https:\/\/honistaa.net\/tr\/wp-json\/wp\/v2\/types\/page"}],"author":[{"embeddable":true,"href":"https:\/\/honistaa.net\/tr\/wp-json\/wp\/v2\/users\/1"}],"replies":[{"embeddable":true,"href":"https:\/\/honistaa.net\/tr\/wp-json\/wp\/v2\/comments?post=102"}],"version-history":[{"count":1,"href":"https:\/\/honistaa.net\/tr\/wp-json\/wp\/v2\/pages\/102\/revisions"}],"predecessor-version":[{"id":103,"href":"https:\/\/honistaa.net\/tr\/wp-json\/wp\/v2\/pages\/102\/revisions\/103"}],"wp:attachment":[{"href":"https:\/\/honistaa.net\/tr\/wp-json\/wp\/v2\/media?parent=102"}],"curies":[{"name":"wp","href":"https:\/\/api.w.org\/{rel}","templated":true}]}}