{"id":100,"date":"2024-09-07T12:05:09","date_gmt":"2024-09-07T12:05:09","guid":{"rendered":"https:\/\/honistaa.net\/?page_id=100"},"modified":"2026-03-21T14:31:02","modified_gmt":"2026-03-21T14:31:02","slug":"gdpr-uyumlulugu","status":"publish","type":"page","link":"https:\/\/honistaa.net\/tr\/gdpr-uyumlulugu\/","title":{"rendered":"GDPR Uyumlulu\u011fu"},"content":{"rendered":"<p>At <strong>Honista.net<\/strong>gizlili\u011finizi korumay\u0131 ve ki\u015fisel verilerinizin Genel Veri Koruma Y\u00f6netmeli\u011fi'ne (GDPR) uygun olarak i\u015flenmesini sa\u011flamay\u0131 taahh\u00fct ediyoruz. Bu politika, web sitemizi ziyaret etti\u011finizde ki\u015fisel verilerinizi nas\u0131l toplad\u0131\u011f\u0131m\u0131z\u0131, kulland\u0131\u011f\u0131m\u0131z\u0131 ve korudu\u011fumuzu \u00f6zetlemektedir.<\/p>\n\n\n\n<h2 class=\"wp-block-heading\"><strong>1. Veri Kontrol\u00f6r\u00fc<\/strong><\/h2>\n\n\n\n<p>Ki\u015fisel bilgilerinizin toplanmas\u0131 ve kullan\u0131lmas\u0131ndan sorumlu veri denetleyicisi <strong>Honista.net<\/strong>. Bizimle \u015fu adresten ileti\u015fime ge\u00e7ebilirsiniz <a href=\"https:\/\/honistaa.net\/tr\/bize-ulasin\/\">\u0130leti\u015fim Sayfas\u0131<\/a> Bu politika ile ilgili her t\u00fcrl\u00fc sorunuz i\u00e7in.<\/p>\n\n\n\n<h2 class=\"wp-block-heading\"><strong>2. Hangi Verileri Topluyoruz<\/strong><\/h2>\n\n\n\n<p>A\u015fa\u011f\u0131daki ki\u015fisel veri t\u00fcrlerini toplayabiliriz:<\/p>\n\n\n\n<ul class=\"wp-block-list\">\n<li><strong>Ki\u015fisel Bilgiler<\/strong>: Ad\u0131n\u0131z, e-posta adresiniz, telefon numaran\u0131z veya bir ileti\u015fim formunu doldururken veya sitemizle etkile\u015fime ge\u00e7erken verdi\u011finiz di\u011fer bilgiler.<\/li>\n\n\n\n<li><strong>Kullan\u0131m Verileri<\/strong>: IP adresi, taray\u0131c\u0131 t\u00fcr\u00fc, g\u00f6r\u00fcnt\u00fclenen sayfalar, sitede ge\u00e7irilen s\u00fcre ve y\u00f6nlendirme kayna\u011f\u0131 gibi web sitemizle nas\u0131l etkile\u015fimde bulundu\u011funuzla ilgili bilgiler.<\/li>\n\n\n\n<li><strong>\u00c7erezler<\/strong>: Kullan\u0131c\u0131 deneyimini geli\u015ftirmek ve analitik ama\u00e7lar i\u00e7in \u00e7erezler kullan\u0131yoruz. \u00c7erezleri taray\u0131c\u0131 ayarlar\u0131n\u0131zdan kontrol edebilirsiniz.<\/li>\n<\/ul>\n\n\n\n<h2 class=\"wp-block-heading\"><strong>3. Verilerinizi Nas\u0131l Topluyoruz<\/strong><\/h2>\n\n\n\n<p>Verileri \u015fu yollarla topluyoruz:<\/p>\n\n\n\n<ul class=\"wp-block-list\">\n<li><strong>Formlar<\/strong>: Web sitemizdeki formlar\u0131 g\u00f6nderdi\u011finizde (\u00f6rne\u011fin, ileti\u015fim formlar\u0131).<\/li>\n\n\n\n<li><strong>\u00c7erezler ve Analitik<\/strong>: Web sitesi etkinli\u011fini izlemek ve hizmetlerimizi geli\u015ftirmek i\u00e7in bilgi toplamak amac\u0131yla \u00e7erezler ve izleme teknolojileri kullan\u0131yoruz.<\/li>\n<\/ul>\n\n\n\n<h2 class=\"wp-block-heading\"><strong>4. Verilerinizi Nas\u0131l Kullan\u0131yoruz<\/strong><\/h2>\n\n\n\n<p>Verileriniz a\u015fa\u011f\u0131daki ama\u00e7lar i\u00e7in kullan\u0131l\u0131r:<\/p>\n\n\n\n<ul class=\"wp-block-list\">\n<li><strong>Hizmetlerimizi Sa\u011flamak ve \u0130yile\u015ftirmek<\/strong>: Bilgilerinizi sizinle ileti\u015fim kurmak, sorular\u0131n\u0131z\u0131 yan\u0131tlamak ve web sitemizi geli\u015ftirmek i\u00e7in kullan\u0131r\u0131z.<\/li>\n\n\n\n<li><strong>Analitik<\/strong>: Kullan\u0131c\u0131 deneyimini geli\u015ftirmek ve i\u00e7eri\u011fi optimize etmek i\u00e7in kullan\u0131c\u0131lar\u0131n siteyle nas\u0131l etkile\u015fimde bulundu\u011funu analiz ediyoruz.<\/li>\n\n\n\n<li><strong>Uyumluluk<\/strong>: Verilerinizi yasal y\u00fck\u00fcml\u00fcl\u00fcklere uymak veya haklar\u0131m\u0131z\u0131 korumak i\u00e7in kullanabiliriz.<\/li>\n<\/ul>\n\n\n\n<h2 class=\"wp-block-heading\"><strong>5. Ki\u015fisel Verilerin \u0130\u015flenmesinin Hukuki Dayana\u011f\u0131<\/strong><\/h2>\n\n\n\n<p>Ki\u015fisel verilerinizi a\u015fa\u011f\u0131daki yasal gerek\u00e7elere dayanarak i\u015fliyoruz:<\/p>\n\n\n\n<ul class=\"wp-block-list\">\n<li><strong>R\u0131za<\/strong>: Ki\u015fisel verilerinizi belirli ama\u00e7lar i\u00e7in i\u015flememize izin verdiniz (\u00f6rne\u011fin, haber b\u00fcltenlerine abone olmak).<\/li>\n\n\n\n<li><strong>S\u00f6zle\u015fme<\/strong>: \u0130\u015flemenin sizinle yap\u0131lan bir s\u00f6zle\u015fmenin ifas\u0131 i\u00e7in gerekli olmas\u0131.<\/li>\n\n\n\n<li><strong>Me\u015fru Menfaat<\/strong>: Verilerinizi web sitemizi geli\u015ftirmek, pazarlama yapmak veya yasal \u00e7\u0131karlar\u0131m\u0131z\u0131 korumak i\u00e7in i\u015fliyoruz.<\/li>\n<\/ul>\n\n\n\n<h2 class=\"wp-block-heading\"><strong>6. GDPR Kapsam\u0131ndaki Haklar\u0131n\u0131z<\/strong><\/h2>\n\n\n\n<p>Veri sahibi olarak a\u015fa\u011f\u0131daki haklara sahipsiniz:<\/p>\n\n\n\n<ul class=\"wp-block-list\">\n<li><strong>Eri\u015fim Hakk\u0131<\/strong>: Ki\u015fisel verilerinize eri\u015fim talep edebilirsiniz.<\/li>\n\n\n\n<li><strong>D\u00fczeltme Hakk\u0131<\/strong>: Bizden yanl\u0131\u015f veya eksik ki\u015fisel verilerinizi d\u00fczeltmemizi isteyebilirsiniz.<\/li>\n\n\n\n<li><strong>Silme Hakk\u0131<\/strong>: Belirli ko\u015fullar alt\u0131nda ki\u015fisel verilerinizin silinmesini talep edebilirsiniz.<\/li>\n\n\n\n<li><strong>\u0130\u015flemenin K\u0131s\u0131tlanmas\u0131 Hakk\u0131<\/strong>: Ki\u015fisel verilerinizin i\u015flenmesinin k\u0131s\u0131tlanmas\u0131n\u0131 talep etme hakk\u0131na sahipsiniz.<\/li>\n\n\n\n<li><strong>Veri Ta\u015f\u0131nabilirli\u011fi Hakk\u0131<\/strong>: Ki\u015fisel verilerinizi ba\u015fka bir hizmet sa\u011flay\u0131c\u0131ya aktarmam\u0131z\u0131 talep edebilirsiniz.<\/li>\n\n\n\n<li><strong>\u0130tiraz Hakk\u0131<\/strong>: Ki\u015fisel verilerinizin me\u015fru menfaatler veya do\u011frudan pazarlama ama\u00e7lar\u0131na dayal\u0131 olarak i\u015flenmesine itiraz edebilirsiniz.<\/li>\n<\/ul>\n\n\n\n<p>Bu haklardan herhangi birini kullanmak i\u00e7in l\u00fctfen bizimle <a href=\"https:\/\/honistaa.net\/tr\/bize-ulasin\/\">\u0130leti\u015fim Sayfas\u0131<\/a>.<\/p>\n\n\n\n<h2 class=\"wp-block-heading\"><strong>7. Veri Saklama<\/strong><\/h2>\n\n\n\n<p>Ki\u015fisel verilerinizi yaln\u0131zca bu politikada belirtilen ama\u00e7lar i\u00e7in gerekli oldu\u011fu s\u00fcrece veya yasalar\u0131n gerektirdi\u011fi \u015fekilde saklar\u0131z.<\/p>\n\n\n\n<h2 class=\"wp-block-heading\"><strong>8. Verilerinizi Payla\u015fma<\/strong><\/h2>\n\n\n\n<p>Size hizmet sa\u011flamak i\u00e7in gerekli olmad\u0131k\u00e7a veya yasalar gerektirmedik\u00e7e ki\u015fisel verilerinizi \u00fc\u00e7\u00fcnc\u00fc taraflarla payla\u015fmay\u0131z, satmay\u0131z veya kiralamay\u0131z.<\/p>\n\n\n\n<h2 class=\"wp-block-heading\"><strong>9. Veri G\u00fcvenli\u011fi<\/strong><\/h2>\n\n\n\n<p>Ki\u015fisel verilerinizi yetkisiz eri\u015fim, de\u011fi\u015fiklik, if\u015fa veya imhaya kar\u015f\u0131 korumak i\u00e7in makul g\u00fcvenlik \u00f6nlemleri uyguluyoruz. Ancak, hi\u00e7bir \u00e7evrimi\u00e7i platform tam g\u00fcvenli\u011fi garanti edemez.<\/p>\n\n\n\n<h2 class=\"wp-block-heading\"><strong>10. \u00dc\u00e7\u00fcnc\u00fc Taraf Ba\u011flant\u0131lar\u0131<\/strong><\/h2>\n\n\n\n<p>Web sitemiz harici web sitelerine ba\u011flant\u0131lar i\u00e7erebilir. \u00dc\u00e7\u00fcnc\u00fc taraf sitelerin gizlilik politikalar\u0131ndan veya uygulamalar\u0131ndan sorumlu de\u011filiz. L\u00fctfen politikalar\u0131n\u0131 ba\u011f\u0131ms\u0131z olarak inceleyin.<\/p>\n\n\n\n<h2 class=\"wp-block-heading\"><strong>11. Uluslararas\u0131 Transferler<\/strong><\/h2>\n\n\n\n<p>Ki\u015fisel verileriniz Avrupa Ekonomik Alan\u0131 (EEA) d\u0131\u015f\u0131na aktar\u0131l\u0131rsa, GDPR gerekliliklerine uygun olarak uygun \u00f6nlemlerle korunmas\u0131n\u0131 sa\u011flar\u0131z.<\/p>\n\n\n\n<h2 class=\"wp-block-heading\"><strong>12. Bu Gizlilik Politikas\u0131ndaki De\u011fi\u015fiklikler<\/strong><\/h2>\n\n\n\n<p>Bu GDPR Gizlilik Politikas\u0131n\u0131 zaman zaman g\u00fcncelleyebiliriz. Herhangi bir de\u011fi\u015fiklik, g\u00fcncellenmi\u015f bir revizyon tarihiyle birlikte bu sayfada yay\u0131nlanacakt\u0131r. Herhangi bir de\u011fi\u015fiklikten haberdar olmak i\u00e7in bu sayfay\u0131 d\u00fczenli olarak kontrol etmenizi \u00f6neririz.<\/p>\n\n\n\n<h2 class=\"wp-block-heading\"><strong>13. Bize Ula\u015f\u0131n<\/strong><\/h2>\n\n\n\n<p>GDPR Gizlilik Politikam\u0131z veya verilerinizin nas\u0131l i\u015flendi\u011fi hakk\u0131nda herhangi bir sorunuz veya endi\u015feniz varsa, l\u00fctfen bizimle <a href=\"https:\/\/honistaa.net\/tr\/bize-ulasin\/\">\u0130leti\u015fim Sayfas\u0131<\/a>.<\/p>","protected":false},"excerpt":{"rendered":"<p>Honista.net olarak, gizlili\u011finizi korumay\u0131 ve ki\u015fisel verilerinizin Genel Veri Koruma Y\u00f6netmeli\u011fi'ne (GDPR) uygun olarak i\u015flenmesini sa\u011flamay\u0131 taahh\u00fct ediyoruz. Bu politika, web sitemizi ziyaret etti\u011finizde ki\u015fisel verilerinizi nas\u0131l toplad\u0131\u011f\u0131m\u0131z\u0131, kulland\u0131\u011f\u0131m\u0131z\u0131 ve korudu\u011fumuzu \u00f6zetlemektedir. 1. Veri Denetleyicisi Toplama ve kullan\u0131mdan sorumlu veri denetleyicisi...<\/p>","protected":false},"author":1,"featured_media":0,"parent":0,"menu_order":0,"comment_status":"closed","ping_status":"closed","template":"","meta":{"_kad_blocks_custom_css":"","_kad_blocks_head_custom_js":"","_kad_blocks_body_custom_js":"","_kad_blocks_footer_custom_js":"","_kad_post_transparent":"","_kad_post_title":"","_kad_post_layout":"","_kad_post_sidebar_id":"","_kad_post_content_style":"","_kad_post_vertical_padding":"","_kad_post_feature":"","_kad_post_feature_position":"","_kad_post_header":false,"_kad_post_footer":false,"footnotes":""},"class_list":["post-100","page","type-page","status-publish","hentry"],"taxonomy_info":[],"featured_image_src_large":false,"author_info":{"display_name":"Perfect Dev","author_link":"https:\/\/honistaa.net\/tr\/author\/rahulkumarg5469gmail-com\/"},"comment_info":0,"_links":{"self":[{"href":"https:\/\/honistaa.net\/tr\/wp-json\/wp\/v2\/pages\/100","targetHints":{"allow":["GET"]}}],"collection":[{"href":"https:\/\/honistaa.net\/tr\/wp-json\/wp\/v2\/pages"}],"about":[{"href":"https:\/\/honistaa.net\/tr\/wp-json\/wp\/v2\/types\/page"}],"author":[{"embeddable":true,"href":"https:\/\/honistaa.net\/tr\/wp-json\/wp\/v2\/users\/1"}],"replies":[{"embeddable":true,"href":"https:\/\/honistaa.net\/tr\/wp-json\/wp\/v2\/comments?post=100"}],"version-history":[{"count":1,"href":"https:\/\/honistaa.net\/tr\/wp-json\/wp\/v2\/pages\/100\/revisions"}],"predecessor-version":[{"id":101,"href":"https:\/\/honistaa.net\/tr\/wp-json\/wp\/v2\/pages\/100\/revisions\/101"}],"wp:attachment":[{"href":"https:\/\/honistaa.net\/tr\/wp-json\/wp\/v2\/media?parent=100"}],"curies":[{"name":"wp","href":"https:\/\/api.w.org\/{rel}","templated":true}]}}