{"id":98,"date":"2024-09-07T12:02:58","date_gmt":"2024-09-07T12:02:58","guid":{"rendered":"https:\/\/honistaa.net\/?page_id=98"},"modified":"2026-03-21T14:30:49","modified_gmt":"2026-03-21T14:30:49","slug":"exonerare-de-raspundere","status":"publish","type":"page","link":"https:\/\/honistaa.net\/ro\/exonerare-de-raspundere\/","title":{"rendered":"Disclaimer"},"content":{"rendered":"<p>Informa\u021biile furnizate pe <strong>Honista.net<\/strong> este doar \u00een scop informativ general. Toate informa\u021biile de pe site sunt furnizate cu bun\u0103 credin\u021b\u0103; cu toate acestea, nu facem nicio declara\u021bie sau garan\u021bie de niciun fel, expres\u0103 sau implicit\u0103, cu privire la acurate\u021bea, adecvarea, fiabilitatea sau exhaustivitatea informa\u021biilor de pe site.<\/p>\n\n\n\n<h2 class=\"wp-block-heading\"><strong>1. Nu exist\u0103 consiliere profesional\u0103<\/strong><\/h2>\n\n\n\n<p>Con\u021binutul de pe <strong>Honista.net<\/strong> nu este conceput ca un sfat profesional de niciun fel. Nu trebuie s\u0103 v\u0103 baza\u021bi pe informa\u021biile de pe site ca substitut pentru servicii profesionale, cum ar fi consiliere juridic\u0103, medical\u0103, financiar\u0103 sau tehnic\u0103. Solicita\u021bi \u00eentotdeauna \u00eendrumarea unui profesionist calificat \u00een ceea ce prive\u0219te problemele specifice.<\/p>\n\n\n\n<h2 class=\"wp-block-heading\"><strong>2. Disclaimer privind leg\u0103turile externe<\/strong><\/h2>\n\n\n\n<p><strong>Honista.net<\/strong> poate con\u021bine linkuri c\u0103tre site-uri web externe care nu sunt furnizate sau \u00eentre\u021binute de noi sau care nu sunt afiliate \u00een niciun fel cu noi. V\u0103 rug\u0103m s\u0103 re\u021bine\u021bi c\u0103 nu garant\u0103m acurate\u021bea, relevan\u021ba sau exhaustivitatea informa\u021biilor de pe aceste site-uri externe. Includerea oric\u0103rui link nu implic\u0103 aprobarea de c\u0103tre noi a site-ului sau a con\u021binutului acestuia.<\/p>\n\n\n\n<h2 class=\"wp-block-heading\"><strong>3. Responsabilitatea utilizatorului<\/strong><\/h2>\n\n\n\n<p>Orice ac\u021biuni pe care le \u00eentreprinde\u021bi pe baza informa\u021biilor g\u0103site pe <strong>Honista.net<\/strong> sunt strict pe propriul dvs. risc. Nu vom fi tra\u0219i la r\u0103spundere pentru nicio pierdere, daun\u0103 sau r\u0103spundere care rezult\u0103 din utilizarea de c\u0103tre dvs. a site-ului sau din \u00eencrederea acordat\u0103 informa\u021biilor furnizate.<\/p>\n\n\n\n<h2 class=\"wp-block-heading\"><strong>4. Lipsa garan\u021biilor<\/strong><\/h2>\n\n\n\n<p>De\u0219i ne str\u0103duim s\u0103 furniz\u0103m informa\u021bii exacte \u0219i actualizate, <strong>Honista.net<\/strong> nu ofer\u0103 nicio garan\u021bie cu privire la acurate\u021bea sau caracterul complet al con\u021binutului. Site-ul \u0219i con\u021binutul s\u0103u sunt furnizate \"a\u0219a cum sunt\" \u0219i \"conform disponibilit\u0103\u021bii\", f\u0103r\u0103 nicio garan\u021bie. Ne declin\u0103m r\u0103spunderea pentru orice erori sau omisiuni \u00een con\u021binut.<\/p>\n\n\n\n<h2 class=\"wp-block-heading\"><strong>5. F\u0103r\u0103 r\u0103spundere<\/strong><\/h2>\n\n\n\n<p>\u00cen niciun caz <strong>Honista.net<\/strong>proprietarii, afilia\u021bii sau angaja\u021bii s\u0103i nu vor fi tra\u0219i la r\u0103spundere pentru orice daune directe, indirecte, consecvente sau accidentale care rezult\u0103 din sau sunt legate de utilizarea sau incapacitatea de a utiliza site-ul web sau orice con\u021binut legat.<\/p>\n\n\n\n<h2 class=\"wp-block-heading\"><strong>6. Modific\u0103ri ale clauzei de exonerare de r\u0103spundere<\/strong><\/h2>\n\n\n\n<p><strong>Honista.net<\/strong> \u00ee\u0219i rezerv\u0103 dreptul de a face modific\u0103ri sau actualiz\u0103ri ale acestei clauze de exonerare de r\u0103spundere \u00een orice moment. Continu\u00e2nd s\u0103 utiliza\u021bi site-ul, accepta\u021bi \u0219i sunte\u021bi de acord s\u0103 respecta\u021bi termenii actualiza\u021bi.<\/p>\n\n\n\n<h2 class=\"wp-block-heading\"><strong>7. Contacta\u021bi-ne<\/strong><\/h2>\n\n\n\n<p>Dac\u0103 ave\u021bi \u00eentreb\u0103ri sau nel\u0103muriri cu privire la aceast\u0103 Clauz\u0103 de exonerare de r\u0103spundere, nu ezita\u021bi s\u0103 ne contacta\u021bi prin intermediul <a href=\"https:\/\/honistaa.net\/ro\/contactati-ne\/\">Pagina de contact<\/a>.<\/p>","protected":false},"excerpt":{"rendered":"<p>Informa\u021biile furnizate pe Honista.net sunt doar \u00een scopuri informative generale. Toate informa\u021biile de pe site sunt furnizate cu bun\u0103-credin\u021b\u0103; cu toate acestea, nu facem nicio declara\u021bie sau garan\u021bie de niciun fel, expres\u0103 sau implicit\u0103, cu privire la acurate\u021bea, adecvarea, fiabilitatea sau exhaustivitatea oric\u0103ror informa\u021bii de pe site. 1. F\u0103r\u0103 consiliere profesional\u0103 Con\u021binutul de pe Honista.net...<\/p>","protected":false},"author":1,"featured_media":0,"parent":0,"menu_order":0,"comment_status":"closed","ping_status":"closed","template":"","meta":{"_kad_blocks_custom_css":"","_kad_blocks_head_custom_js":"","_kad_blocks_body_custom_js":"","_kad_blocks_footer_custom_js":"","_kad_post_transparent":"","_kad_post_title":"","_kad_post_layout":"","_kad_post_sidebar_id":"","_kad_post_content_style":"","_kad_post_vertical_padding":"","_kad_post_feature":"","_kad_post_feature_position":"","_kad_post_header":false,"_kad_post_footer":false,"footnotes":""},"class_list":["post-98","page","type-page","status-publish","hentry"],"taxonomy_info":[],"featured_image_src_large":false,"author_info":{"display_name":"Perfect Dev","author_link":"https:\/\/honistaa.net\/ro\/author\/rahulkumarg5469gmail-com\/"},"comment_info":0,"_links":{"self":[{"href":"https:\/\/honistaa.net\/ro\/wp-json\/wp\/v2\/pages\/98","targetHints":{"allow":["GET"]}}],"collection":[{"href":"https:\/\/honistaa.net\/ro\/wp-json\/wp\/v2\/pages"}],"about":[{"href":"https:\/\/honistaa.net\/ro\/wp-json\/wp\/v2\/types\/page"}],"author":[{"embeddable":true,"href":"https:\/\/honistaa.net\/ro\/wp-json\/wp\/v2\/users\/1"}],"replies":[{"embeddable":true,"href":"https:\/\/honistaa.net\/ro\/wp-json\/wp\/v2\/comments?post=98"}],"version-history":[{"count":1,"href":"https:\/\/honistaa.net\/ro\/wp-json\/wp\/v2\/pages\/98\/revisions"}],"predecessor-version":[{"id":99,"href":"https:\/\/honistaa.net\/ro\/wp-json\/wp\/v2\/pages\/98\/revisions\/99"}],"wp:attachment":[{"href":"https:\/\/honistaa.net\/ro\/wp-json\/wp\/v2\/media?parent=98"}],"curies":[{"name":"wp","href":"https:\/\/api.w.org\/{rel}","templated":true}]}}