{"id":91,"date":"2024-09-07T11:56:12","date_gmt":"2024-09-07T11:56:12","guid":{"rendered":"https:\/\/honistaa.net\/?page_id=91"},"modified":"2026-03-21T14:30:21","modified_gmt":"2026-03-21T14:30:21","slug":"despre-noi","status":"publish","type":"page","link":"https:\/\/honistaa.net\/ro\/despre-noi\/","title":{"rendered":"Despre noi"},"content":{"rendered":"<p>Bine a\u021bi venit la Honistaa.net!<\/p>\n\n\n\n<p>Suntem foarte recunosc\u0103tori tuturor pentru c\u0103 dragostea pe care a\u021bi ar\u0103tat-o lui Honista nu poate fi descris\u0103 \u00een cuvinte, a\u0219a c\u0103 pe acest site, ve\u021bi ob\u021bine urm\u0103toarele lucruri -<\/p>\n\n\n\n<ul class=\"wp-block-list\">\n<li>Honista Ultima versiune Detalii<\/li>\n\n\n\n<li>Versiunile viitoare ale actualiz\u0103rii Honista<\/li>\n\n\n\n<li>Toate versiunile vechi ale Honista<\/li>\n\n\n\n<li>Tutoriale de fixare a erorilor<\/li>\n<\/ul>\n\n\n\n<p>Dac\u0103 nu sunte\u021bi sigur cu privire la Honista, v\u0103 rug\u0103m s\u0103 <a href=\"https:\/\/honistaa.net\/ro\/contactati-ne\/\">contacta\u021bi-ne<\/a>.<\/p>","protected":false},"excerpt":{"rendered":"<p>Bine a\u021bi venit pe Honistaa.net! V\u0103 suntem foarte recunosc\u0103tori tuturor pentru c\u0103 dragostea pe care a\u021bi ar\u0103tat-o pentru Honista nu poate fi descris\u0103 \u00een cuvinte, a\u0219a c\u0103 pe acest site, ve\u021bi ob\u021bine urm\u0103toarele lucruri - Dac\u0103 nu sunte\u021bi sigur despre Honista, v\u0103 rug\u0103m s\u0103 ne contacta\u021bi.<\/p>","protected":false},"author":1,"featured_media":0,"parent":0,"menu_order":0,"comment_status":"closed","ping_status":"closed","template":"","meta":{"_kad_blocks_custom_css":"","_kad_blocks_head_custom_js":"","_kad_blocks_body_custom_js":"","_kad_blocks_footer_custom_js":"","_kad_post_transparent":"","_kad_post_title":"","_kad_post_layout":"","_kad_post_sidebar_id":"","_kad_post_content_style":"","_kad_post_vertical_padding":"","_kad_post_feature":"","_kad_post_feature_position":"","_kad_post_header":false,"_kad_post_footer":false,"footnotes":""},"class_list":["post-91","page","type-page","status-publish","hentry"],"taxonomy_info":[],"featured_image_src_large":false,"author_info":{"display_name":"Perfect Dev","author_link":"https:\/\/honistaa.net\/ro\/author\/rahulkumarg5469gmail-com\/"},"comment_info":0,"_links":{"self":[{"href":"https:\/\/honistaa.net\/ro\/wp-json\/wp\/v2\/pages\/91","targetHints":{"allow":["GET"]}}],"collection":[{"href":"https:\/\/honistaa.net\/ro\/wp-json\/wp\/v2\/pages"}],"about":[{"href":"https:\/\/honistaa.net\/ro\/wp-json\/wp\/v2\/types\/page"}],"author":[{"embeddable":true,"href":"https:\/\/honistaa.net\/ro\/wp-json\/wp\/v2\/users\/1"}],"replies":[{"embeddable":true,"href":"https:\/\/honistaa.net\/ro\/wp-json\/wp\/v2\/comments?post=91"}],"version-history":[{"count":1,"href":"https:\/\/honistaa.net\/ro\/wp-json\/wp\/v2\/pages\/91\/revisions"}],"predecessor-version":[{"id":92,"href":"https:\/\/honistaa.net\/ro\/wp-json\/wp\/v2\/pages\/91\/revisions\/92"}],"wp:attachment":[{"href":"https:\/\/honistaa.net\/ro\/wp-json\/wp\/v2\/media?parent=91"}],"curies":[{"name":"wp","href":"https:\/\/api.w.org\/{rel}","templated":true}]}}