{"id":102,"date":"2024-09-07T12:09:46","date_gmt":"2024-09-07T12:09:46","guid":{"rendered":"https:\/\/honistaa.net\/?page_id=102"},"modified":"2026-03-21T14:30:53","modified_gmt":"2026-03-21T14:30:53","slug":"dmca","status":"publish","type":"page","link":"https:\/\/honistaa.net\/ro\/dmca\/","title":{"rendered":"DMCA"},"content":{"rendered":"<p>La <strong>Honista.net<\/strong>, respect\u0103m drepturile de proprietate intelectual\u0103 ale altora \u0219i ne a\u0219tept\u0103m ca utilizatorii no\u0219tri s\u0103 fac\u0103 acela\u0219i lucru. \u00cen conformitate cu Digital Millennium Copyright Act (DMCA), politica noastr\u0103 este de a r\u0103spunde la notific\u0103rile clare privind presupuse \u00eenc\u0103lc\u0103ri ale drepturilor de autor. Aceast\u0103 politic\u0103 DMCA descrie procesul de notificare a poten\u021bialelor \u00eenc\u0103lc\u0103ri ale drepturilor de autor \u0219i ac\u021biunile noastre la primirea unor astfel de notific\u0103ri.<\/p>\n\n\n\n<h2 class=\"wp-block-heading\"><strong>1. Notificarea \u00eenc\u0103lc\u0103rii drepturilor de autor<\/strong><\/h2>\n\n\n\n<p>Dac\u0103 crede\u021bi c\u0103 con\u021binutul de pe <strong>Honista.net<\/strong> v\u0103 \u00eencalc\u0103 drepturile de autor, pute\u021bi trimite o notificare scris\u0103 \u00een conformitate cu DMCA c\u0103tre agentul nostru desemnat pentru drepturile de autor. Notificarea trebuie s\u0103 includ\u0103 urm\u0103toarele informa\u021bii:<\/p>\n\n\n\n<ul class=\"wp-block-list\">\n<li><strong>Informa\u021biile dvs. de contact<\/strong>: Numele dvs. complet, adresa, num\u0103rul de telefon \u0219i adresa de e-mail.<\/li>\n\n\n\n<li><strong>Identificarea operei protejate prin drepturi de autor<\/strong>: O descriere a operei protejate de drepturi de autor despre care afirma\u021bi c\u0103 a fost \u00eenc\u0103lcat\u0103, inclusiv URL-ul sau loca\u021bia specific\u0103 \u00een care se afl\u0103 con\u021binutul.<\/li>\n\n\n\n<li><strong>Declara\u021bie de proprietate<\/strong>: O declara\u021bie c\u0103 sunte\u021bi titularul drepturilor de autor sau c\u0103 sunte\u021bi autorizat s\u0103 ac\u021biona\u021bi \u00een numele titularului drepturilor de autor care se presupune c\u0103 sunt \u00eenc\u0103lcate.<\/li>\n\n\n\n<li><strong>Credin\u021b\u0103 de bun\u0103 credin\u021b\u0103<\/strong>: O declara\u021bie conform c\u0103reia crede\u021bi cu bun\u0103 credin\u021b\u0103 c\u0103 utilizarea materialului \u00een modul reclamat nu este autorizat\u0103 de proprietarul drepturilor de autor, de agentul acestuia sau de lege.<\/li>\n\n\n\n<li><strong>Semn\u0103tura<\/strong>: O semn\u0103tur\u0103 fizic\u0103 sau electronic\u0103 a titularului drepturilor de autor sau a unei persoane autorizate s\u0103 ac\u021bioneze \u00een numele acestuia.<\/li>\n<\/ul>\n\n\n\n<p>V\u0103 rug\u0103m s\u0103 trimite\u021bi notific\u0103rile DMCA takedown la - <a href=\"https:\/\/honistaa.net\/ro\/contactati-ne\/\">Contacta\u021bi-ne<\/a><\/p>\n\n\n\n<p><strong>Linia subiectului:<\/strong> Cerere DMCA Takedown<\/p>\n\n\n\n<h2 class=\"wp-block-heading\"><strong>2. Procesul de contra-notificare<\/strong><\/h2>\n\n\n\n<p>Dac\u0103 crede\u021bi c\u0103 con\u021binutul pe care l-a\u021bi postat pe <strong>Honista.net<\/strong> a fost eliminat sau dezactivat din gre\u0219eal\u0103 sau din eroare de identificare, pute\u021bi depune o contra-notificare. Contra-notificarea trebuie s\u0103 includ\u0103 urm\u0103toarele detalii:<\/p>\n\n\n\n<ul class=\"wp-block-list\">\n<li><strong>Informa\u021biile dvs. de contact<\/strong>: Numele dvs. complet, adresa, num\u0103rul de telefon \u0219i adresa de e-mail.<\/li>\n\n\n\n<li><strong>Identificarea materialului \u00eendep\u0103rtat<\/strong>: O descriere a materialului care a fost eliminat sau dezactivat \u0219i loca\u021bia \u00een care acesta ap\u0103rea \u00eenainte de a fi eliminat.<\/li>\n\n\n\n<li><strong>Declara\u021bie de bun\u0103-credin\u021b\u0103<\/strong>: O declara\u021bie sub pedeapsa sperjurului c\u0103 ave\u021bi convingerea de bun\u0103 credin\u021b\u0103 c\u0103 con\u021binutul a fost eliminat sau dezactivat ca urmare a unei erori sau a unei identific\u0103ri gre\u0219ite.<\/li>\n\n\n\n<li><strong>Consim\u021b\u0103m\u00e2ntul la jurisdic\u021bie<\/strong>: O declara\u021bie prin care v\u0103 declara\u021bi de acord cu jurisdic\u021bia Cur\u021bii Federale de District din districtul dumneavoastr\u0103 sau, dac\u0103 v\u0103 afla\u021bi \u00een afara Statelor Unite, cu jurisdic\u021bia districtului \u00een care <strong>Honista.net<\/strong> \u0219i c\u0103 ve\u021bi accepta notificarea procesului de la partea care a depus pl\u00e2ngerea DMCA ini\u021bial\u0103.<\/li>\n\n\n\n<li><strong>Semn\u0103tura<\/strong>: O semn\u0103tur\u0103 fizic\u0103 sau electronic\u0103 a p\u0103r\u021bii care depune contra-notificarea.<\/li>\n<\/ul>\n\n\n\n<p>V\u0103 rug\u0103m s\u0103 trimite\u021bi contra-notific\u0103ri prin intermediul nostru <a href=\"https:\/\/honistaa.net\/ro\/contactati-ne\/\">pagina de contact<\/a>.<\/p>\n\n\n\n<h2 class=\"wp-block-heading\"><strong>3. Contravenien\u021bii recidivi\u0219ti<\/strong><\/h2>\n\n\n\n<p>Politica noastr\u0103 este de a rezilia, \u00een circumstan\u021be adecvate, utilizatorii sau titularii de cont care \u00eencalc\u0103 \u00een mod repetat drepturile de autor.<\/p>\n\n\n\n<h2 class=\"wp-block-heading\"><strong>4. Declara\u021bii false<\/strong><\/h2>\n\n\n\n<p>V\u0103 rug\u0103m s\u0103 re\u021bine\u021bi c\u0103, \u00een conformitate cu DMCA, orice persoan\u0103 care, cu bun\u0103 \u0219tiin\u021b\u0103, prezint\u0103 \u00een mod eronat un material sau o activitate ca \u00eenc\u0103lc\u00e2nd legea poate fi pasibil\u0103 de r\u0103spundere. Aceasta include transmiterea de notific\u0103ri DMCA de retragere false sau contra-notific\u0103ri false. Dac\u0103 nu sunte\u021bi sigur dac\u0103 materialul v\u0103 \u00eencalc\u0103 drepturile de autor, este posibil s\u0103 dori\u021bi s\u0103 consulta\u021bi un consilier juridic \u00eenainte de a continua.<\/p>\n\n\n\n<h2 class=\"wp-block-heading\"><strong>5. Modific\u0103ri<\/strong><\/h2>\n\n\n\n<p><strong>Honista.net<\/strong> \u00ee\u0219i rezerv\u0103 dreptul de a modifica aceast\u0103 Politic\u0103 DMCA \u00een orice moment. Orice modific\u0103ri vor fi postate pe aceast\u0103 pagin\u0103 cu o dat\u0103 de revizuire actualizat\u0103.<\/p>\n\n\n\n<h2 class=\"wp-block-heading\"><strong>6. Contacta\u021bi-ne<\/strong><\/h2>\n\n\n\n<p>Pentru orice \u00eentreb\u0103ri cu privire la aceast\u0103 politic\u0103 DMCA, v\u0103 rug\u0103m s\u0103 ne contacta\u021bi prin intermediul nostru <a href=\"https:\/\/honistaa.net\/ro\/contactati-ne\/\">Pagina de contact<\/a>.<\/p>","protected":false},"excerpt":{"rendered":"<p>La Honista.net, respect\u0103m drepturile de proprietate intelectual\u0103 ale altora \u0219i ne a\u0219tept\u0103m ca utilizatorii no\u0219tri s\u0103 fac\u0103 la fel. \u00cen conformitate cu Digital Millennium Copyright Act (DMCA), politica noastr\u0103 este s\u0103 r\u0103spundem la notific\u0103ri clare privind presupuse \u00eenc\u0103lc\u0103ri ale drepturilor de autor. Aceast\u0103 politic\u0103 DMCA descrie procesul de notificare a poten\u021bialelor \u00eenc\u0103lc\u0103ri ale drepturilor de autor \u0219i...<\/p>","protected":false},"author":1,"featured_media":0,"parent":0,"menu_order":0,"comment_status":"closed","ping_status":"closed","template":"","meta":{"_kad_blocks_custom_css":"","_kad_blocks_head_custom_js":"","_kad_blocks_body_custom_js":"","_kad_blocks_footer_custom_js":"","_kad_post_transparent":"","_kad_post_title":"","_kad_post_layout":"","_kad_post_sidebar_id":"","_kad_post_content_style":"","_kad_post_vertical_padding":"","_kad_post_feature":"","_kad_post_feature_position":"","_kad_post_header":false,"_kad_post_footer":false,"footnotes":""},"class_list":["post-102","page","type-page","status-publish","hentry"],"taxonomy_info":[],"featured_image_src_large":false,"author_info":{"display_name":"Perfect Dev","author_link":"https:\/\/honistaa.net\/ro\/author\/rahulkumarg5469gmail-com\/"},"comment_info":0,"_links":{"self":[{"href":"https:\/\/honistaa.net\/ro\/wp-json\/wp\/v2\/pages\/102","targetHints":{"allow":["GET"]}}],"collection":[{"href":"https:\/\/honistaa.net\/ro\/wp-json\/wp\/v2\/pages"}],"about":[{"href":"https:\/\/honistaa.net\/ro\/wp-json\/wp\/v2\/types\/page"}],"author":[{"embeddable":true,"href":"https:\/\/honistaa.net\/ro\/wp-json\/wp\/v2\/users\/1"}],"replies":[{"embeddable":true,"href":"https:\/\/honistaa.net\/ro\/wp-json\/wp\/v2\/comments?post=102"}],"version-history":[{"count":1,"href":"https:\/\/honistaa.net\/ro\/wp-json\/wp\/v2\/pages\/102\/revisions"}],"predecessor-version":[{"id":103,"href":"https:\/\/honistaa.net\/ro\/wp-json\/wp\/v2\/pages\/102\/revisions\/103"}],"wp:attachment":[{"href":"https:\/\/honistaa.net\/ro\/wp-json\/wp\/v2\/media?parent=102"}],"curies":[{"name":"wp","href":"https:\/\/api.w.org\/{rel}","templated":true}]}}