{"id":100,"date":"2024-09-07T12:05:09","date_gmt":"2024-09-07T12:05:09","guid":{"rendered":"https:\/\/honistaa.net\/?page_id=100"},"modified":"2026-03-21T14:31:02","modified_gmt":"2026-03-21T14:31:02","slug":"conformitatea-gdpr","status":"publish","type":"page","link":"https:\/\/honistaa.net\/ro\/conformitatea-gdpr\/","title":{"rendered":"Conformitatea GDPR"},"content":{"rendered":"<p>La <strong>Honista.net<\/strong>, ne angaj\u0103m s\u0103 v\u0103 protej\u0103m confiden\u021bialitatea \u0219i s\u0103 ne asigur\u0103m c\u0103 datele dvs. personale sunt prelucrate \u00een conformitate cu Regulamentul general privind protec\u021bia datelor (GDPR). Aceast\u0103 politic\u0103 prezint\u0103 modul \u00een care colect\u0103m, utiliz\u0103m \u0219i protej\u0103m datele dvs. cu caracter personal atunci c\u00e2nd vizita\u021bi site-ul nostru.<\/p>\n\n\n\n<h2 class=\"wp-block-heading\"><strong>1. Operator de date<\/strong><\/h2>\n\n\n\n<p>Operatorul de date responsabil pentru colectarea \u0219i utilizarea informa\u021biilor dumneavoastr\u0103 cu caracter personal este <strong>Honista.net<\/strong>. Ne pute\u021bi contacta prin intermediul nostru <a href=\"https:\/\/honistaa.net\/ro\/contactati-ne\/\">Pagina de contact<\/a> pentru orice \u00eentreb\u0103ri referitoare la aceast\u0103 politic\u0103.<\/p>\n\n\n\n<h2 class=\"wp-block-heading\"><strong>2. Ce date colect\u0103m<\/strong><\/h2>\n\n\n\n<p>Putem colecta urm\u0103toarele tipuri de date cu caracter personal:<\/p>\n\n\n\n<ul class=\"wp-block-list\">\n<li><strong>Informa\u021bii personale<\/strong>: Numele dumneavoastr\u0103, adresa de e-mail, num\u0103rul de telefon sau orice alte informa\u021bii pe care le furniza\u021bi atunci c\u00e2nd completa\u021bi un formular de contact sau interac\u021biona\u021bi cu site-ul nostru.<\/li>\n\n\n\n<li><strong>Date de utilizare<\/strong>: Informa\u021bii despre modul \u00een care interac\u021biona\u021bi cu site-ul nostru, cum ar fi adresa IP, tipul de browser, paginile vizualizate, timpul petrecut pe site \u0219i sursa de trimitere.<\/li>\n\n\n\n<li><strong>Cookie-uri<\/strong>: Utiliz\u0103m module cookie pentru a \u00eembun\u0103t\u0103\u021bi experien\u021ba utilizatorului \u0219i \u00een scopuri analitice. Pute\u021bi controla modulele cookie prin set\u0103rile browserului dvs.<\/li>\n<\/ul>\n\n\n\n<h2 class=\"wp-block-heading\"><strong>3. Cum colect\u0103m datele dumneavoastr\u0103<\/strong><\/h2>\n\n\n\n<p>Colect\u0103m date prin:<\/p>\n\n\n\n<ul class=\"wp-block-list\">\n<li><strong>Formulare<\/strong>: Atunci c\u00e2nd trimite\u021bi formulare pe site-ul nostru (de exemplu, formulare de contact).<\/li>\n\n\n\n<li><strong>Module cookie \u0219i analiz\u0103<\/strong>: Utiliz\u0103m module cookie \u0219i tehnologii de urm\u0103rire pentru a monitoriza activitatea site-ului \u0219i pentru a colecta informa\u021bii \u00een vederea \u00eembun\u0103t\u0103\u021birii serviciilor noastre.<\/li>\n<\/ul>\n\n\n\n<h2 class=\"wp-block-heading\"><strong>4. Cum folosim datele dumneavoastr\u0103<\/strong><\/h2>\n\n\n\n<p>Datele dumneavoastr\u0103 sunt utilizate \u00een urm\u0103toarele scopuri:<\/p>\n\n\n\n<ul class=\"wp-block-list\">\n<li><strong>Pentru a furniza \u0219i \u00eembun\u0103t\u0103\u021bi serviciile noastre<\/strong>: Utiliz\u0103m informa\u021biile dvs. pentru a comunica cu dvs., pentru a r\u0103spunde solicit\u0103rilor \u0219i pentru a \u00eembun\u0103t\u0103\u021bi site-ul nostru.<\/li>\n\n\n\n<li><strong>Analiz\u0103<\/strong>: Analiz\u0103m modul \u00een care utilizatorii interac\u021bioneaz\u0103 cu site-ul pentru a \u00eembun\u0103t\u0103\u021bi experien\u021ba utilizatorului \u0219i a optimiza con\u021binutul.<\/li>\n\n\n\n<li><strong>Conformitate<\/strong>: Putem utiliza datele dumneavoastr\u0103 pentru a respecta obliga\u021biile legale sau pentru a ne proteja drepturile.<\/li>\n<\/ul>\n\n\n\n<h2 class=\"wp-block-heading\"><strong>5. Temei juridic pentru prelucrarea datelor cu caracter personal<\/strong><\/h2>\n\n\n\n<p>Prelucr\u0103m datele dumneavoastr\u0103 cu caracter personal pe baza urm\u0103toarelor temeiuri juridice:<\/p>\n\n\n\n<ul class=\"wp-block-list\">\n<li><strong>Consim\u021b\u0103m\u00e2nt<\/strong>: Ne-a\u021bi dat consim\u021b\u0103m\u00e2ntul s\u0103 v\u0103 prelucr\u0103m datele cu caracter personal \u00een scopuri specifice (de exemplu, abonarea la buletine informative).<\/li>\n\n\n\n<li><strong>Contract<\/strong>: Prelucrarea este necesar\u0103 pentru executarea unui contract cu dumneavoastr\u0103.<\/li>\n\n\n\n<li><strong>Interes legitim<\/strong>: Prelucr\u0103m datele dvs. pentru a \u00eembun\u0103t\u0103\u021bi site-ul nostru, pentru marketing sau pentru a ne proteja interesele legale.<\/li>\n<\/ul>\n\n\n\n<h2 class=\"wp-block-heading\"><strong>6. Drepturile dumneavoastr\u0103 \u00een temeiul GDPR<\/strong><\/h2>\n\n\n\n<p>\u00cen calitate de persoan\u0103 vizat\u0103, ave\u021bi urm\u0103toarele drepturi:<\/p>\n\n\n\n<ul class=\"wp-block-list\">\n<li><strong>Dreptul de acces<\/strong>: Pute\u021bi solicita accesul la datele dumneavoastr\u0103 cu caracter personal.<\/li>\n\n\n\n<li><strong>Dreptul la rectificare<\/strong>: Ne pute\u021bi solicita s\u0103 corect\u0103m orice date personale inexacte sau incomplete.<\/li>\n\n\n\n<li><strong>Dreptul la \u0219tergere<\/strong>: Pute\u021bi solicita \u0219tergerea datelor dvs. personale \u00een anumite condi\u021bii.<\/li>\n\n\n\n<li><strong>Dreptul la restric\u021bionarea prelucr\u0103rii<\/strong>: Ave\u021bi dreptul de a solicita restric\u021bionarea prelucr\u0103rii datelor dumneavoastr\u0103 cu caracter personal.<\/li>\n\n\n\n<li><strong>Dreptul la portabilitatea datelor<\/strong>: Pute\u021bi solicita s\u0103 v\u0103 transfer\u0103m datele cu caracter personal c\u0103tre un alt furnizor de servicii.<\/li>\n\n\n\n<li><strong>Dreptul la opozi\u021bie<\/strong>: V\u0103 pute\u021bi opune prelucr\u0103rii de c\u0103tre noi a datelor dvs. cu caracter personal pe baza intereselor legitime sau \u00een scopuri de marketing direct.<\/li>\n<\/ul>\n\n\n\n<p>Pentru a exercita oricare dintre aceste drepturi, v\u0103 rug\u0103m s\u0103 ne contacta\u021bi prin intermediul nostru <a href=\"https:\/\/honistaa.net\/ro\/contactati-ne\/\">Pagina de contact<\/a>.<\/p>\n\n\n\n<h2 class=\"wp-block-heading\"><strong>7. P\u0103strarea datelor<\/strong><\/h2>\n\n\n\n<p>P\u0103str\u0103m datele dvs. cu caracter personal numai at\u00e2t timp c\u00e2t este necesar pentru scopurile descrise \u00een aceast\u0103 politic\u0103 sau \u00een conformitate cu legea.<\/p>\n\n\n\n<h2 class=\"wp-block-heading\"><strong>8. Partajarea datelor dvs.<\/strong><\/h2>\n\n\n\n<p>Nu partaj\u0103m, nu vindem \u0219i nu \u00eenchiriem datele dvs. personale c\u0103tre ter\u021bi, cu excep\u021bia cazului \u00een care acest lucru este necesar pentru a v\u0103 furniza servicii sau este impus de lege.<\/p>\n\n\n\n<h2 class=\"wp-block-heading\"><strong>9. Securitatea datelor<\/strong><\/h2>\n\n\n\n<p>Implement\u0103m m\u0103suri de securitate rezonabile pentru a v\u0103 proteja datele personale \u00eempotriva accesului neautorizat, modific\u0103rii, divulg\u0103rii sau distrugerii. Cu toate acestea, nicio platform\u0103 online nu poate garanta securitatea complet\u0103.<\/p>\n\n\n\n<h2 class=\"wp-block-heading\"><strong>10. Leg\u0103turi cu ter\u021be p\u0103r\u021bi<\/strong><\/h2>\n\n\n\n<p>Site-ul nostru poate con\u021bine linkuri c\u0103tre site-uri externe. Nu suntem responsabili pentru politicile sau practicile de confiden\u021bialitate ale site-urilor ter\u021bilor. V\u0103 rug\u0103m s\u0103 consulta\u021bi politicile acestora \u00een mod independent.<\/p>\n\n\n\n<h2 class=\"wp-block-heading\"><strong>11. Transferuri interna\u021bionale<\/strong><\/h2>\n\n\n\n<p>\u00cen cazul \u00een care datele dvs. cu caracter personal sunt transferate \u00een afara Spa\u021biului Economic European (SEE), ne asigur\u0103m c\u0103 acestea sunt protejate prin garan\u021bii adecvate, \u00een conformitate cu cerin\u021bele GDPR.<\/p>\n\n\n\n<h2 class=\"wp-block-heading\"><strong>12. Modific\u0103ri ale prezentei politici de confiden\u021bialitate<\/strong><\/h2>\n\n\n\n<p>Putem actualiza din c\u00e2nd \u00een c\u00e2nd aceast\u0103 Politic\u0103 de confiden\u021bialitate GDPR. Orice modific\u0103ri vor fi postate pe aceast\u0103 pagin\u0103 cu o dat\u0103 de revizuire actualizat\u0103. V\u0103 recomand\u0103m s\u0103 verifica\u021bi aceast\u0103 pagin\u0103 \u00een mod regulat pentru a r\u0103m\u00e2ne informa\u021bi cu privire la orice modific\u0103ri.<\/p>\n\n\n\n<h2 class=\"wp-block-heading\"><strong>13. Contacta\u021bi-ne<\/strong><\/h2>\n\n\n\n<p>Dac\u0103 ave\u021bi \u00eentreb\u0103ri sau nel\u0103muriri cu privire la Politica noastr\u0103 de confiden\u021bialitate GDPR sau la modul \u00een care sunt gestionate datele dumneavoastr\u0103, v\u0103 rug\u0103m s\u0103 ne contacta\u021bi prin intermediul <a href=\"https:\/\/honistaa.net\/ro\/contactati-ne\/\">Pagina de contact<\/a>.<\/p>","protected":false},"excerpt":{"rendered":"<p>La Honista.net, ne angaj\u0103m s\u0103 v\u0103 protej\u0103m confiden\u021bialitatea \u0219i s\u0103 ne asigur\u0103m c\u0103 datele dvs. personale sunt prelucrate \u00een conformitate cu Regulamentul general privind protec\u021bia datelor (GDPR). Aceast\u0103 politic\u0103 prezint\u0103 modul \u00een care colect\u0103m, utiliz\u0103m \u0219i protej\u0103m datele dvs. personale atunci c\u00e2nd vizita\u021bi site-ul nostru. 1. Controlorul de date Controlorul de date responsabil pentru colectarea \u0219i utilizarea...<\/p>","protected":false},"author":1,"featured_media":0,"parent":0,"menu_order":0,"comment_status":"closed","ping_status":"closed","template":"","meta":{"_kad_blocks_custom_css":"","_kad_blocks_head_custom_js":"","_kad_blocks_body_custom_js":"","_kad_blocks_footer_custom_js":"","_kad_post_transparent":"","_kad_post_title":"","_kad_post_layout":"","_kad_post_sidebar_id":"","_kad_post_content_style":"","_kad_post_vertical_padding":"","_kad_post_feature":"","_kad_post_feature_position":"","_kad_post_header":false,"_kad_post_footer":false,"footnotes":""},"class_list":["post-100","page","type-page","status-publish","hentry"],"taxonomy_info":[],"featured_image_src_large":false,"author_info":{"display_name":"Perfect Dev","author_link":"https:\/\/honistaa.net\/ro\/author\/rahulkumarg5469gmail-com\/"},"comment_info":0,"_links":{"self":[{"href":"https:\/\/honistaa.net\/ro\/wp-json\/wp\/v2\/pages\/100","targetHints":{"allow":["GET"]}}],"collection":[{"href":"https:\/\/honistaa.net\/ro\/wp-json\/wp\/v2\/pages"}],"about":[{"href":"https:\/\/honistaa.net\/ro\/wp-json\/wp\/v2\/types\/page"}],"author":[{"embeddable":true,"href":"https:\/\/honistaa.net\/ro\/wp-json\/wp\/v2\/users\/1"}],"replies":[{"embeddable":true,"href":"https:\/\/honistaa.net\/ro\/wp-json\/wp\/v2\/comments?post=100"}],"version-history":[{"count":1,"href":"https:\/\/honistaa.net\/ro\/wp-json\/wp\/v2\/pages\/100\/revisions"}],"predecessor-version":[{"id":101,"href":"https:\/\/honistaa.net\/ro\/wp-json\/wp\/v2\/pages\/100\/revisions\/101"}],"wp:attachment":[{"href":"https:\/\/honistaa.net\/ro\/wp-json\/wp\/v2\/media?parent=100"}],"curies":[{"name":"wp","href":"https:\/\/api.w.org\/{rel}","templated":true}]}}