{"id":98,"date":"2024-09-07T12:02:58","date_gmt":"2024-09-07T12:02:58","guid":{"rendered":"https:\/\/honistaa.net\/?page_id=98"},"modified":"2026-03-21T14:30:49","modified_gmt":"2026-03-21T14:30:49","slug":"isencao-de-responsabilidade","status":"publish","type":"page","link":"https:\/\/honistaa.net\/pt\/isencao-de-responsabilidade\/","title":{"rendered":"Isen\u00e7\u00e3o de responsabilidade"},"content":{"rendered":"<p>As informa\u00e7\u00f5es fornecidas em <strong>Honista.net<\/strong> \u00e9 apenas para fins informativos gerais. Todas as informa\u00e7\u00f5es no site s\u00e3o fornecidas de boa f\u00e9; no entanto, n\u00e3o fazemos representa\u00e7\u00f5es ou garantias de qualquer tipo, expressas ou impl\u00edcitas, com rela\u00e7\u00e3o \u00e0 precis\u00e3o, adequa\u00e7\u00e3o, confiabilidade ou integridade de qualquer informa\u00e7\u00e3o no site.<\/p>\n\n\n\n<h2 class=\"wp-block-heading\"><strong>1. Sem aconselhamento profissional<\/strong><\/h2>\n\n\n\n<p>O conte\u00fado do <strong>Honista.net<\/strong> n\u00e3o se destina a ser um aconselhamento profissional de qualquer tipo. Voc\u00ea n\u00e3o deve confiar nas informa\u00e7\u00f5es do site como um substituto para servi\u00e7os profissionais, como consultoria jur\u00eddica, m\u00e9dica, financeira ou t\u00e9cnica. Sempre procure a orienta\u00e7\u00e3o de um profissional qualificado com rela\u00e7\u00e3o a preocupa\u00e7\u00f5es espec\u00edficas.<\/p>\n\n\n\n<h2 class=\"wp-block-heading\"><strong>2. Isen\u00e7\u00e3o de responsabilidade sobre links externos<\/strong><\/h2>\n\n\n\n<p><strong>Honista.net<\/strong> pode conter links para sites externos que n\u00e3o s\u00e3o fornecidos ou mantidos por n\u00f3s ou de alguma forma afiliados a n\u00f3s. Observe que n\u00e3o garantimos a precis\u00e3o, a relev\u00e2ncia ou a integridade de qualquer informa\u00e7\u00e3o nesses sites externos. A inclus\u00e3o de qualquer link n\u00e3o implica em nosso endosso do site ou de seu conte\u00fado.<\/p>\n\n\n\n<h2 class=\"wp-block-heading\"><strong>3. Responsabilidade do usu\u00e1rio<\/strong><\/h2>\n\n\n\n<p>Todas as a\u00e7\u00f5es que voc\u00ea tomar com base nas informa\u00e7\u00f5es encontradas em <strong>Honista.net<\/strong> s\u00e3o estritamente por sua conta e risco. N\u00e3o seremos responsabilizados por quaisquer perdas, danos ou obriga\u00e7\u00f5es decorrentes do uso do site ou da confian\u00e7a nas informa\u00e7\u00f5es fornecidas.<\/p>\n\n\n\n<h2 class=\"wp-block-heading\"><strong>4. Sem garantias<\/strong><\/h2>\n\n\n\n<p>Embora nos esforcemos para fornecer informa\u00e7\u00f5es precisas e atualizadas, <strong>Honista.net<\/strong> n\u00e3o oferece garantias quanto \u00e0 precis\u00e3o ou integridade do conte\u00fado. O site e seu conte\u00fado s\u00e3o fornecidos \"no estado em que se encontram\" e \"conforme dispon\u00edveis\", sem quaisquer garantias. N\u00f3s nos isentamos de toda responsabilidade por quaisquer erros ou omiss\u00f5es no conte\u00fado.<\/p>\n\n\n\n<h2 class=\"wp-block-heading\"><strong>5. Sem responsabilidade<\/strong><\/h2>\n\n\n\n<p>Em nenhuma hip\u00f3tese <strong>Honista.net<\/strong>seus propriet\u00e1rios, afiliados ou funcion\u00e1rios sejam responsabilizados por quaisquer danos diretos, indiretos, consequenciais ou incidentais decorrentes ou relacionados ao uso ou \u00e0 incapacidade de uso do site ou de qualquer conte\u00fado vinculado.<\/p>\n\n\n\n<h2 class=\"wp-block-heading\"><strong>6. Altera\u00e7\u00f5es no aviso de isen\u00e7\u00e3o de responsabilidade<\/strong><\/h2>\n\n\n\n<p><strong>Honista.net<\/strong> reserva-se o direito de fazer altera\u00e7\u00f5es ou atualiza\u00e7\u00f5es nesta isen\u00e7\u00e3o de responsabilidade a qualquer momento. Ao continuar a usar o site, voc\u00ea aceita e concorda em cumprir os termos atualizados.<\/p>\n\n\n\n<h2 class=\"wp-block-heading\"><strong>7. Entre em contato conosco<\/strong><\/h2>\n\n\n\n<p>Em caso de d\u00favidas ou preocupa\u00e7\u00f5es sobre este Aviso Legal, entre em contato conosco por meio de <a href=\"https:\/\/honistaa.net\/pt\/entre-em-contato-conosco\/\">P\u00e1gina de contato<\/a>.<\/p>","protected":false},"excerpt":{"rendered":"<p>As informa\u00e7\u00f5es fornecidas no Honista.net s\u00e3o apenas para fins informativos gerais. Todas as informa\u00e7\u00f5es no site s\u00e3o fornecidas de boa f\u00e9; no entanto, n\u00e3o fazemos representa\u00e7\u00f5es ou garantias de qualquer tipo, expressas ou impl\u00edcitas, com rela\u00e7\u00e3o \u00e0 precis\u00e3o, adequa\u00e7\u00e3o, confiabilidade ou integridade de qualquer informa\u00e7\u00e3o no site. 1. Sem aconselhamento profissional O conte\u00fado do Honista.net...<\/p>","protected":false},"author":1,"featured_media":0,"parent":0,"menu_order":0,"comment_status":"closed","ping_status":"closed","template":"","meta":{"_kad_blocks_custom_css":"","_kad_blocks_head_custom_js":"","_kad_blocks_body_custom_js":"","_kad_blocks_footer_custom_js":"","_kad_post_transparent":"","_kad_post_title":"","_kad_post_layout":"","_kad_post_sidebar_id":"","_kad_post_content_style":"","_kad_post_vertical_padding":"","_kad_post_feature":"","_kad_post_feature_position":"","_kad_post_header":false,"_kad_post_footer":false,"footnotes":""},"class_list":["post-98","page","type-page","status-publish","hentry"],"taxonomy_info":[],"featured_image_src_large":false,"author_info":{"display_name":"Perfect Dev","author_link":"https:\/\/honistaa.net\/pt\/author\/rahulkumarg5469gmail-com\/"},"comment_info":0,"_links":{"self":[{"href":"https:\/\/honistaa.net\/pt\/wp-json\/wp\/v2\/pages\/98","targetHints":{"allow":["GET"]}}],"collection":[{"href":"https:\/\/honistaa.net\/pt\/wp-json\/wp\/v2\/pages"}],"about":[{"href":"https:\/\/honistaa.net\/pt\/wp-json\/wp\/v2\/types\/page"}],"author":[{"embeddable":true,"href":"https:\/\/honistaa.net\/pt\/wp-json\/wp\/v2\/users\/1"}],"replies":[{"embeddable":true,"href":"https:\/\/honistaa.net\/pt\/wp-json\/wp\/v2\/comments?post=98"}],"version-history":[{"count":1,"href":"https:\/\/honistaa.net\/pt\/wp-json\/wp\/v2\/pages\/98\/revisions"}],"predecessor-version":[{"id":99,"href":"https:\/\/honistaa.net\/pt\/wp-json\/wp\/v2\/pages\/98\/revisions\/99"}],"wp:attachment":[{"href":"https:\/\/honistaa.net\/pt\/wp-json\/wp\/v2\/media?parent=98"}],"curies":[{"name":"wp","href":"https:\/\/api.w.org\/{rel}","templated":true}]}}