{"id":91,"date":"2024-09-07T11:56:12","date_gmt":"2024-09-07T11:56:12","guid":{"rendered":"https:\/\/honistaa.net\/?page_id=91"},"modified":"2026-03-21T14:30:21","modified_gmt":"2026-03-21T14:30:21","slug":"sobre-nos","status":"publish","type":"page","link":"https:\/\/honistaa.net\/pt\/sobre-nos\/","title":{"rendered":"Sobre n\u00f3s"},"content":{"rendered":"<p>Bem-vindo ao Honistaa.net!<\/p>\n\n\n\n<p>Somos muito gratos a todos voc\u00eas, pois o amor que demonstraram pelo Honista n\u00e3o pode ser descrito em palavras, portanto, neste site, voc\u00eas ter\u00e3o acesso \u00e0s seguintes coisas<\/p>\n\n\n\n<ul class=\"wp-block-list\">\n<li>Detalhes da vers\u00e3o mais recente do Honista<\/li>\n\n\n\n<li>Pr\u00f3ximas vers\u00f5es da atualiza\u00e7\u00e3o do Honista<\/li>\n\n\n\n<li>Todas as vers\u00f5es antigas do Honista<\/li>\n\n\n\n<li>Tutoriais de corre\u00e7\u00e3o de bugs<\/li>\n<\/ul>\n\n\n\n<p>Se voc\u00ea n\u00e3o tiver certeza sobre o Honista, por favor <a href=\"https:\/\/honistaa.net\/pt\/entre-em-contato-conosco\/\">Entre em contato conosco<\/a>.<\/p>","protected":false},"excerpt":{"rendered":"<p>Bem-vindo ao Honistaa.net! Somos muito gratos a todos voc\u00eas, pois o amor que demonstraram pelo Honista n\u00e3o pode ser descrito em palavras. Por isso, neste site, voc\u00ea ter\u00e1 acesso aos seguintes itens - Se n\u00e3o tiver certeza sobre o Honista, entre em contato conosco.<\/p>","protected":false},"author":1,"featured_media":0,"parent":0,"menu_order":0,"comment_status":"closed","ping_status":"closed","template":"","meta":{"_kad_blocks_custom_css":"","_kad_blocks_head_custom_js":"","_kad_blocks_body_custom_js":"","_kad_blocks_footer_custom_js":"","_kad_post_transparent":"","_kad_post_title":"","_kad_post_layout":"","_kad_post_sidebar_id":"","_kad_post_content_style":"","_kad_post_vertical_padding":"","_kad_post_feature":"","_kad_post_feature_position":"","_kad_post_header":false,"_kad_post_footer":false,"footnotes":""},"class_list":["post-91","page","type-page","status-publish","hentry"],"taxonomy_info":[],"featured_image_src_large":false,"author_info":{"display_name":"Perfect Dev","author_link":"https:\/\/honistaa.net\/pt\/author\/rahulkumarg5469gmail-com\/"},"comment_info":0,"_links":{"self":[{"href":"https:\/\/honistaa.net\/pt\/wp-json\/wp\/v2\/pages\/91","targetHints":{"allow":["GET"]}}],"collection":[{"href":"https:\/\/honistaa.net\/pt\/wp-json\/wp\/v2\/pages"}],"about":[{"href":"https:\/\/honistaa.net\/pt\/wp-json\/wp\/v2\/types\/page"}],"author":[{"embeddable":true,"href":"https:\/\/honistaa.net\/pt\/wp-json\/wp\/v2\/users\/1"}],"replies":[{"embeddable":true,"href":"https:\/\/honistaa.net\/pt\/wp-json\/wp\/v2\/comments?post=91"}],"version-history":[{"count":1,"href":"https:\/\/honistaa.net\/pt\/wp-json\/wp\/v2\/pages\/91\/revisions"}],"predecessor-version":[{"id":92,"href":"https:\/\/honistaa.net\/pt\/wp-json\/wp\/v2\/pages\/91\/revisions\/92"}],"wp:attachment":[{"href":"https:\/\/honistaa.net\/pt\/wp-json\/wp\/v2\/media?parent=91"}],"curies":[{"name":"wp","href":"https:\/\/api.w.org\/{rel}","templated":true}]}}