{"id":102,"date":"2024-09-07T12:09:46","date_gmt":"2024-09-07T12:09:46","guid":{"rendered":"https:\/\/honistaa.net\/?page_id=102"},"modified":"2026-03-21T14:30:53","modified_gmt":"2026-03-21T14:30:53","slug":"dmca","status":"publish","type":"page","link":"https:\/\/honistaa.net\/pt\/dmca\/","title":{"rendered":"DMCA"},"content":{"rendered":"<p>Em <strong>Honista.net<\/strong>Na Brics, respeitamos os direitos de propriedade intelectual de terceiros e esperamos que nossos usu\u00e1rios fa\u00e7am o mesmo. De acordo com a Lei de Direitos Autorais do Mil\u00eanio Digital (DMCA), \u00e9 nossa pol\u00edtica responder a avisos claros de suposta viola\u00e7\u00e3o de direitos autorais. Esta Pol\u00edtica DMCA descreve o processo para nos notificar sobre poss\u00edveis viola\u00e7\u00f5es de direitos autorais e nossas a\u00e7\u00f5es ao receber tais notifica\u00e7\u00f5es.<\/p>\n\n\n\n<h2 class=\"wp-block-heading\"><strong>1. Notifica\u00e7\u00e3o de viola\u00e7\u00e3o de direitos autorais<\/strong><\/h2>\n\n\n\n<p>Se voc\u00ea acredita que o conte\u00fado do <strong>Honista.net<\/strong> infringe seus direitos autorais, voc\u00ea pode enviar uma notifica\u00e7\u00e3o por escrito, de acordo com a DMCA, ao nosso Agente de Direitos Autorais Designado. A notifica\u00e7\u00e3o deve incluir as seguintes informa\u00e7\u00f5es:<\/p>\n\n\n\n<ul class=\"wp-block-list\">\n<li><strong>Suas informa\u00e7\u00f5es de contato<\/strong>: Seu nome completo, endere\u00e7o, n\u00famero de telefone e endere\u00e7o de e-mail.<\/li>\n\n\n\n<li><strong>Identifica\u00e7\u00e3o do trabalho protegido por direitos autorais<\/strong>: Uma descri\u00e7\u00e3o do trabalho protegido por direitos autorais que voc\u00ea alega ter sido violado, incluindo o URL ou o local espec\u00edfico onde o conte\u00fado est\u00e1 localizado.<\/li>\n\n\n\n<li><strong>Declara\u00e7\u00e3o de propriedade<\/strong>: Uma declara\u00e7\u00e3o de que voc\u00ea \u00e9 o propriet\u00e1rio dos direitos autorais ou est\u00e1 autorizado a agir em nome do propriet\u00e1rio dos direitos autorais que supostamente foram violados.<\/li>\n\n\n\n<li><strong>Cren\u00e7a de boa f\u00e9<\/strong>: Uma declara\u00e7\u00e3o de que voc\u00ea acredita de boa-f\u00e9 que o uso do material da maneira reclamada n\u00e3o est\u00e1 autorizado pelo propriet\u00e1rio dos direitos autorais, seu agente ou pela lei.<\/li>\n\n\n\n<li><strong>Assinatura<\/strong>: Uma assinatura f\u00edsica ou eletr\u00f4nica do propriet\u00e1rio dos direitos autorais ou de uma pessoa autorizada a agir em seu nome.<\/li>\n<\/ul>\n\n\n\n<p>Envie avisos de remo\u00e7\u00e3o DMCA para - <a href=\"https:\/\/honistaa.net\/pt\/entre-em-contato-conosco\/\">Entre em contato conosco<\/a><\/p>\n\n\n\n<p><strong>Linha de assunto:<\/strong> Solicita\u00e7\u00e3o de remo\u00e7\u00e3o DMCA<\/p>\n\n\n\n<h2 class=\"wp-block-heading\"><strong>2. Processo de contranotifica\u00e7\u00e3o<\/strong><\/h2>\n\n\n\n<p>Se voc\u00ea acredita que o conte\u00fado que publicou no <strong>Honista.net<\/strong> foi removido ou desativado por engano ou identifica\u00e7\u00e3o incorreta, voc\u00ea pode registrar uma contranotifica\u00e7\u00e3o. A contranotifica\u00e7\u00e3o deve incluir os seguintes detalhes:<\/p>\n\n\n\n<ul class=\"wp-block-list\">\n<li><strong>Suas informa\u00e7\u00f5es de contato<\/strong>: Seu nome completo, endere\u00e7o, n\u00famero de telefone e endere\u00e7o de e-mail.<\/li>\n\n\n\n<li><strong>Identifica\u00e7\u00e3o do material removido<\/strong>: Uma descri\u00e7\u00e3o do material que foi removido ou desativado e o local onde ele aparecia antes de ser removido.<\/li>\n\n\n\n<li><strong>Declara\u00e7\u00e3o de boa f\u00e9<\/strong>: Uma declara\u00e7\u00e3o, sob pena de perj\u00fario, de que voc\u00ea acredita de boa f\u00e9 que o conte\u00fado foi removido ou desativado como resultado de erro ou identifica\u00e7\u00e3o incorreta.<\/li>\n\n\n\n<li><strong>Consentimento com a jurisdi\u00e7\u00e3o<\/strong>: Uma declara\u00e7\u00e3o de que voc\u00ea concorda com a jurisdi\u00e7\u00e3o do Tribunal Distrital Federal em seu distrito ou, se estiver fora dos Estados Unidos, com a jurisdi\u00e7\u00e3o do distrito onde <strong>Honista.net<\/strong> est\u00e1 localizado e que voc\u00ea aceitar\u00e1 o servi\u00e7o de processo da parte que apresentou a reclama\u00e7\u00e3o original da DMCA.<\/li>\n\n\n\n<li><strong>Assinatura<\/strong>: Uma assinatura f\u00edsica ou eletr\u00f4nica da parte que envia a contranotifica\u00e7\u00e3o.<\/li>\n<\/ul>\n\n\n\n<p>Envie contranotifica\u00e7\u00f5es por meio de nosso <a href=\"https:\/\/honistaa.net\/pt\/entre-em-contato-conosco\/\">p\u00e1gina de contato<\/a>.<\/p>\n\n\n\n<h2 class=\"wp-block-heading\"><strong>3. Infratores reincidentes<\/strong><\/h2>\n\n\n\n<p>\u00c9 nossa pol\u00edtica encerrar, em circunst\u00e2ncias apropriadas, os usu\u00e1rios ou titulares de contas que sejam infratores reincidentes de direitos autorais.<\/p>\n\n\n\n<h2 class=\"wp-block-heading\"><strong>4. Declara\u00e7\u00f5es falsas<\/strong><\/h2>\n\n\n\n<p>Esteja ciente de que, de acordo com a DMCA, qualquer pessoa que conscientemente deturpe um material ou atividade como infrator pode estar sujeita a responsabilidade. Isso inclui o envio de falsos avisos de remo\u00e7\u00e3o DMCA ou falsas contra-notifica\u00e7\u00f5es. Se n\u00e3o tiver certeza se o material infringe seus direitos autorais, consulte um advogado antes de prosseguir.<\/p>\n\n\n\n<h2 class=\"wp-block-heading\"><strong>5. Modifica\u00e7\u00f5es<\/strong><\/h2>\n\n\n\n<p><strong>Honista.net<\/strong> reserva-se o direito de modificar esta Pol\u00edtica de DMCA a qualquer momento. Quaisquer altera\u00e7\u00f5es ser\u00e3o publicadas nesta p\u00e1gina com uma data de revis\u00e3o atualizada.<\/p>\n\n\n\n<h2 class=\"wp-block-heading\"><strong>6. Entre em contato conosco<\/strong><\/h2>\n\n\n\n<p>Em caso de d\u00favidas sobre esta Pol\u00edtica de DMCA, entre em contato conosco por meio de nosso <a href=\"https:\/\/honistaa.net\/pt\/entre-em-contato-conosco\/\">P\u00e1gina de contato<\/a>.<\/p>","protected":false},"excerpt":{"rendered":"<p>No Honista.net, respeitamos os direitos de propriedade intelectual de terceiros e esperamos que nossos usu\u00e1rios fa\u00e7am o mesmo. De acordo com a Lei de Direitos Autorais do Mil\u00eanio Digital (DMCA), \u00e9 nossa pol\u00edtica responder a avisos claros de suposta viola\u00e7\u00e3o de direitos autorais. Esta Pol\u00edtica DMCA descreve o processo para nos notificar sobre poss\u00edveis viola\u00e7\u00f5es de direitos autorais e nossa...<\/p>","protected":false},"author":1,"featured_media":0,"parent":0,"menu_order":0,"comment_status":"closed","ping_status":"closed","template":"","meta":{"_kad_blocks_custom_css":"","_kad_blocks_head_custom_js":"","_kad_blocks_body_custom_js":"","_kad_blocks_footer_custom_js":"","_kad_post_transparent":"","_kad_post_title":"","_kad_post_layout":"","_kad_post_sidebar_id":"","_kad_post_content_style":"","_kad_post_vertical_padding":"","_kad_post_feature":"","_kad_post_feature_position":"","_kad_post_header":false,"_kad_post_footer":false,"footnotes":""},"class_list":["post-102","page","type-page","status-publish","hentry"],"taxonomy_info":[],"featured_image_src_large":false,"author_info":{"display_name":"Perfect Dev","author_link":"https:\/\/honistaa.net\/pt\/author\/rahulkumarg5469gmail-com\/"},"comment_info":0,"_links":{"self":[{"href":"https:\/\/honistaa.net\/pt\/wp-json\/wp\/v2\/pages\/102","targetHints":{"allow":["GET"]}}],"collection":[{"href":"https:\/\/honistaa.net\/pt\/wp-json\/wp\/v2\/pages"}],"about":[{"href":"https:\/\/honistaa.net\/pt\/wp-json\/wp\/v2\/types\/page"}],"author":[{"embeddable":true,"href":"https:\/\/honistaa.net\/pt\/wp-json\/wp\/v2\/users\/1"}],"replies":[{"embeddable":true,"href":"https:\/\/honistaa.net\/pt\/wp-json\/wp\/v2\/comments?post=102"}],"version-history":[{"count":1,"href":"https:\/\/honistaa.net\/pt\/wp-json\/wp\/v2\/pages\/102\/revisions"}],"predecessor-version":[{"id":103,"href":"https:\/\/honistaa.net\/pt\/wp-json\/wp\/v2\/pages\/102\/revisions\/103"}],"wp:attachment":[{"href":"https:\/\/honistaa.net\/pt\/wp-json\/wp\/v2\/media?parent=102"}],"curies":[{"name":"wp","href":"https:\/\/api.w.org\/{rel}","templated":true}]}}