{"id":98,"date":"2024-09-07T12:02:58","date_gmt":"2024-09-07T12:02:58","guid":{"rendered":"https:\/\/honistaa.net\/?page_id=98"},"modified":"2026-03-21T14:30:49","modified_gmt":"2026-03-21T14:30:49","slug":"wylaczenie-odpowiedzialnosci","status":"publish","type":"page","link":"https:\/\/honistaa.net\/pl\/wylaczenie-odpowiedzialnosci\/","title":{"rendered":"Zastrze\u017cenie"},"content":{"rendered":"<p>Informacje podane na stronie <strong>Honista.net<\/strong> s\u0142u\u017cy wy\u0142\u0105cznie do og\u00f3lnych cel\u00f3w informacyjnych. Wszystkie informacje na stronie s\u0105 dostarczane w dobrej wierze; jednak\u017ce nie sk\u0142adamy \u017cadnych o\u015bwiadcze\u0144 ani gwarancji jakiegokolwiek rodzaju, wyra\u017anych lub dorozumianych, dotycz\u0105cych dok\u0142adno\u015bci, adekwatno\u015bci, wiarygodno\u015bci lub kompletno\u015bci jakichkolwiek informacji na stronie.<\/p>\n\n\n\n<h2 class=\"wp-block-heading\"><strong>1. Brak profesjonalnej porady<\/strong><\/h2>\n\n\n\n<p>Zawarto\u015b\u0107 <strong>Honista.net<\/strong> nie stanowi profesjonalnej porady jakiegokolwiek rodzaju. Nie nale\u017cy polega\u0107 na informacjach zawartych na stronie internetowej jako substytucie profesjonalnych us\u0142ug, takich jak porady prawne, medyczne, finansowe lub techniczne. W przypadku konkretnych w\u0105tpliwo\u015bci nale\u017cy zawsze zasi\u0119gn\u0105\u0107 porady wykwalifikowanego specjalisty.<\/p>\n\n\n\n<h2 class=\"wp-block-heading\"><strong>2. Zastrze\u017cenie dotycz\u0105ce link\u00f3w zewn\u0119trznych<\/strong><\/h2>\n\n\n\n<p><strong>Honista.net<\/strong> mo\u017ce zawiera\u0107 \u0142\u0105cza do zewn\u0119trznych witryn internetowych, kt\u00f3re nie s\u0105 dostarczane ani utrzymywane przez nas ani w \u017caden spos\u00f3b z nami powi\u0105zane. Nale\u017cy pami\u0119ta\u0107, \u017ce nie gwarantujemy dok\u0142adno\u015bci, trafno\u015bci ani kompletno\u015bci jakichkolwiek informacji na tych zewn\u0119trznych stronach internetowych. W\u0142\u0105czenie jakiegokolwiek linku nie oznacza naszego poparcia dla strony lub jej zawarto\u015bci.<\/p>\n\n\n\n<h2 class=\"wp-block-heading\"><strong>3. Odpowiedzialno\u015b\u0107 u\u017cytkownika<\/strong><\/h2>\n\n\n\n<p>Wszelkie dzia\u0142ania podejmowane na podstawie informacji znalezionych na stronie <strong>Honista.net<\/strong> odbywa si\u0119 wy\u0142\u0105cznie na w\u0142asne ryzyko u\u017cytkownika. Nie ponosimy odpowiedzialno\u015bci za jakiekolwiek straty, szkody lub zobowi\u0105zania wynikaj\u0105ce z korzystania z witryny lub polegania na dostarczonych informacjach.<\/p>\n\n\n\n<h2 class=\"wp-block-heading\"><strong>4. Brak gwarancji<\/strong><\/h2>\n\n\n\n<p>Staramy si\u0119 dostarcza\u0107 dok\u0142adne i aktualne informacje, <strong>Honista.net<\/strong> nie udziela \u017cadnych gwarancji dotycz\u0105cych dok\u0142adno\u015bci lub kompletno\u015bci tre\u015bci. Witryna i jej zawarto\u015b\u0107 s\u0105 dostarczane \"w stanie, w jakim si\u0119 znajduj\u0105\" i \"w miar\u0119 dost\u0119pno\u015bci\" bez \u017cadnych gwarancji. Zrzekamy si\u0119 wszelkiej odpowiedzialno\u015bci za jakiekolwiek b\u0142\u0119dy lub pomini\u0119cia w tre\u015bci.<\/p>\n\n\n\n<h2 class=\"wp-block-heading\"><strong>5. Brak odpowiedzialno\u015bci<\/strong><\/h2>\n\n\n\n<p>W \u017cadnym wypadku <strong>Honista.net<\/strong>, jej w\u0142a\u015bciciele, podmioty stowarzyszone lub pracownicy nie ponosz\u0105 odpowiedzialno\u015bci za jakiekolwiek bezpo\u015brednie, po\u015brednie, wynikowe lub przypadkowe szkody wynikaj\u0105ce z lub zwi\u0105zane z korzystaniem lub niemo\u017cno\u015bci\u0105 korzystania z witryny lub jakiejkolwiek powi\u0105zanej tre\u015bci.<\/p>\n\n\n\n<h2 class=\"wp-block-heading\"><strong>6. Zmiany w wy\u0142\u0105czeniu odpowiedzialno\u015bci<\/strong><\/h2>\n\n\n\n<p><strong>Honista.net<\/strong> zastrzega sobie prawo do wprowadzania zmian lub aktualizacji niniejszego zastrze\u017cenia w dowolnym momencie. Kontynuuj\u0105c korzystanie z witryny, u\u017cytkownik akceptuje i zgadza si\u0119 przestrzega\u0107 zaktualizowanych warunk\u00f3w.<\/p>\n\n\n\n<h2 class=\"wp-block-heading\"><strong>7. Kontakt<\/strong><\/h2>\n\n\n\n<p>W przypadku jakichkolwiek pyta\u0144 lub w\u0105tpliwo\u015bci dotycz\u0105cych niniejszego Zastrze\u017cenia, prosimy o kontakt za po\u015brednictwem naszej strony internetowej. <a href=\"https:\/\/honistaa.net\/pl\/skontaktuj-sie-z-nami\/\">Strona kontaktowa<\/a>.<\/p>","protected":false},"excerpt":{"rendered":"<p>Informacje podane na stronie Honista.net s\u0142u\u017c\u0105 wy\u0142\u0105cznie do og\u00f3lnych cel\u00f3w informacyjnych. Wszystkie informacje na stronie s\u0105 dostarczane w dobrej wierze; jednak\u017ce nie sk\u0142adamy \u017cadnych o\u015bwiadcze\u0144 ani gwarancji jakiegokolwiek rodzaju, wyra\u017anych lub dorozumianych, dotycz\u0105cych dok\u0142adno\u015bci, adekwatno\u015bci, wiarygodno\u015bci lub kompletno\u015bci jakichkolwiek informacji na stronie. 1. Brak profesjonalnych porad Tre\u015bci na Honista.net...<\/p>","protected":false},"author":1,"featured_media":0,"parent":0,"menu_order":0,"comment_status":"closed","ping_status":"closed","template":"","meta":{"_kad_blocks_custom_css":"","_kad_blocks_head_custom_js":"","_kad_blocks_body_custom_js":"","_kad_blocks_footer_custom_js":"","_kad_post_transparent":"","_kad_post_title":"","_kad_post_layout":"","_kad_post_sidebar_id":"","_kad_post_content_style":"","_kad_post_vertical_padding":"","_kad_post_feature":"","_kad_post_feature_position":"","_kad_post_header":false,"_kad_post_footer":false,"footnotes":""},"class_list":["post-98","page","type-page","status-publish","hentry"],"taxonomy_info":[],"featured_image_src_large":false,"author_info":{"display_name":"Perfect Dev","author_link":"https:\/\/honistaa.net\/pl\/author\/rahulkumarg5469gmail-com\/"},"comment_info":0,"_links":{"self":[{"href":"https:\/\/honistaa.net\/pl\/wp-json\/wp\/v2\/pages\/98","targetHints":{"allow":["GET"]}}],"collection":[{"href":"https:\/\/honistaa.net\/pl\/wp-json\/wp\/v2\/pages"}],"about":[{"href":"https:\/\/honistaa.net\/pl\/wp-json\/wp\/v2\/types\/page"}],"author":[{"embeddable":true,"href":"https:\/\/honistaa.net\/pl\/wp-json\/wp\/v2\/users\/1"}],"replies":[{"embeddable":true,"href":"https:\/\/honistaa.net\/pl\/wp-json\/wp\/v2\/comments?post=98"}],"version-history":[{"count":1,"href":"https:\/\/honistaa.net\/pl\/wp-json\/wp\/v2\/pages\/98\/revisions"}],"predecessor-version":[{"id":99,"href":"https:\/\/honistaa.net\/pl\/wp-json\/wp\/v2\/pages\/98\/revisions\/99"}],"wp:attachment":[{"href":"https:\/\/honistaa.net\/pl\/wp-json\/wp\/v2\/media?parent=98"}],"curies":[{"name":"wp","href":"https:\/\/api.w.org\/{rel}","templated":true}]}}