{"id":91,"date":"2024-09-07T11:56:12","date_gmt":"2024-09-07T11:56:12","guid":{"rendered":"https:\/\/honistaa.net\/?page_id=91"},"modified":"2026-03-21T14:30:21","modified_gmt":"2026-03-21T14:30:21","slug":"o-nas","status":"publish","type":"page","link":"https:\/\/honistaa.net\/pl\/o-nas\/","title":{"rendered":"O nas"},"content":{"rendered":"<p>Witamy na Honistaa.net!<\/p>\n\n\n\n<p>Jeste\u015bmy bardzo wdzi\u0119czni Wam wszystkim, poniewa\u017c mi\u0142o\u015bci, jak\u0105 okazali\u015bcie Honista, nie da si\u0119 opisa\u0107 s\u0142owami, dlatego na tej stronie internetowej otrzymacie nast\u0119puj\u0105ce rzeczy -<\/p>\n\n\n\n<ul class=\"wp-block-list\">\n<li>Szczeg\u00f3\u0142y najnowszej wersji Honista<\/li>\n\n\n\n<li>Nadchodz\u0105ce wersje aktualizacji Honista<\/li>\n\n\n\n<li>Wszystkie stare wersje Honista<\/li>\n\n\n\n<li>Samouczki naprawiaj\u0105ce b\u0142\u0119dy<\/li>\n<\/ul>\n\n\n\n<p>Je\u015bli nie masz pewno\u015bci co do Honista, prosz\u0119 <a href=\"https:\/\/honistaa.net\/pl\/skontaktuj-sie-z-nami\/\">skontaktuj si\u0119 z nami<\/a>.<\/p>","protected":false},"excerpt":{"rendered":"<p>Witamy na Honistaa.net! Jeste\u015bmy bardzo wdzi\u0119czni Wam wszystkim, poniewa\u017c mi\u0142o\u015bci, jak\u0105 okazali\u015bcie Honista, nie da si\u0119 opisa\u0107 s\u0142owami, dlatego na tej stronie znajdziecie nast\u0119puj\u0105ce rzeczy - Je\u015bli nie masz pewno\u015bci co do Honista, skontaktuj si\u0119 z nami.<\/p>","protected":false},"author":1,"featured_media":0,"parent":0,"menu_order":0,"comment_status":"closed","ping_status":"closed","template":"","meta":{"_kad_blocks_custom_css":"","_kad_blocks_head_custom_js":"","_kad_blocks_body_custom_js":"","_kad_blocks_footer_custom_js":"","_kad_post_transparent":"","_kad_post_title":"","_kad_post_layout":"","_kad_post_sidebar_id":"","_kad_post_content_style":"","_kad_post_vertical_padding":"","_kad_post_feature":"","_kad_post_feature_position":"","_kad_post_header":false,"_kad_post_footer":false,"footnotes":""},"class_list":["post-91","page","type-page","status-publish","hentry"],"taxonomy_info":[],"featured_image_src_large":false,"author_info":{"display_name":"Perfect Dev","author_link":"https:\/\/honistaa.net\/pl\/author\/rahulkumarg5469gmail-com\/"},"comment_info":0,"_links":{"self":[{"href":"https:\/\/honistaa.net\/pl\/wp-json\/wp\/v2\/pages\/91","targetHints":{"allow":["GET"]}}],"collection":[{"href":"https:\/\/honistaa.net\/pl\/wp-json\/wp\/v2\/pages"}],"about":[{"href":"https:\/\/honistaa.net\/pl\/wp-json\/wp\/v2\/types\/page"}],"author":[{"embeddable":true,"href":"https:\/\/honistaa.net\/pl\/wp-json\/wp\/v2\/users\/1"}],"replies":[{"embeddable":true,"href":"https:\/\/honistaa.net\/pl\/wp-json\/wp\/v2\/comments?post=91"}],"version-history":[{"count":1,"href":"https:\/\/honistaa.net\/pl\/wp-json\/wp\/v2\/pages\/91\/revisions"}],"predecessor-version":[{"id":92,"href":"https:\/\/honistaa.net\/pl\/wp-json\/wp\/v2\/pages\/91\/revisions\/92"}],"wp:attachment":[{"href":"https:\/\/honistaa.net\/pl\/wp-json\/wp\/v2\/media?parent=91"}],"curies":[{"name":"wp","href":"https:\/\/api.w.org\/{rel}","templated":true}]}}