{"id":102,"date":"2024-09-07T12:09:46","date_gmt":"2024-09-07T12:09:46","guid":{"rendered":"https:\/\/honistaa.net\/?page_id=102"},"modified":"2026-03-21T14:30:53","modified_gmt":"2026-03-21T14:30:53","slug":"dmca","status":"publish","type":"page","link":"https:\/\/honistaa.net\/pl\/dmca\/","title":{"rendered":"DMCA"},"content":{"rendered":"<p>Przy <strong>Honista.net<\/strong>Szanujemy prawa w\u0142asno\u015bci intelektualnej innych os\u00f3b i oczekujemy tego samego od naszych u\u017cytkownik\u00f3w. Zgodnie z ustaw\u0105 Digital Millennium Copyright Act (DMCA), nasz\u0105 polityk\u0105 jest reagowanie na wyra\u017ane powiadomienia o domniemanym naruszeniu praw autorskich. Niniejsza Polityka DMCA okre\u015bla proces powiadamiania nas o potencjalnych naruszeniach praw autorskich oraz nasze dzia\u0142ania po otrzymaniu takich powiadomie\u0144.<\/p>\n\n\n\n<h2 class=\"wp-block-heading\"><strong>1. Powiadomienie o naruszeniu praw autorskich<\/strong><\/h2>\n\n\n\n<p>Je\u015bli uwa\u017casz, \u017ce tre\u015bci na <strong>Honista.net<\/strong> narusza Twoje prawa autorskie, mo\u017cesz przes\u0142a\u0107 pisemne powiadomienie zgodnie z DMCA do naszego wyznaczonego agenta ds. praw autorskich. Powiadomienie musi zawiera\u0107 nast\u0119puj\u0105ce informacje:<\/p>\n\n\n\n<ul class=\"wp-block-list\">\n<li><strong>Dane kontaktowe u\u017cytkownika<\/strong>: Imi\u0119 i nazwisko, adres, numer telefonu i adres e-mail.<\/li>\n\n\n\n<li><strong>Identyfikacja utworu chronionego prawem autorskim<\/strong>: Opis utworu chronionego prawem autorskim, kt\u00f3ry zdaniem u\u017cytkownika zosta\u0142 naruszony, w tym adres URL lub konkretn\u0105 lokalizacj\u0119, w kt\u00f3rej znajduje si\u0119 tre\u015b\u0107.<\/li>\n\n\n\n<li><strong>O\u015bwiadczenie o w\u0142asno\u015bci<\/strong>: O\u015bwiadczenie, \u017ce jeste\u015b w\u0142a\u015bcicielem praw autorskich lub jeste\u015b upowa\u017cniony do dzia\u0142ania w imieniu w\u0142a\u015bciciela praw autorskich, kt\u00f3re rzekomo zosta\u0142y naruszone.<\/li>\n\n\n\n<li><strong>Wiara w dobrej wierze<\/strong>: O\u015bwiadczenie, \u017ce u\u017cytkownik jest w dobrej wierze przekonany, \u017ce wykorzystanie materia\u0142u w spos\u00f3b, kt\u00f3rego dotyczy skarga, nie jest autoryzowane przez w\u0142a\u015bciciela praw autorskich, jego przedstawiciela lub prawo.<\/li>\n\n\n\n<li><strong>Podpis<\/strong>: Fizyczny lub elektroniczny podpis w\u0142a\u015bciciela praw autorskich lub osoby upowa\u017cnionej do dzia\u0142ania w jego imieniu.<\/li>\n<\/ul>\n\n\n\n<p>Prosimy o wysy\u0142anie powiadomie\u0144 DMCA na adres - <a href=\"https:\/\/honistaa.net\/pl\/skontaktuj-sie-z-nami\/\">Kontakt<\/a><\/p>\n\n\n\n<p><strong>Temat:<\/strong> Wniosek o usuni\u0119cie DMCA<\/p>\n\n\n\n<h2 class=\"wp-block-heading\"><strong>2. Proces kontrpowiadomienia<\/strong><\/h2>\n\n\n\n<p>Je\u015bli uwa\u017casz, \u017ce tre\u015bci opublikowane na <strong>Honista.net<\/strong> zosta\u0142 usuni\u0119ty lub wy\u0142\u0105czony przez pomy\u0142k\u0119 lub b\u0142\u0119dn\u0105 identyfikacj\u0119, u\u017cytkownik mo\u017ce z\u0142o\u017cy\u0107 kontr-zg\u0142oszenie. Zg\u0142oszenie wzajemne musi zawiera\u0107 nast\u0119puj\u0105ce szczeg\u00f3\u0142y:<\/p>\n\n\n\n<ul class=\"wp-block-list\">\n<li><strong>Dane kontaktowe u\u017cytkownika<\/strong>: Imi\u0119 i nazwisko, adres, numer telefonu i adres e-mail.<\/li>\n\n\n\n<li><strong>Identyfikacja usuni\u0119tego materia\u0142u<\/strong>: Opis materia\u0142u, kt\u00f3ry zosta\u0142 usuni\u0119ty lub wy\u0142\u0105czony, oraz lokalizacja, w kt\u00f3rej by\u0142 wy\u015bwietlany przed usuni\u0119ciem.<\/li>\n\n\n\n<li><strong>O\u015bwiadczenie o dobrej wierze<\/strong>: O\u015bwiadczenie pod gro\u017ab\u0105 kary za krzywoprzysi\u0119stwo, \u017ce u\u017cytkownik jest w dobrej wierze przekonany, \u017ce tre\u015b\u0107 zosta\u0142a usuni\u0119ta lub zablokowana w wyniku pomy\u0142ki lub b\u0142\u0119dnej identyfikacji.<\/li>\n\n\n\n<li><strong>Zgoda na jurysdykcj\u0119<\/strong>: O\u015bwiadczenie o wyra\u017ceniu zgody na jurysdykcj\u0119 Federalnego S\u0105du Okr\u0119gowego w danym okr\u0119gu lub, je\u015bli znajduje si\u0119 on poza Stanami Zjednoczonymi, na jurysdykcj\u0119 okr\u0119gu, w kt\u00f3rym znajduje si\u0119 siedziba s\u0105du. <strong>Honista.net<\/strong> oraz \u017ce zaakceptuje dor\u0119czenie procesu od strony, kt\u00f3ra z\u0142o\u017cy\u0142a pierwotn\u0105 skarg\u0119 DMCA.<\/li>\n\n\n\n<li><strong>Podpis<\/strong>: Fizyczny lub elektroniczny podpis strony sk\u0142adaj\u0105cej powiadomienie wzajemne.<\/li>\n<\/ul>\n\n\n\n<p>Prosimy o wysy\u0142anie kontrpowiadomie\u0144 za po\u015brednictwem naszego <a href=\"https:\/\/honistaa.net\/pl\/skontaktuj-sie-z-nami\/\">strona kontaktowa<\/a>.<\/p>\n\n\n\n<h2 class=\"wp-block-heading\"><strong>3. Powtarzaj\u0105ce si\u0119 naruszenia<\/strong><\/h2>\n\n\n\n<p>Nasz\u0105 zasad\u0105 jest usuwanie, w odpowiednich okoliczno\u015bciach, u\u017cytkownik\u00f3w lub posiadaczy kont, kt\u00f3rzy wielokrotnie naruszaj\u0105 prawa autorskie.<\/p>\n\n\n\n<h2 class=\"wp-block-heading\"><strong>4. Wprowadzanie w b\u0142\u0105d<\/strong><\/h2>\n\n\n\n<p>Nale\u017cy pami\u0119ta\u0107, \u017ce zgodnie z ustaw\u0105 DMCA ka\u017cda osoba, kt\u00f3ra \u015bwiadomie b\u0142\u0119dnie przedstawia materia\u0142y lub dzia\u0142ania jako naruszaj\u0105ce prawo, mo\u017ce podlega\u0107 odpowiedzialno\u015bci. Obejmuje to sk\u0142adanie fa\u0142szywych powiadomie\u0144 o usuni\u0119ciu DMCA lub fa\u0142szywych kontrpowiadomie\u0144. Je\u015bli nie masz pewno\u015bci, czy dany materia\u0142 narusza Twoje prawa autorskie, przed podj\u0119ciem dalszych krok\u00f3w mo\u017cesz skonsultowa\u0107 si\u0119 z radc\u0105 prawnym.<\/p>\n\n\n\n<h2 class=\"wp-block-heading\"><strong>5. Modyfikacje<\/strong><\/h2>\n\n\n\n<p><strong>Honista.net<\/strong> zastrzega sobie prawo do zmiany niniejszej Polityki DMCA w dowolnym momencie. Wszelkie zmiany b\u0119d\u0105 publikowane na tej stronie wraz z dat\u0105 aktualizacji.<\/p>\n\n\n\n<h2 class=\"wp-block-heading\"><strong>6. Kontakt<\/strong><\/h2>\n\n\n\n<p>W przypadku jakichkolwiek pyta\u0144 dotycz\u0105cych niniejszej Polityki DMCA prosimy o kontakt za po\u015brednictwem naszej strony internetowej. <a href=\"https:\/\/honistaa.net\/pl\/skontaktuj-sie-z-nami\/\">Strona kontaktowa<\/a>.<\/p>","protected":false},"excerpt":{"rendered":"<p>W Honista.net szanujemy prawa w\u0142asno\u015bci intelektualnej innych os\u00f3b i oczekujemy tego samego od naszych u\u017cytkownik\u00f3w. Zgodnie z ustaw\u0105 Digital Millennium Copyright Act (DMCA), nasz\u0105 polityk\u0105 jest reagowanie na wyra\u017ane powiadomienia o domniemanym naruszeniu praw autorskich. Niniejsza Polityka DMCA okre\u015bla proces powiadamiania nas o potencjalnych naruszeniach praw autorskich i nasze...<\/p>","protected":false},"author":1,"featured_media":0,"parent":0,"menu_order":0,"comment_status":"closed","ping_status":"closed","template":"","meta":{"_kad_blocks_custom_css":"","_kad_blocks_head_custom_js":"","_kad_blocks_body_custom_js":"","_kad_blocks_footer_custom_js":"","_kad_post_transparent":"","_kad_post_title":"","_kad_post_layout":"","_kad_post_sidebar_id":"","_kad_post_content_style":"","_kad_post_vertical_padding":"","_kad_post_feature":"","_kad_post_feature_position":"","_kad_post_header":false,"_kad_post_footer":false,"footnotes":""},"class_list":["post-102","page","type-page","status-publish","hentry"],"taxonomy_info":[],"featured_image_src_large":false,"author_info":{"display_name":"Perfect Dev","author_link":"https:\/\/honistaa.net\/pl\/author\/rahulkumarg5469gmail-com\/"},"comment_info":0,"_links":{"self":[{"href":"https:\/\/honistaa.net\/pl\/wp-json\/wp\/v2\/pages\/102","targetHints":{"allow":["GET"]}}],"collection":[{"href":"https:\/\/honistaa.net\/pl\/wp-json\/wp\/v2\/pages"}],"about":[{"href":"https:\/\/honistaa.net\/pl\/wp-json\/wp\/v2\/types\/page"}],"author":[{"embeddable":true,"href":"https:\/\/honistaa.net\/pl\/wp-json\/wp\/v2\/users\/1"}],"replies":[{"embeddable":true,"href":"https:\/\/honistaa.net\/pl\/wp-json\/wp\/v2\/comments?post=102"}],"version-history":[{"count":1,"href":"https:\/\/honistaa.net\/pl\/wp-json\/wp\/v2\/pages\/102\/revisions"}],"predecessor-version":[{"id":103,"href":"https:\/\/honistaa.net\/pl\/wp-json\/wp\/v2\/pages\/102\/revisions\/103"}],"wp:attachment":[{"href":"https:\/\/honistaa.net\/pl\/wp-json\/wp\/v2\/media?parent=102"}],"curies":[{"name":"wp","href":"https:\/\/api.w.org\/{rel}","templated":true}]}}