{"id":100,"date":"2024-09-07T12:05:09","date_gmt":"2024-09-07T12:05:09","guid":{"rendered":"https:\/\/honistaa.net\/?page_id=100"},"modified":"2026-03-21T14:31:02","modified_gmt":"2026-03-21T14:31:02","slug":"zgodnosc-z-gdpr","status":"publish","type":"page","link":"https:\/\/honistaa.net\/pl\/zgodnosc-z-gdpr\/","title":{"rendered":"Zgodno\u015b\u0107 z RODO"},"content":{"rendered":"<p>Przy <strong>Honista.net<\/strong>Jeste\u015bmy zobowi\u0105zani do ochrony prywatno\u015bci u\u017cytkownik\u00f3w i zapewnienia, \u017ce ich dane osobowe s\u0105 przetwarzane zgodnie z og\u00f3lnym rozporz\u0105dzeniem o ochronie danych (RODO). Niniejsze zasady okre\u015blaj\u0105, w jaki spos\u00f3b gromadzimy, wykorzystujemy i chronimy dane osobowe u\u017cytkownik\u00f3w odwiedzaj\u0105cych nasz\u0105 witryn\u0119 internetow\u0105.<\/p>\n\n\n\n<h2 class=\"wp-block-heading\"><strong>1. Administrator danych<\/strong><\/h2>\n\n\n\n<p>Administratorem danych odpowiedzialnym za gromadzenie i wykorzystywanie danych osobowych u\u017cytkownika jest <strong>Honista.net<\/strong>. Mo\u017cesz skontaktowa\u0107 si\u0119 z nami za po\u015brednictwem <a href=\"https:\/\/honistaa.net\/pl\/skontaktuj-sie-z-nami\/\">Strona kontaktowa<\/a> w przypadku jakichkolwiek pyta\u0144 dotycz\u0105cych niniejszej polityki.<\/p>\n\n\n\n<h2 class=\"wp-block-heading\"><strong>2. Jakie dane gromadzimy<\/strong><\/h2>\n\n\n\n<p>Mo\u017cemy gromadzi\u0107 nast\u0119puj\u0105ce rodzaje danych osobowych:<\/p>\n\n\n\n<ul class=\"wp-block-list\">\n<li><strong>Dane osobowe<\/strong>: Imi\u0119 i nazwisko, adres e-mail, numer telefonu lub inne informacje podane przez u\u017cytkownika podczas wype\u0142niania formularza kontaktowego lub interakcji z nasz\u0105 witryn\u0105.<\/li>\n\n\n\n<li><strong>Dane u\u017cytkowania<\/strong>: Informacje o sposobie interakcji u\u017cytkownika z nasz\u0105 witryn\u0105, takie jak adres IP, typ przegl\u0105darki, przegl\u0105dane strony, czas sp\u0119dzony w witrynie i \u017ar\u00f3d\u0142o odes\u0142ania.<\/li>\n\n\n\n<li><strong>Pliki cookie<\/strong>: U\u017cywamy plik\u00f3w cookie, aby poprawi\u0107 komfort u\u017cytkowania i do cel\u00f3w analitycznych. Pliki cookie mo\u017cna kontrolowa\u0107 za pomoc\u0105 ustawie\u0144 przegl\u0105darki.<\/li>\n<\/ul>\n\n\n\n<h2 class=\"wp-block-heading\"><strong>3. Jak zbieramy dane u\u017cytkownik\u00f3w<\/strong><\/h2>\n\n\n\n<p>Gromadzimy dane za po\u015brednictwem:<\/p>\n\n\n\n<ul class=\"wp-block-list\">\n<li><strong>Formularze<\/strong>: Podczas przesy\u0142ania formularzy na naszej stronie internetowej (np. formularzy kontaktowych).<\/li>\n\n\n\n<li><strong>Pliki cookie i analityka<\/strong>: U\u017cywamy plik\u00f3w cookie i technologii \u015bledzenia do monitorowania aktywno\u015bci w witrynie i gromadzenia informacji w celu ulepszania naszych us\u0142ug.<\/li>\n<\/ul>\n\n\n\n<h2 class=\"wp-block-heading\"><strong>4. Jak wykorzystujemy dane u\u017cytkownika<\/strong><\/h2>\n\n\n\n<p>Dane u\u017cytkownika s\u0105 wykorzystywane do nast\u0119puj\u0105cych cel\u00f3w:<\/p>\n\n\n\n<ul class=\"wp-block-list\">\n<li><strong>\u015awiadczenie i ulepszanie naszych us\u0142ug<\/strong>: U\u017cywamy informacji o u\u017cytkowniku do komunikowania si\u0119 z nim, odpowiadania na zapytania i ulepszania naszej strony internetowej.<\/li>\n\n\n\n<li><strong>Analityka<\/strong>: Analizujemy spos\u00f3b, w jaki u\u017cytkownicy wchodz\u0105 w interakcj\u0119 z witryn\u0105, aby poprawi\u0107 komfort u\u017cytkowania i zoptymalizowa\u0107 zawarto\u015b\u0107.<\/li>\n\n\n\n<li><strong>Zgodno\u015b\u0107<\/strong>: Mo\u017cemy wykorzystywa\u0107 dane u\u017cytkownika w celu wype\u0142nienia zobowi\u0105za\u0144 prawnych lub ochrony naszych praw.<\/li>\n<\/ul>\n\n\n\n<h2 class=\"wp-block-heading\"><strong>5. Podstawa prawna przetwarzania danych osobowych<\/strong><\/h2>\n\n\n\n<p>Przetwarzamy dane osobowe u\u017cytkownik\u00f3w w oparciu o nast\u0119puj\u0105ce podstawy prawne:<\/p>\n\n\n\n<ul class=\"wp-block-list\">\n<li><strong>Zgoda<\/strong>: U\u017cytkownik wyrazi\u0142 zgod\u0119 na przetwarzanie przez nas jego danych osobowych w okre\u015blonych celach (np. subskrypcja biuletyn\u00f3w).<\/li>\n\n\n\n<li><strong>Umowa<\/strong>: Przetwarzanie jest niezb\u0119dne do wykonania umowy zawartej z u\u017cytkownikiem.<\/li>\n\n\n\n<li><strong>Uzasadniony interes<\/strong>: Przetwarzamy dane u\u017cytkownika w celu ulepszenia naszej strony internetowej, w celach marketingowych lub w celu ochrony naszych interes\u00f3w prawnych.<\/li>\n<\/ul>\n\n\n\n<h2 class=\"wp-block-heading\"><strong>6. Prawa u\u017cytkownika wynikaj\u0105ce z RODO<\/strong><\/h2>\n\n\n\n<p>Jako osoba, kt\u00f3rej dane dotycz\u0105, u\u017cytkownik ma nast\u0119puj\u0105ce prawa:<\/p>\n\n\n\n<ul class=\"wp-block-list\">\n<li><strong>Prawo dost\u0119pu<\/strong>: U\u017cytkownik mo\u017ce za\u017c\u0105da\u0107 dost\u0119pu do swoich danych osobowych.<\/li>\n\n\n\n<li><strong>Prawo do sprostowania<\/strong>: U\u017cytkownik mo\u017ce poprosi\u0107 nas o poprawienie wszelkich niedok\u0142adnych lub niekompletnych danych osobowych.<\/li>\n\n\n\n<li><strong>Prawo do usuni\u0119cia danych<\/strong>: U\u017cytkownik mo\u017ce za\u017c\u0105da\u0107 usuni\u0119cia swoich danych osobowych pod pewnymi warunkami.<\/li>\n\n\n\n<li><strong>Prawo do ograniczenia przetwarzania<\/strong>: U\u017cytkownik ma prawo za\u017c\u0105da\u0107 ograniczenia przetwarzania jego danych osobowych.<\/li>\n\n\n\n<li><strong>Prawo do przenoszenia danych<\/strong>: U\u017cytkownik mo\u017ce za\u017c\u0105da\u0107, aby\u015bmy przekazali jego dane osobowe innemu us\u0142ugodawcy.<\/li>\n\n\n\n<li><strong>Prawo do sprzeciwu<\/strong>: U\u017cytkownik mo\u017ce sprzeciwi\u0107 si\u0119 przetwarzaniu przez nas jego danych osobowych w oparciu o uzasadnione interesy lub w celach marketingu bezpo\u015bredniego.<\/li>\n<\/ul>\n\n\n\n<p>Aby skorzysta\u0107 z kt\u00f3regokolwiek z tych praw, skontaktuj si\u0119 z nami za po\u015brednictwem naszej strony internetowej <a href=\"https:\/\/honistaa.net\/pl\/skontaktuj-sie-z-nami\/\">Strona kontaktowa<\/a>.<\/p>\n\n\n\n<h2 class=\"wp-block-heading\"><strong>7. Przechowywanie danych<\/strong><\/h2>\n\n\n\n<p>Przechowujemy dane osobowe u\u017cytkownika tylko tak d\u0142ugo, jak jest to konieczne do cel\u00f3w okre\u015blonych w niniejszej polityce lub zgodnie z wymogami prawa.<\/p>\n\n\n\n<h2 class=\"wp-block-heading\"><strong>8. Udost\u0119pnianie danych<\/strong><\/h2>\n\n\n\n<p>Nie udost\u0119pniamy, nie sprzedajemy ani nie wydzier\u017cawiamy danych osobowych u\u017cytkownika stronom trzecim, chyba \u017ce jest to konieczne do \u015bwiadczenia us\u0142ug na rzecz u\u017cytkownika lub wymagane przez prawo.<\/p>\n\n\n\n<h2 class=\"wp-block-heading\"><strong>9. Bezpiecze\u0144stwo danych<\/strong><\/h2>\n\n\n\n<p>Wdra\u017camy rozs\u0105dne \u015brodki bezpiecze\u0144stwa w celu ochrony danych osobowych u\u017cytkownika przed nieuprawnionym dost\u0119pem, zmian\u0105, ujawnieniem lub zniszczeniem. \u017badna platforma internetowa nie mo\u017ce jednak zagwarantowa\u0107 pe\u0142nego bezpiecze\u0144stwa.<\/p>\n\n\n\n<h2 class=\"wp-block-heading\"><strong>10. Linki stron trzecich<\/strong><\/h2>\n\n\n\n<p>Nasza witryna mo\u017ce zawiera\u0107 \u0142\u0105cza do witryn zewn\u0119trznych. Nie ponosimy odpowiedzialno\u015bci za polityk\u0119 prywatno\u015bci ani praktyki stosowane na stronach os\u00f3b trzecich. Prosimy o zapoznanie si\u0119 z ich polityk\u0105 niezale\u017cnie.<\/p>\n\n\n\n<h2 class=\"wp-block-heading\"><strong>11. Przelewy mi\u0119dzynarodowe<\/strong><\/h2>\n\n\n\n<p>Je\u015bli dane osobowe u\u017cytkownika s\u0105 przekazywane poza Europejski Obszar Gospodarczy (EOG), zapewniamy, \u017ce s\u0105 one chronione za pomoc\u0105 odpowiednich zabezpiecze\u0144 zgodnie z wymogami RODO.<\/p>\n\n\n\n<h2 class=\"wp-block-heading\"><strong>12. Zmiany w niniejszej Polityce prywatno\u015bci<\/strong><\/h2>\n\n\n\n<p>Od czasu do czasu mo\u017cemy aktualizowa\u0107 niniejsz\u0105 Polityk\u0119 prywatno\u015bci RODO. Wszelkie zmiany b\u0119d\u0105 publikowane na tej stronie wraz z dat\u0105 aktualizacji. Zalecamy regularne sprawdzanie tej strony, aby by\u0107 na bie\u017c\u0105co z wszelkimi zmianami.<\/p>\n\n\n\n<h2 class=\"wp-block-heading\"><strong>13. Kontakt<\/strong><\/h2>\n\n\n\n<p>Je\u015bli masz jakiekolwiek pytania lub w\u0105tpliwo\u015bci dotycz\u0105ce naszej Polityki prywatno\u015bci RODO lub sposobu przetwarzania Twoich danych, skontaktuj si\u0119 z nami za po\u015brednictwem naszej strony internetowej. <a href=\"https:\/\/honistaa.net\/pl\/skontaktuj-sie-z-nami\/\">Strona kontaktowa<\/a>.<\/p>","protected":false},"excerpt":{"rendered":"<p>W Honista.net dok\u0142adamy wszelkich stara\u0144, aby chroni\u0107 prywatno\u015b\u0107 u\u017cytkownik\u00f3w i zapewni\u0107, \u017ce ich dane osobowe s\u0105 przetwarzane zgodnie z og\u00f3lnym rozporz\u0105dzeniem o ochronie danych (RODO). Niniejsza polityka okre\u015bla, w jaki spos\u00f3b gromadzimy, wykorzystujemy i chronimy dane osobowe u\u017cytkownik\u00f3w odwiedzaj\u0105cych nasz\u0105 witryn\u0119 internetow\u0105. 1. Administrator danych Administrator danych odpowiedzialny za gromadzenie i wykorzystywanie...<\/p>","protected":false},"author":1,"featured_media":0,"parent":0,"menu_order":0,"comment_status":"closed","ping_status":"closed","template":"","meta":{"_kad_blocks_custom_css":"","_kad_blocks_head_custom_js":"","_kad_blocks_body_custom_js":"","_kad_blocks_footer_custom_js":"","_kad_post_transparent":"","_kad_post_title":"","_kad_post_layout":"","_kad_post_sidebar_id":"","_kad_post_content_style":"","_kad_post_vertical_padding":"","_kad_post_feature":"","_kad_post_feature_position":"","_kad_post_header":false,"_kad_post_footer":false,"footnotes":""},"class_list":["post-100","page","type-page","status-publish","hentry"],"taxonomy_info":[],"featured_image_src_large":false,"author_info":{"display_name":"Perfect Dev","author_link":"https:\/\/honistaa.net\/pl\/author\/rahulkumarg5469gmail-com\/"},"comment_info":0,"_links":{"self":[{"href":"https:\/\/honistaa.net\/pl\/wp-json\/wp\/v2\/pages\/100","targetHints":{"allow":["GET"]}}],"collection":[{"href":"https:\/\/honistaa.net\/pl\/wp-json\/wp\/v2\/pages"}],"about":[{"href":"https:\/\/honistaa.net\/pl\/wp-json\/wp\/v2\/types\/page"}],"author":[{"embeddable":true,"href":"https:\/\/honistaa.net\/pl\/wp-json\/wp\/v2\/users\/1"}],"replies":[{"embeddable":true,"href":"https:\/\/honistaa.net\/pl\/wp-json\/wp\/v2\/comments?post=100"}],"version-history":[{"count":1,"href":"https:\/\/honistaa.net\/pl\/wp-json\/wp\/v2\/pages\/100\/revisions"}],"predecessor-version":[{"id":101,"href":"https:\/\/honistaa.net\/pl\/wp-json\/wp\/v2\/pages\/100\/revisions\/101"}],"wp:attachment":[{"href":"https:\/\/honistaa.net\/pl\/wp-json\/wp\/v2\/media?parent=100"}],"curies":[{"name":"wp","href":"https:\/\/api.w.org\/{rel}","templated":true}]}}