{"id":102,"date":"2024-09-07T12:09:46","date_gmt":"2024-09-07T12:09:46","guid":{"rendered":"https:\/\/honistaa.net\/?page_id=102"},"modified":"2026-03-21T14:30:53","modified_gmt":"2026-03-21T14:30:53","slug":"dmca","status":"publish","type":"page","link":"https:\/\/honistaa.net\/it\/dmca\/","title":{"rendered":"DMCA"},"content":{"rendered":"<p>A <strong>Honista.net<\/strong>rispettiamo i diritti di propriet\u00e0 intellettuale degli altri e ci aspettiamo che i nostri utenti facciano lo stesso. In conformit\u00e0 con il Digital Millennium Copyright Act (DMCA), \u00e8 nostra politica rispondere a chiare notifiche di presunte violazioni del copyright. La presente Politica DMCA illustra il processo di notifica di potenziali violazioni del copyright e le nostre azioni in caso di ricezione di tali notifiche.<\/p>\n\n\n\n<h2 class=\"wp-block-heading\"><strong>1. Notifica di violazione del copyright<\/strong><\/h2>\n\n\n\n<p>Se si ritiene che il contenuto di <strong>Honista.net<\/strong> violi il vostro diritto d'autore, potete inviare una notifica scritta in conformit\u00e0 con il DMCA al nostro agente designato per il copyright. La notifica deve contenere le seguenti informazioni:<\/p>\n\n\n\n<ul class=\"wp-block-list\">\n<li><strong>Informazioni di contatto<\/strong>: Nome e cognome, indirizzo, numero di telefono e indirizzo e-mail.<\/li>\n\n\n\n<li><strong>Identificazione dell'opera protetta da copyright<\/strong>: Una descrizione dell'opera protetta da copyright che si ritiene sia stata violata, compreso l'URL o la posizione specifica in cui si trova il contenuto.<\/li>\n\n\n\n<li><strong>Dichiarazione di propriet\u00e0<\/strong>: Una dichiarazione di essere il titolare del copyright o di essere autorizzato ad agire per conto del titolare del copyright che si presume sia stato violato.<\/li>\n\n\n\n<li><strong>Credere in buona fede<\/strong>: Una dichiarazione in cui si afferma di ritenere in buona fede che l'uso del materiale nel modo contestato non \u00e8 autorizzato dal titolare del copyright, dal suo agente o dalla legge.<\/li>\n\n\n\n<li><strong>Firma<\/strong>: Una firma fisica o elettronica del titolare del copyright o di una persona autorizzata ad agire per suo conto.<\/li>\n<\/ul>\n\n\n\n<p>Si prega di inviare le notifiche di rimozione DMCA a. <a href=\"https:\/\/honistaa.net\/it\/contattateci\/\">Contatto<\/a><\/p>\n\n\n\n<p><strong>Oggetto:<\/strong> Richiesta di rimozione DMCA<\/p>\n\n\n\n<h2 class=\"wp-block-heading\"><strong>2. Processo di contro-notifica<\/strong><\/h2>\n\n\n\n<p>Se ritenete che il contenuto da voi pubblicato su <strong>Honista.net<\/strong> \u00e8 stato rimosso o disattivato per errore o per errata identificazione, \u00e8 possibile presentare una contro-notifica. La contro-notifica deve contenere i seguenti dettagli:<\/p>\n\n\n\n<ul class=\"wp-block-list\">\n<li><strong>Informazioni di contatto<\/strong>: Nome e cognome, indirizzo, numero di telefono e indirizzo e-mail.<\/li>\n\n\n\n<li><strong>Identificazione del materiale rimosso<\/strong>: Una descrizione del materiale che \u00e8 stato rimosso o disattivato e la posizione in cui appariva prima di essere rimosso.<\/li>\n\n\n\n<li><strong>Dichiarazione di buona fede<\/strong>: Una dichiarazione sotto pena di spergiuro in cui si afferma di ritenere in buona fede che il contenuto \u00e8 stato rimosso o disabilitato a causa di un errore o di un'errata identificazione.<\/li>\n\n\n\n<li><strong>Consenso alla giurisdizione<\/strong>: Dichiarazione di consenso alla giurisdizione della Corte distrettuale federale del proprio distretto o, se al di fuori degli Stati Uniti, alla giurisdizione del distretto in cui si trova il cliente. <strong>Honista.net<\/strong> e che accetterete la notifica del procedimento dalla parte che ha presentato il reclamo DMCA originale.<\/li>\n\n\n\n<li><strong>Firma<\/strong>: Una firma fisica o elettronica della parte che presenta la contro-notifica.<\/li>\n<\/ul>\n\n\n\n<p>Si prega di inviare le contro-notifiche attraverso il nostro <a href=\"https:\/\/honistaa.net\/it\/contattateci\/\">pagina di contatto<\/a>.<\/p>\n\n\n\n<h2 class=\"wp-block-heading\"><strong>3. Infrazioni ripetute<\/strong><\/h2>\n\n\n\n<p>La nostra politica prevede l'interruzione, in circostanze appropriate, degli utenti o dei titolari di account che violano ripetutamente i diritti d'autore.<\/p>\n\n\n\n<h2 class=\"wp-block-heading\"><strong>4. Dichiarazioni errate<\/strong><\/h2>\n\n\n\n<p>Si ricorda che, ai sensi del DMCA, chiunque dichiari consapevolmente materiale o attivit\u00e0 in violazione pu\u00f2 essere soggetto a responsabilit\u00e0. Ci\u00f2 include l'invio di false notifiche di rimozione DMCA o di false contro-notifiche. Se non si \u00e8 certi che il materiale violi il proprio copyright, \u00e8 consigliabile consultare un legale prima di procedere.<\/p>\n\n\n\n<h2 class=\"wp-block-heading\"><strong>5. Modifiche<\/strong><\/h2>\n\n\n\n<p><strong>Honista.net<\/strong> si riserva il diritto di modificare la presente Politica DMCA in qualsiasi momento. Eventuali modifiche saranno pubblicate su questa pagina con la data di revisione aggiornata.<\/p>\n\n\n\n<h2 class=\"wp-block-heading\"><strong>6. Contatti<\/strong><\/h2>\n\n\n\n<p>Per qualsiasi domanda sulla presente Politica DMCA, si prega di contattarci tramite il nostro sito web <a href=\"https:\/\/honistaa.net\/it\/contattateci\/\">Pagina di contatto<\/a>.<\/p>","protected":false},"excerpt":{"rendered":"<p>Noi di Honista.net rispettiamo i diritti di propriet\u00e0 intellettuale degli altri e ci aspettiamo che i nostri utenti facciano lo stesso. In conformit\u00e0 con il Digital Millennium Copyright Act (DMCA), \u00e8 nostra politica rispondere a chiare notifiche di presunte violazioni del copyright. La presente Politica DMCA illustra il processo di notifica di potenziali violazioni del copyright e la nostra...<\/p>","protected":false},"author":1,"featured_media":0,"parent":0,"menu_order":0,"comment_status":"closed","ping_status":"closed","template":"","meta":{"_kad_blocks_custom_css":"","_kad_blocks_head_custom_js":"","_kad_blocks_body_custom_js":"","_kad_blocks_footer_custom_js":"","_kad_post_transparent":"","_kad_post_title":"","_kad_post_layout":"","_kad_post_sidebar_id":"","_kad_post_content_style":"","_kad_post_vertical_padding":"","_kad_post_feature":"","_kad_post_feature_position":"","_kad_post_header":false,"_kad_post_footer":false,"footnotes":""},"class_list":["post-102","page","type-page","status-publish","hentry"],"taxonomy_info":[],"featured_image_src_large":false,"author_info":{"display_name":"Perfect Dev","author_link":"https:\/\/honistaa.net\/it\/author\/rahulkumarg5469gmail-com\/"},"comment_info":0,"_links":{"self":[{"href":"https:\/\/honistaa.net\/it\/wp-json\/wp\/v2\/pages\/102","targetHints":{"allow":["GET"]}}],"collection":[{"href":"https:\/\/honistaa.net\/it\/wp-json\/wp\/v2\/pages"}],"about":[{"href":"https:\/\/honistaa.net\/it\/wp-json\/wp\/v2\/types\/page"}],"author":[{"embeddable":true,"href":"https:\/\/honistaa.net\/it\/wp-json\/wp\/v2\/users\/1"}],"replies":[{"embeddable":true,"href":"https:\/\/honistaa.net\/it\/wp-json\/wp\/v2\/comments?post=102"}],"version-history":[{"count":1,"href":"https:\/\/honistaa.net\/it\/wp-json\/wp\/v2\/pages\/102\/revisions"}],"predecessor-version":[{"id":103,"href":"https:\/\/honistaa.net\/it\/wp-json\/wp\/v2\/pages\/102\/revisions\/103"}],"wp:attachment":[{"href":"https:\/\/honistaa.net\/it\/wp-json\/wp\/v2\/media?parent=102"}],"curies":[{"name":"wp","href":"https:\/\/api.w.org\/{rel}","templated":true}]}}