{"id":98,"date":"2024-09-07T12:02:58","date_gmt":"2024-09-07T12:02:58","guid":{"rendered":"https:\/\/honistaa.net\/?page_id=98"},"modified":"2026-03-21T14:30:49","modified_gmt":"2026-03-21T14:30:49","slug":"clause-de-non-responsabilite","status":"publish","type":"page","link":"https:\/\/honistaa.net\/fr\/clause-de-non-responsabilite\/","title":{"rendered":"Clause de non-responsabilit\u00e9"},"content":{"rendered":"<p>Les informations fournies sur <strong>Honista.net<\/strong> est uniquement destin\u00e9 \u00e0 des fins d'information g\u00e9n\u00e9rale. Toutes les informations figurant sur le site sont fournies en toute bonne foi ; toutefois, nous ne faisons aucune d\u00e9claration ni ne donnons aucune garantie de quelque nature que ce soit, expresse ou implicite, concernant l'exactitude, l'ad\u00e9quation, la fiabilit\u00e9 ou l'exhaustivit\u00e9 de toute information figurant sur le site.<\/p>\n\n\n\n<h2 class=\"wp-block-heading\"><strong>1. Absence de conseils professionnels<\/strong><\/h2>\n\n\n\n<p>Le contenu de la rubrique <strong>Honista.net<\/strong> n'est pas con\u00e7u comme un conseil professionnel de quelque nature que ce soit. Vous ne devez pas vous fier aux informations contenues sur le site web pour remplacer des services professionnels tels que des conseils juridiques, m\u00e9dicaux, financiers ou techniques. Demandez toujours l'avis d'un professionnel qualifi\u00e9 pour toute question sp\u00e9cifique.<\/p>\n\n\n\n<h2 class=\"wp-block-heading\"><strong>2. Liens externes Disclaimer<\/strong><\/h2>\n\n\n\n<p><strong>Honista.net<\/strong> peut contenir des liens vers des sites web externes qui ne sont pas fournis ou g\u00e9r\u00e9s par nous ou qui ne nous sont pas affili\u00e9s de quelque mani\u00e8re que ce soit. Veuillez noter que nous ne garantissons pas l'exactitude, la pertinence ou l'exhaustivit\u00e9 des informations figurant sur ces sites web externes. L'inclusion d'un lien n'implique pas que nous approuvions le site ou son contenu.<\/p>\n\n\n\n<h2 class=\"wp-block-heading\"><strong>3. Responsabilit\u00e9 de l'utilisateur<\/strong><\/h2>\n\n\n\n<p>Toutes les actions que vous entreprenez sur la base des informations trouv\u00e9es sur le site <strong>Honista.net<\/strong> sont strictement \u00e0 vos risques et p\u00e9rils. Nous ne pourrons \u00eatre tenus responsables des pertes, dommages ou responsabilit\u00e9s r\u00e9sultant de l'utilisation du site web ou de la confiance accord\u00e9e aux informations fournies.<\/p>\n\n\n\n<h2 class=\"wp-block-heading\"><strong>4. Absence de garanties<\/strong><\/h2>\n\n\n\n<p>Nous nous effor\u00e7ons de fournir des informations exactes et \u00e0 jour, <strong>Honista.net<\/strong> ne donne aucune garantie quant \u00e0 l'exactitude ou \u00e0 l'exhaustivit\u00e9 du contenu. Le site et son contenu sont fournis \"en l'\u00e9tat\" et \"tels que disponibles\" sans aucune garantie. Nous d\u00e9clinons toute responsabilit\u00e9 en cas d'erreurs ou d'omissions dans le contenu.<\/p>\n\n\n\n<h2 class=\"wp-block-heading\"><strong>5. Absence de responsabilit\u00e9<\/strong><\/h2>\n\n\n\n<p>En aucun cas <strong>Honista.net<\/strong>ni ses propri\u00e9taires, ses affili\u00e9s ou ses employ\u00e9s ne peuvent \u00eatre tenus responsables des dommages directs, indirects, cons\u00e9cutifs ou fortuits r\u00e9sultant de l'utilisation ou de l'impossibilit\u00e9 d'utiliser le site web ou tout autre contenu li\u00e9.<\/p>\n\n\n\n<h2 class=\"wp-block-heading\"><strong>6. Modifications de l'avis de non-responsabilit\u00e9<\/strong><\/h2>\n\n\n\n<p><strong>Honista.net<\/strong> se r\u00e9serve le droit de modifier ou de mettre \u00e0 jour cette clause de non-responsabilit\u00e9 \u00e0 tout moment. En continuant \u00e0 utiliser le site, vous acceptez de vous conformer aux conditions mises \u00e0 jour.<\/p>\n\n\n\n<h2 class=\"wp-block-heading\"><strong>7. Nous contacter<\/strong><\/h2>\n\n\n\n<p>Si vous avez des questions ou des pr\u00e9occupations concernant le pr\u00e9sent avis de non-responsabilit\u00e9, n'h\u00e9sitez pas \u00e0 nous contacter par l'interm\u00e9diaire de notre site web. <a href=\"https:\/\/honistaa.net\/fr\/nous-contacter\/\">Page de contact<\/a>.<\/p>","protected":false},"excerpt":{"rendered":"<p>Les informations fournies sur Honista.net le sont \u00e0 titre d'information g\u00e9n\u00e9rale uniquement. Toutes les informations sur le site sont fournies en toute bonne foi ; toutefois, nous ne faisons aucune d\u00e9claration ni ne donnons aucune garantie, expresse ou implicite, quant \u00e0 l'exactitude, l'ad\u00e9quation, la fiabilit\u00e9 ou l'exhaustivit\u00e9 des informations sur le site. 1. Aucun conseil professionnel Le contenu de Honista.net...<\/p>","protected":false},"author":1,"featured_media":0,"parent":0,"menu_order":0,"comment_status":"closed","ping_status":"closed","template":"","meta":{"_kad_blocks_custom_css":"","_kad_blocks_head_custom_js":"","_kad_blocks_body_custom_js":"","_kad_blocks_footer_custom_js":"","_kad_post_transparent":"","_kad_post_title":"","_kad_post_layout":"","_kad_post_sidebar_id":"","_kad_post_content_style":"","_kad_post_vertical_padding":"","_kad_post_feature":"","_kad_post_feature_position":"","_kad_post_header":false,"_kad_post_footer":false,"footnotes":""},"class_list":["post-98","page","type-page","status-publish","hentry"],"taxonomy_info":[],"featured_image_src_large":false,"author_info":{"display_name":"Perfect Dev","author_link":"https:\/\/honistaa.net\/fr\/author\/rahulkumarg5469gmail-com\/"},"comment_info":0,"_links":{"self":[{"href":"https:\/\/honistaa.net\/fr\/wp-json\/wp\/v2\/pages\/98","targetHints":{"allow":["GET"]}}],"collection":[{"href":"https:\/\/honistaa.net\/fr\/wp-json\/wp\/v2\/pages"}],"about":[{"href":"https:\/\/honistaa.net\/fr\/wp-json\/wp\/v2\/types\/page"}],"author":[{"embeddable":true,"href":"https:\/\/honistaa.net\/fr\/wp-json\/wp\/v2\/users\/1"}],"replies":[{"embeddable":true,"href":"https:\/\/honistaa.net\/fr\/wp-json\/wp\/v2\/comments?post=98"}],"version-history":[{"count":1,"href":"https:\/\/honistaa.net\/fr\/wp-json\/wp\/v2\/pages\/98\/revisions"}],"predecessor-version":[{"id":99,"href":"https:\/\/honistaa.net\/fr\/wp-json\/wp\/v2\/pages\/98\/revisions\/99"}],"wp:attachment":[{"href":"https:\/\/honistaa.net\/fr\/wp-json\/wp\/v2\/media?parent=98"}],"curies":[{"name":"wp","href":"https:\/\/api.w.org\/{rel}","templated":true}]}}