{"id":91,"date":"2024-09-07T11:56:12","date_gmt":"2024-09-07T11:56:12","guid":{"rendered":"https:\/\/honistaa.net\/?page_id=91"},"modified":"2026-03-21T14:30:21","modified_gmt":"2026-03-21T14:30:21","slug":"a-propos-de-nous","status":"publish","type":"page","link":"https:\/\/honistaa.net\/fr\/a-propos-de-nous\/","title":{"rendered":"\u00c0 propos de nous"},"content":{"rendered":"<p>Bienvenue sur Honistaa.net !<\/p>\n\n\n\n<p>Nous sommes tr\u00e8s reconnaissants envers vous tous car l'amour que vous avez manifest\u00e9 \u00e0 Honista ne peut \u00eatre d\u00e9crit avec des mots, c'est pourquoi vous trouverez sur ce site les choses suivantes -<\/p>\n\n\n\n<ul class=\"wp-block-list\">\n<li>D\u00e9tails de la derni\u00e8re version de Honista<\/li>\n\n\n\n<li>Prochaines versions de la mise \u00e0 jour de Honista<\/li>\n\n\n\n<li>Toutes les anciennes versions de Honista<\/li>\n\n\n\n<li>Tutoriels de correction de bogues<\/li>\n<\/ul>\n\n\n\n<p>Si vous n'\u00eates pas s\u00fbr de vous pour Honista, veuillez <a href=\"https:\/\/honistaa.net\/fr\/nous-contacter\/\">nous contacter<\/a>.<\/p>","protected":false},"excerpt":{"rendered":"<p>Bienvenue sur Honistaa.net ! Nous sommes tr\u00e8s reconnaissants envers vous tous car l'amour que vous avez montr\u00e9 \u00e0 Honista ne peut pas \u00eatre d\u00e9crit avec des mots, donc sur ce site web, vous obtiendrez les choses suivantes - Si vous n'\u00eates pas s\u00fbrs de Honista, veuillez nous contacter.<\/p>","protected":false},"author":1,"featured_media":0,"parent":0,"menu_order":0,"comment_status":"closed","ping_status":"closed","template":"","meta":{"_kad_blocks_custom_css":"","_kad_blocks_head_custom_js":"","_kad_blocks_body_custom_js":"","_kad_blocks_footer_custom_js":"","_kad_post_transparent":"","_kad_post_title":"","_kad_post_layout":"","_kad_post_sidebar_id":"","_kad_post_content_style":"","_kad_post_vertical_padding":"","_kad_post_feature":"","_kad_post_feature_position":"","_kad_post_header":false,"_kad_post_footer":false,"footnotes":""},"class_list":["post-91","page","type-page","status-publish","hentry"],"taxonomy_info":[],"featured_image_src_large":false,"author_info":{"display_name":"Perfect Dev","author_link":"https:\/\/honistaa.net\/fr\/author\/rahulkumarg5469gmail-com\/"},"comment_info":0,"_links":{"self":[{"href":"https:\/\/honistaa.net\/fr\/wp-json\/wp\/v2\/pages\/91","targetHints":{"allow":["GET"]}}],"collection":[{"href":"https:\/\/honistaa.net\/fr\/wp-json\/wp\/v2\/pages"}],"about":[{"href":"https:\/\/honistaa.net\/fr\/wp-json\/wp\/v2\/types\/page"}],"author":[{"embeddable":true,"href":"https:\/\/honistaa.net\/fr\/wp-json\/wp\/v2\/users\/1"}],"replies":[{"embeddable":true,"href":"https:\/\/honistaa.net\/fr\/wp-json\/wp\/v2\/comments?post=91"}],"version-history":[{"count":1,"href":"https:\/\/honistaa.net\/fr\/wp-json\/wp\/v2\/pages\/91\/revisions"}],"predecessor-version":[{"id":92,"href":"https:\/\/honistaa.net\/fr\/wp-json\/wp\/v2\/pages\/91\/revisions\/92"}],"wp:attachment":[{"href":"https:\/\/honistaa.net\/fr\/wp-json\/wp\/v2\/media?parent=91"}],"curies":[{"name":"wp","href":"https:\/\/api.w.org\/{rel}","templated":true}]}}