{"id":131,"date":"2024-09-07T15:25:32","date_gmt":"2024-09-07T15:25:32","guid":{"rendered":"https:\/\/honistaa.net\/?page_id=131"},"modified":"2026-03-21T14:38:13","modified_gmt":"2026-03-21T14:38:13","slug":"telecharger","status":"publish","type":"page","link":"https:\/\/honistaa.net\/fr\/telecharger\/","title":{"rendered":"T\u00e9l\u00e9charger Honista Derni\u00e8re Version Pour Android 2026"},"content":{"rendered":"<div class=\"wp-block-image\">\n<figure class=\"aligncenter size-full is-resized\"><img loading=\"lazy\" decoding=\"async\" width=\"512\" height=\"512\" src=\"https:\/\/honistaa.net\/wp-content\/uploads\/2024\/09\/Honista-Logo.avif\" alt=\"Honista-Logo\" class=\"wp-image-42\" style=\"width:115px;height:auto\" srcset=\"https:\/\/honistaa.net\/wp-content\/uploads\/2024\/09\/Honista-Logo.avif 512w, https:\/\/honistaa.net\/wp-content\/uploads\/2024\/09\/Honista-Logo-300x300.avif 300w, https:\/\/honistaa.net\/wp-content\/uploads\/2024\/09\/Honista-Logo-150x150.avif 150w\" sizes=\"auto, (max-width: 512px) 100vw, 512px\" \/><\/figure>\n<\/div>\n\n\n<div class=\"wp-block-columns is-layout-flex wp-container-core-columns-is-layout-9d6595d7 wp-block-columns-is-layout-flex\">\n<div class=\"wp-block-column is-layout-flow wp-block-column-is-layout-flow\"><style>.wp-block-kadence-advancedheading.kt-adv-heading131_137762-d1, .wp-block-kadence-advancedheading.kt-adv-heading131_137762-d1[data-kb-block=\"kb-adv-heading131_137762-d1\"]{text-align:right;font-style:normal;}.wp-block-kadence-advancedheading.kt-adv-heading131_137762-d1[data-kb-block=\"kb-adv-heading131_137762-d1\"]{display:flex;gap:0.25em;justify-content:right;align-items:center;}.wp-block-kadence-advancedheading.kt-adv-heading131_137762-d1[data-kb-block=\"kb-adv-heading131_137762-d1\"] .kb-adv-heading-icon svg{width:1em;height:1em;}.wp-block-kadence-advancedheading.kt-adv-heading131_137762-d1[data-kb-block=\"kb-adv-heading131_137762-d1\"] .kb-adv-heading-icon{color:#008b2a;font-size:24px;}.wp-block-kadence-advancedheading.kt-adv-heading131_137762-d1 mark.kt-highlight, .wp-block-kadence-advancedheading.kt-adv-heading131_137762-d1[data-kb-block=\"kb-adv-heading131_137762-d1\"] mark.kt-highlight{font-style:normal;color:#f76a0c;-webkit-box-decoration-break:clone;box-decoration-break:clone;padding-top:0px;padding-right:0px;padding-bottom:0px;padding-left:0px;}.wp-block-kadence-advancedheading.kt-adv-heading131_137762-d1 img.kb-inline-image, .wp-block-kadence-advancedheading.kt-adv-heading131_137762-d1[data-kb-block=\"kb-adv-heading131_137762-d1\"] img.kb-inline-image{width:150px;vertical-align:baseline;}@media all and (max-width: 1024px){.wp-block-kadence-advancedheading.kt-adv-heading131_137762-d1, .wp-block-kadence-advancedheading.kt-adv-heading131_137762-d1[data-kb-block=\"kb-adv-heading131_137762-d1\"]{text-align:center!important;}}@media all and (max-width: 1024px){.wp-block-kadence-advancedheading.kt-adv-heading131_137762-d1[data-kb-block=\"kb-adv-heading131_137762-d1\"]{justify-content:center;}}@media all and (max-width: 767px){.wp-block-kadence-advancedheading.kt-adv-heading131_137762-d1, .wp-block-kadence-advancedheading.kt-adv-heading131_137762-d1[data-kb-block=\"kb-adv-heading131_137762-d1\"]{text-align:center!important;}.wp-block-kadence-advancedheading.kt-adv-heading131_137762-d1[data-kb-block=\"kb-adv-heading131_137762-d1\"]{justify-content:center;}}<\/style><p class=\"kt-adv-heading131_137762-d1 wp-block-kadence-advancedheading kt-adv-heading-has-icon\" data-kb-block=\"kb-adv-heading131_137762-d1\"><span class=\"kb-svg-icon-wrap kb-adv-heading-icon kb-svg-icon-ic_bolt kb-adv-heading-icon-side-left\"><svg viewBox=\"0 0 8 8\"  fill=\"currentColor\" xmlns=\"http:\/\/www.w3.org\/2000\/svg\"  aria-hidden=\"true\"><path d=\"M3 0l-3 5h2v3l3-5h-2v-3z\" transform=\"translate(1)\"\/><\/svg><\/span><span class=\"kb-adv-text-inner\">v12.0<\/span><\/p><\/div>\n\n\n\n<div class=\"wp-block-column is-layout-flow wp-block-column-is-layout-flow\"><style>.wp-block-kadence-advancedheading.kt-adv-heading131_489553-cd, .wp-block-kadence-advancedheading.kt-adv-heading131_489553-cd[data-kb-block=\"kb-adv-heading131_489553-cd\"]{text-align:left;font-style:normal;}.wp-block-kadence-advancedheading.kt-adv-heading131_489553-cd[data-kb-block=\"kb-adv-heading131_489553-cd\"]{display:flex;gap:0.25em;justify-content:left;align-items:center;}.wp-block-kadence-advancedheading.kt-adv-heading131_489553-cd[data-kb-block=\"kb-adv-heading131_489553-cd\"] .kb-adv-heading-icon svg{width:1em;height:1em;}.wp-block-kadence-advancedheading.kt-adv-heading131_489553-cd[data-kb-block=\"kb-adv-heading131_489553-cd\"] .kb-adv-heading-icon{color:#fe0170;}.wp-block-kadence-advancedheading.kt-adv-heading131_489553-cd mark.kt-highlight, .wp-block-kadence-advancedheading.kt-adv-heading131_489553-cd[data-kb-block=\"kb-adv-heading131_489553-cd\"] mark.kt-highlight{font-style:normal;color:#f76a0c;-webkit-box-decoration-break:clone;box-decoration-break:clone;padding-top:0px;padding-right:0px;padding-bottom:0px;padding-left:0px;}.wp-block-kadence-advancedheading.kt-adv-heading131_489553-cd img.kb-inline-image, .wp-block-kadence-advancedheading.kt-adv-heading131_489553-cd[data-kb-block=\"kb-adv-heading131_489553-cd\"] img.kb-inline-image{width:150px;vertical-align:baseline;}@media all and (max-width: 1024px){.wp-block-kadence-advancedheading.kt-adv-heading131_489553-cd, .wp-block-kadence-advancedheading.kt-adv-heading131_489553-cd[data-kb-block=\"kb-adv-heading131_489553-cd\"]{text-align:center!important;}}@media all and (max-width: 1024px){.wp-block-kadence-advancedheading.kt-adv-heading131_489553-cd[data-kb-block=\"kb-adv-heading131_489553-cd\"]{justify-content:center;}}@media all and (max-width: 767px){.wp-block-kadence-advancedheading.kt-adv-heading131_489553-cd, .wp-block-kadence-advancedheading.kt-adv-heading131_489553-cd[data-kb-block=\"kb-adv-heading131_489553-cd\"]{text-align:center!important;}.wp-block-kadence-advancedheading.kt-adv-heading131_489553-cd[data-kb-block=\"kb-adv-heading131_489553-cd\"]{justify-content:center;}}<\/style><p class=\"kt-adv-heading131_489553-cd wp-block-kadence-advancedheading kt-adv-heading-has-icon\" data-kb-block=\"kb-adv-heading131_489553-cd\"><span class=\"kb-svg-icon-wrap kb-adv-heading-icon kb-svg-icon-fas_file-download kb-adv-heading-icon-side-left\"><svg viewBox=\"0 0 384 512\"  fill=\"currentColor\" xmlns=\"http:\/\/www.w3.org\/2000\/svg\"  aria-hidden=\"true\"><path d=\"M224 136V0H24C10.7 0 0 10.7 0 24v464c0 13.3 10.7 24 24 24h336c13.3 0 24-10.7 24-24V160H248c-13.2 0-24-10.8-24-24zm76.45 211.36l-96.42 95.7c-6.65 6.61-17.39 6.61-24.04 0l-96.42-95.7C73.42 337.29 80.54 320 94.82 320H160v-80c0-8.84 7.16-16 16-16h32c8.84 0 16 7.16 16 16v80h65.18c14.28 0 21.4 17.29 11.27 27.36zM377 105L279.1 7c-4.5-4.5-10.6-7-17-7H256v128h128v-6.1c0-6.3-2.5-12.4-7-16.9z\"\/><\/svg><\/span><span class=\"kb-adv-text-inner\">132MB<\/span><\/p><\/div>\n<\/div>\n\n\n\n<div class=\"wp-block-columns is-layout-flex wp-container-core-columns-is-layout-9d6595d7 wp-block-columns-is-layout-flex\">\n<div class=\"wp-block-column is-layout-flow wp-block-column-is-layout-flow\"><style>.wp-block-kadence-advancedheading.kt-adv-heading131_ed7a22-7d, .wp-block-kadence-advancedheading.kt-adv-heading131_ed7a22-7d[data-kb-block=\"kb-adv-heading131_ed7a22-7d\"]{text-align:right;font-style:normal;}.wp-block-kadence-advancedheading.kt-adv-heading131_ed7a22-7d[data-kb-block=\"kb-adv-heading131_ed7a22-7d\"]{display:flex;gap:0.25em;justify-content:right;align-items:center;}.wp-block-kadence-advancedheading.kt-adv-heading131_ed7a22-7d[data-kb-block=\"kb-adv-heading131_ed7a22-7d\"] .kb-adv-heading-icon svg{width:1em;height:1em;}.wp-block-kadence-advancedheading.kt-adv-heading131_ed7a22-7d[data-kb-block=\"kb-adv-heading131_ed7a22-7d\"] .kb-adv-heading-icon{color:#3600fa;font-size:24px;}.wp-block-kadence-advancedheading.kt-adv-heading131_ed7a22-7d mark.kt-highlight, .wp-block-kadence-advancedheading.kt-adv-heading131_ed7a22-7d[data-kb-block=\"kb-adv-heading131_ed7a22-7d\"] mark.kt-highlight{font-style:normal;color:#f76a0c;-webkit-box-decoration-break:clone;box-decoration-break:clone;padding-top:0px;padding-right:0px;padding-bottom:0px;padding-left:0px;}.wp-block-kadence-advancedheading.kt-adv-heading131_ed7a22-7d img.kb-inline-image, .wp-block-kadence-advancedheading.kt-adv-heading131_ed7a22-7d[data-kb-block=\"kb-adv-heading131_ed7a22-7d\"] img.kb-inline-image{width:150px;vertical-align:baseline;}@media all and (max-width: 1024px){.wp-block-kadence-advancedheading.kt-adv-heading131_ed7a22-7d, .wp-block-kadence-advancedheading.kt-adv-heading131_ed7a22-7d[data-kb-block=\"kb-adv-heading131_ed7a22-7d\"]{text-align:center!important;}}@media all and (max-width: 1024px){.wp-block-kadence-advancedheading.kt-adv-heading131_ed7a22-7d[data-kb-block=\"kb-adv-heading131_ed7a22-7d\"]{justify-content:center;}}@media all and (max-width: 767px){.wp-block-kadence-advancedheading.kt-adv-heading131_ed7a22-7d, .wp-block-kadence-advancedheading.kt-adv-heading131_ed7a22-7d[data-kb-block=\"kb-adv-heading131_ed7a22-7d\"]{text-align:center!important;}.wp-block-kadence-advancedheading.kt-adv-heading131_ed7a22-7d[data-kb-block=\"kb-adv-heading131_ed7a22-7d\"]{justify-content:center;}}<\/style><p class=\"kt-adv-heading131_ed7a22-7d wp-block-kadence-advancedheading kt-adv-heading-has-icon\" data-kb-block=\"kb-adv-heading131_ed7a22-7d\"><span class=\"kb-svg-icon-wrap kb-adv-heading-icon kb-svg-icon-fa_android kb-adv-heading-icon-side-left\"><svg viewBox=\"0 0 576 512\"  fill=\"currentColor\" xmlns=\"http:\/\/www.w3.org\/2000\/svg\"  aria-hidden=\"true\"><path d=\"M420.55,301.93a24,24,0,1,1,24-24,24,24,0,0,1-24,24m-265.1,0a24,24,0,1,1,24-24,24,24,0,0,1-24,24m273.7-144.48,47.94-83a10,10,0,1,0-17.27-10h0l-48.54,84.07a301.25,301.25,0,0,0-246.56,0L116.18,64.45a10,10,0,1,0-17.27,10h0l47.94,83C64.53,202.22,8.24,285.55,0,384H576c-8.24-98.45-64.54-181.78-146.85-226.55\"\/><\/svg><\/span><span class=\"kb-adv-text-inner\">9.0+<\/span><\/p><\/div>\n\n\n\n<div class=\"wp-block-column is-layout-flow wp-block-column-is-layout-flow\"><style>.wp-block-kadence-advancedheading.kt-adv-heading131_ee1090-25, .wp-block-kadence-advancedheading.kt-adv-heading131_ee1090-25[data-kb-block=\"kb-adv-heading131_ee1090-25\"]{font-style:normal;}.wp-block-kadence-advancedheading.kt-adv-heading131_ee1090-25[data-kb-block=\"kb-adv-heading131_ee1090-25\"]{display:flex;gap:0.25em;align-items:center;}.wp-block-kadence-advancedheading.kt-adv-heading131_ee1090-25[data-kb-block=\"kb-adv-heading131_ee1090-25\"] .kb-adv-heading-icon svg{width:1em;height:1em;}.wp-block-kadence-advancedheading.kt-adv-heading131_ee1090-25[data-kb-block=\"kb-adv-heading131_ee1090-25\"] .kb-adv-heading-icon{color:#ffbe00;}.wp-block-kadence-advancedheading.kt-adv-heading131_ee1090-25 mark.kt-highlight, .wp-block-kadence-advancedheading.kt-adv-heading131_ee1090-25[data-kb-block=\"kb-adv-heading131_ee1090-25\"] mark.kt-highlight{font-style:normal;color:#f76a0c;-webkit-box-decoration-break:clone;box-decoration-break:clone;padding-top:0px;padding-right:0px;padding-bottom:0px;padding-left:0px;}.wp-block-kadence-advancedheading.kt-adv-heading131_ee1090-25 img.kb-inline-image, .wp-block-kadence-advancedheading.kt-adv-heading131_ee1090-25[data-kb-block=\"kb-adv-heading131_ee1090-25\"] img.kb-inline-image{width:150px;vertical-align:baseline;}@media all and (max-width: 1024px){.wp-block-kadence-advancedheading.kt-adv-heading131_ee1090-25, .wp-block-kadence-advancedheading.kt-adv-heading131_ee1090-25[data-kb-block=\"kb-adv-heading131_ee1090-25\"]{text-align:center!important;}}@media all and (max-width: 1024px){.wp-block-kadence-advancedheading.kt-adv-heading131_ee1090-25[data-kb-block=\"kb-adv-heading131_ee1090-25\"]{justify-content:center;}}@media all and (max-width: 767px){.wp-block-kadence-advancedheading.kt-adv-heading131_ee1090-25, .wp-block-kadence-advancedheading.kt-adv-heading131_ee1090-25[data-kb-block=\"kb-adv-heading131_ee1090-25\"]{text-align:center!important;}.wp-block-kadence-advancedheading.kt-adv-heading131_ee1090-25[data-kb-block=\"kb-adv-heading131_ee1090-25\"]{justify-content:center;}}<\/style><p class=\"kt-adv-heading131_ee1090-25 wp-block-kadence-advancedheading kt-adv-heading-has-icon\" data-kb-block=\"kb-adv-heading131_ee1090-25\"><span class=\"kb-svg-icon-wrap kb-adv-heading-icon kb-svg-icon-fas_star kb-adv-heading-icon-side-left\"><svg viewBox=\"0 0 576 512\"  fill=\"currentColor\" xmlns=\"http:\/\/www.w3.org\/2000\/svg\"  aria-hidden=\"true\"><path d=\"M259.3 17.8L194 150.2 47.9 171.5c-26.2 3.8-36.7 36.1-17.7 54.6l105.7 103-25 145.5c-4.5 26.3 23.2 46 46.4 33.7L288 439.6l130.7 68.7c23.2 12.2 50.9-7.4 46.4-33.7l-25-145.5 105.7-103c19-18.5 8.5-50.8-17.7-54.6L382 150.2 316.7 17.8c-11.7-23.6-45.6-23.9-57.4 0z\"\/><\/svg><\/span><span class=\"kb-adv-text-inner\">4.8\/5<\/span><\/p><\/div>\n<\/div>\n\n\n\n<p class=\"has-text-align-center\">Always check your mobile ARM version before downloading <a href=\"https:\/\/honistaa.net\/\">Honsita<\/a>; you can google your mobile model to check if it is 32-bit or 64-bit. If you are not sure about your ARM version, then download both versions and try which one works for you.<\/p>\n\n\n<style>.wp-block-kadence-advancedbtn.kb-btns131_6b3c49-96{gap:var(--global-kb-gap-xs, 0.5rem );justify-content:center;align-items:center;}.kt-btns131_6b3c49-96 .kt-button{font-weight:normal;font-style:normal;}.kt-btns131_6b3c49-96 .kt-btn-wrap-0{margin-right:5px;}.wp-block-kadence-advancedbtn.kt-btns131_6b3c49-96 .kt-btn-wrap-0 .kt-button{color:#555555;border-color:#555555;}.wp-block-kadence-advancedbtn.kt-btns131_6b3c49-96 .kt-btn-wrap-0 .kt-button:hover, .wp-block-kadence-advancedbtn.kt-btns131_6b3c49-96 .kt-btn-wrap-0 .kt-button:focus{color:#ffffff;border-color:#444444;}.wp-block-kadence-advancedbtn.kt-btns131_6b3c49-96 .kt-btn-wrap-0 .kt-button::before{display:none;}.wp-block-kadence-advancedbtn.kt-btns131_6b3c49-96 .kt-btn-wrap-0 .kt-button:hover, .wp-block-kadence-advancedbtn.kt-btns131_6b3c49-96 .kt-btn-wrap-0 .kt-button:focus{background:#444444;}<\/style>\n<div class=\"wp-block-kadence-advancedbtn kb-buttons-wrap kb-btns131_6b3c49-96\"><style>ul.menu .wp-block-kadence-advancedbtn .kb-btn131_75b6ee-5b.kb-button{width:initial;}.wp-block-kadence-advancedbtn .kb-btn131_75b6ee-5b.kb-button{background:#fe0170;border-top-left-radius:10px;border-top-right-radius:10px;border-bottom-right-radius:10px;border-bottom-left-radius:10px;border-top:2px solid #070707;border-right:2px solid #070707;border-bottom:2px solid #070707;border-left:2px solid #070707;}.wp-block-kadence-advancedbtn .kb-btn131_75b6ee-5b.kb-button:hover, .wp-block-kadence-advancedbtn .kb-btn131_75b6ee-5b.kb-button:focus{background:#000000;}@media all and (max-width: 1024px){.wp-block-kadence-advancedbtn .kb-btn131_75b6ee-5b.kb-button{border-top:2px solid #070707;border-right:2px solid #070707;border-bottom:2px solid #070707;border-left:2px solid #070707;}}@media all and (max-width: 767px){.wp-block-kadence-advancedbtn .kb-btn131_75b6ee-5b.kb-button{border-top:2px solid #070707;border-right:2px solid #070707;border-bottom:2px solid #070707;border-left:2px solid #070707;}}<\/style><a class=\"kb-button kt-button button kb-btn131_75b6ee-5b kt-btn-size-standard kt-btn-width-type-auto kb-btn-global-fill  kt-btn-has-text-true kt-btn-has-svg-true  wp-block-kadence-singlebtn\" href=\"https:\/\/dl.honistaa.net\/Honista_v12__x64.apk\"><span class=\"kb-svg-icon-wrap kb-svg-icon-fe_download kt-btn-icon-side-left\"><svg viewBox=\"0 0 24 24\"  fill=\"none\" stroke=\"currentColor\" stroke-width=\"2\" stroke-linecap=\"round\" stroke-linejoin=\"round\" xmlns=\"http:\/\/www.w3.org\/2000\/svg\"  aria-hidden=\"true\"><path d=\"M21 15v4a2 2 0 0 1-2 2H5a2 2 0 0 1-2-2v-4\"\/><polyline points=\"7 10 12 15 17 10\"\/><line x1=\"12\" y1=\"15\" x2=\"12\" y2=\"3\"\/><\/svg><\/span><span class=\"kt-btn-inner-text\">Download Honista v12.0 &#8211; ARM 64<\/span><\/a><\/div>\n\n\n<style>.wp-block-kadence-advancedheading.kt-adv-heading131_6c7ddc-11, .wp-block-kadence-advancedheading.kt-adv-heading131_6c7ddc-11[data-kb-block=\"kb-adv-heading131_6c7ddc-11\"]{padding-top:10px;padding-right:10px;padding-bottom:10px;padding-left:10px;font-style:normal;color:#ffffff;background-color:#000000;border-top-left-radius:5px;border-top-right-radius:5px;border-bottom-right-radius:5px;border-bottom-left-radius:5px;}.wp-block-kadence-advancedheading.kt-adv-heading131_6c7ddc-11[data-kb-block=\"kb-adv-heading131_6c7ddc-11\"]{display:flex;gap:0.25em;align-items:center;}.wp-block-kadence-advancedheading.kt-adv-heading131_6c7ddc-11[data-kb-block=\"kb-adv-heading131_6c7ddc-11\"] .kb-adv-heading-icon svg{width:1em;height:1em;}.wp-block-kadence-advancedheading.kt-adv-heading131_6c7ddc-11[data-kb-block=\"kb-adv-heading131_6c7ddc-11\"] .kb-adv-heading-icon{color:#ffffff;}.wp-block-kadence-advancedheading.kt-adv-heading131_6c7ddc-11 mark.kt-highlight, .wp-block-kadence-advancedheading.kt-adv-heading131_6c7ddc-11[data-kb-block=\"kb-adv-heading131_6c7ddc-11\"] mark.kt-highlight{font-style:normal;color:#f76a0c;-webkit-box-decoration-break:clone;box-decoration-break:clone;padding-top:0px;padding-right:0px;padding-bottom:0px;padding-left:0px;}.wp-block-kadence-advancedheading.kt-adv-heading131_6c7ddc-11 img.kb-inline-image, .wp-block-kadence-advancedheading.kt-adv-heading131_6c7ddc-11[data-kb-block=\"kb-adv-heading131_6c7ddc-11\"] img.kb-inline-image{width:150px;vertical-align:baseline;}.wp-block-kadence-advancedheading.kt-adv-heading131_6c7ddc-11[data-kb-block=\"kb-adv-heading131_6c7ddc-11\"] a, .kt-adv-heading-link131_6c7ddc-11, .kt-adv-heading-link131_6c7ddc-11 .kt-adv-heading131_6c7ddc-11[data-kb-block=\"kb-adv-heading131_6c7ddc-11\"]{color:#fe0170;}.wp-block-kadence-advancedheading.kt-adv-heading131_6c7ddc-11[data-kb-block=\"kb-adv-heading131_6c7ddc-11\"] a:hover, .kt-adv-heading-link131_6c7ddc-11:hover, .kt-adv-heading-link131_6c7ddc-11:hover .kt-adv-heading131_6c7ddc-11[data-kb-block=\"kb-adv-heading131_6c7ddc-11\"]{color:#ffffff;}<\/style><p class=\"kt-adv-heading131_6c7ddc-11 wp-block-kadence-advancedheading kt-adv-heading-has-icon\" data-kb-block=\"kb-adv-heading131_6c7ddc-11\"><span class=\"kb-svg-icon-wrap kb-adv-heading-icon kb-svg-icon-fe_info kb-adv-heading-icon-side-left\"><svg viewBox=\"0 0 24 24\"  fill=\"none\" stroke=\"currentColor\" stroke-width=\"2\" stroke-linecap=\"round\" stroke-linejoin=\"round\" xmlns=\"http:\/\/www.w3.org\/2000\/svg\"  aria-hidden=\"true\"><circle cx=\"12\" cy=\"12\" r=\"10\"\/><line x1=\"12\" y1=\"16\" x2=\"12\" y2=\"12\"\/><line x1=\"12\" y1=\"8\" x2=\"12\" y2=\"8\"\/><\/svg><\/span><span class=\"kb-adv-text-inner\">If you are facing issues with the latest version of Honista, please use the <a href=\"https:\/\/honistaa.net\/honista-old-versions\/\">old versions<\/a>.<\/span><\/p>","protected":false},"excerpt":{"rendered":"<p>v12.0 132MB 9.0+ 4.8\/5 V\u00e9rifiez toujours la version ARM de votre mobile avant de t\u00e9l\u00e9charger Honsita ; vous pouvez googler votre mod\u00e8le de mobile pour v\u00e9rifier s'il est 32-bit ou 64-bit. Si vous n'\u00eates pas s\u00fbr de votre version ARM, t\u00e9l\u00e9chargez les deux versions et essayez celle qui vous convient le mieux. Si vous rencontrez des probl\u00e8mes avec la derni\u00e8re...<\/p>","protected":false},"author":1,"featured_media":0,"parent":0,"menu_order":0,"comment_status":"closed","ping_status":"closed","template":"","meta":{"_kad_blocks_custom_css":"","_kad_blocks_head_custom_js":"","_kad_blocks_body_custom_js":"","_kad_blocks_footer_custom_js":"","_kad_post_transparent":"","_kad_post_title":"","_kad_post_layout":"narrow","_kad_post_sidebar_id":"","_kad_post_content_style":"unboxed","_kad_post_vertical_padding":"default","_kad_post_feature":"hide","_kad_post_feature_position":"","_kad_post_header":false,"_kad_post_footer":false,"footnotes":""},"class_list":["post-131","page","type-page","status-publish","hentry"],"taxonomy_info":[],"featured_image_src_large":false,"author_info":{"display_name":"Perfect Dev","author_link":"https:\/\/honistaa.net\/fr\/author\/rahulkumarg5469gmail-com\/"},"comment_info":0,"_links":{"self":[{"href":"https:\/\/honistaa.net\/fr\/wp-json\/wp\/v2\/pages\/131","targetHints":{"allow":["GET"]}}],"collection":[{"href":"https:\/\/honistaa.net\/fr\/wp-json\/wp\/v2\/pages"}],"about":[{"href":"https:\/\/honistaa.net\/fr\/wp-json\/wp\/v2\/types\/page"}],"author":[{"embeddable":true,"href":"https:\/\/honistaa.net\/fr\/wp-json\/wp\/v2\/users\/1"}],"replies":[{"embeddable":true,"href":"https:\/\/honistaa.net\/fr\/wp-json\/wp\/v2\/comments?post=131"}],"version-history":[{"count":11,"href":"https:\/\/honistaa.net\/fr\/wp-json\/wp\/v2\/pages\/131\/revisions"}],"predecessor-version":[{"id":296,"href":"https:\/\/honistaa.net\/fr\/wp-json\/wp\/v2\/pages\/131\/revisions\/296"}],"wp:attachment":[{"href":"https:\/\/honistaa.net\/fr\/wp-json\/wp\/v2\/media?parent=131"}],"curies":[{"name":"wp","href":"https:\/\/api.w.org\/{rel}","templated":true}]}}