{"id":102,"date":"2024-09-07T12:09:46","date_gmt":"2024-09-07T12:09:46","guid":{"rendered":"https:\/\/honistaa.net\/?page_id=102"},"modified":"2026-03-21T14:30:53","modified_gmt":"2026-03-21T14:30:53","slug":"dmca","status":"publish","type":"page","link":"https:\/\/honistaa.net\/fr\/dmca\/","title":{"rendered":"DMCA"},"content":{"rendered":"<p>Au <strong>Honista.net<\/strong>Nous respectons les droits de propri\u00e9t\u00e9 intellectuelle d'autrui et attendons de nos utilisateurs qu'ils fassent de m\u00eame. Conform\u00e9ment au Digital Millennium Copyright Act (DMCA), nous avons pour politique de r\u00e9pondre aux notifications claires de violation pr\u00e9sum\u00e9e des droits d'auteur. La pr\u00e9sente politique DMCA d\u00e9crit le processus de notification des violations potentielles des droits d'auteur et les mesures que nous prenons \u00e0 la r\u00e9ception de ces notifications.<\/p>\n\n\n\n<h2 class=\"wp-block-heading\"><strong>1. Notification de violation des droits d'auteur<\/strong><\/h2>\n\n\n\n<p>Si vous pensez que le contenu des <strong>Honista.net<\/strong> enfreint vos droits d'auteur, vous pouvez soumettre une notification \u00e9crite conform\u00e9ment au DMCA \u00e0 notre agent d\u00e9sign\u00e9 pour les droits d'auteur. La notification doit contenir les informations suivantes :<\/p>\n\n\n\n<ul class=\"wp-block-list\">\n<li><strong>Vos coordonn\u00e9es<\/strong>: Votre nom complet, votre adresse, votre num\u00e9ro de t\u00e9l\u00e9phone et votre adresse \u00e9lectronique.<\/li>\n\n\n\n<li><strong>Identification de l'\u0153uvre prot\u00e9g\u00e9e par le droit d'auteur<\/strong>: Une description de l'\u0153uvre prot\u00e9g\u00e9e par des droits d'auteur qui, selon vous, a \u00e9t\u00e9 viol\u00e9e, y compris l'URL ou l'emplacement sp\u00e9cifique o\u00f9 se trouve le contenu.<\/li>\n\n\n\n<li><strong>D\u00e9claration de propri\u00e9t\u00e9<\/strong>: Une d\u00e9claration indiquant que vous \u00eates le propri\u00e9taire des droits d'auteur ou que vous \u00eates autoris\u00e9 \u00e0 agir au nom du propri\u00e9taire des droits d'auteur pr\u00e9tendument enfreints.<\/li>\n\n\n\n<li><strong>Croyance de bonne foi<\/strong>: Une d\u00e9claration selon laquelle vous pensez de bonne foi que l'utilisation du mat\u00e9riel de la mani\u00e8re incrimin\u00e9e n'est pas autoris\u00e9e par le d\u00e9tenteur des droits d'auteur, son agent ou la loi.<\/li>\n\n\n\n<li><strong>Signature<\/strong>: Une signature physique ou \u00e9lectronique du titulaire du droit d'auteur ou d'une personne autoris\u00e9e \u00e0 agir en son nom.<\/li>\n<\/ul>\n\n\n\n<p>Veuillez envoyer les avis de retrait DMCA \u00e0 - <a href=\"https:\/\/honistaa.net\/fr\/nous-contacter\/\">Nous contacter<\/a><\/p>\n\n\n\n<p><strong>Ligne d'objet :<\/strong> Demande de retrait DMCA<\/p>\n\n\n\n<h2 class=\"wp-block-heading\"><strong>2. Proc\u00e9dure de contre-notification<\/strong><\/h2>\n\n\n\n<p>Si vous pensez que le contenu que vous avez publi\u00e9 sur <strong>Honista.net<\/strong> a \u00e9t\u00e9 supprim\u00e9e ou d\u00e9sactiv\u00e9e par erreur ou par m\u00e9connaissance, vous pouvez d\u00e9poser une contre-notification. La contre-notification doit contenir les informations suivantes :<\/p>\n\n\n\n<ul class=\"wp-block-list\">\n<li><strong>Vos coordonn\u00e9es<\/strong>: Votre nom complet, votre adresse, votre num\u00e9ro de t\u00e9l\u00e9phone et votre adresse \u00e9lectronique.<\/li>\n\n\n\n<li><strong>Identification du mat\u00e9riel retir\u00e9<\/strong>: Une description du mat\u00e9riel qui a \u00e9t\u00e9 supprim\u00e9 ou d\u00e9sactiv\u00e9 et l'endroit o\u00f9 il apparaissait avant d'\u00eatre supprim\u00e9.<\/li>\n\n\n\n<li><strong>D\u00e9claration de bonne foi<\/strong>: Une d\u00e9claration sous peine de parjure indiquant que vous pensez de bonne foi que le contenu a \u00e9t\u00e9 supprim\u00e9 ou d\u00e9sactiv\u00e9 \u00e0 la suite d'une erreur ou d'une mauvaise identification.<\/li>\n\n\n\n<li><strong>Consentement \u00e0 la comp\u00e9tence<\/strong>: Une d\u00e9claration selon laquelle vous acceptez la comp\u00e9tence de la Cour f\u00e9d\u00e9rale de district de votre district ou, si vous \u00eates en dehors des \u00c9tats-Unis, la comp\u00e9tence du district o\u00f9 se trouve votre domicile. <strong>Honista.net<\/strong> et que vous accepterez la signification de la proc\u00e9dure de la part de la partie qui a d\u00e9pos\u00e9 la plainte originale en vertu du DMCA.<\/li>\n\n\n\n<li><strong>Signature<\/strong>: Une signature physique ou \u00e9lectronique de la partie qui soumet la contre-notification.<\/li>\n<\/ul>\n\n\n\n<p>Veuillez envoyer des contre-notifications par l'interm\u00e9diaire de notre <a href=\"https:\/\/honistaa.net\/fr\/nous-contacter\/\">page de contact<\/a>.<\/p>\n\n\n\n<h2 class=\"wp-block-heading\"><strong>3. R\u00e9cidivistes<\/strong><\/h2>\n\n\n\n<p>Nous avons pour politique de mettre fin, dans des circonstances appropri\u00e9es, aux activit\u00e9s des utilisateurs ou des titulaires de comptes qui enfreignent de mani\u00e8re r\u00e9p\u00e9t\u00e9e les droits d'auteur.<\/p>\n\n\n\n<h2 class=\"wp-block-heading\"><strong>4. Fausses d\u00e9clarations<\/strong><\/h2>\n\n\n\n<p>Veuillez noter qu'en vertu de la loi DMCA, toute personne qui pr\u00e9sente sciemment de mani\u00e8re erron\u00e9e un mat\u00e9riel ou une activit\u00e9 comme \u00e9tant une infraction peut voir sa responsabilit\u00e9 engag\u00e9e. Cela inclut la soumission de fausses notifications de d\u00e9montage DMCA ou de fausses contre-notifications. Si vous n'\u00eates pas certain que le mat\u00e9riel en question porte atteinte \u00e0 vos droits d'auteur, vous pouvez consulter un conseiller juridique avant de poursuivre.<\/p>\n\n\n\n<h2 class=\"wp-block-heading\"><strong>5. Modifications<\/strong><\/h2>\n\n\n\n<p><strong>Honista.net<\/strong> se r\u00e9serve le droit de modifier cette politique DMCA \u00e0 tout moment. Toute modification sera publi\u00e9e sur cette page avec une date de r\u00e9vision actualis\u00e9e.<\/p>\n\n\n\n<h2 class=\"wp-block-heading\"><strong>6. Nous contacter<\/strong><\/h2>\n\n\n\n<p>Pour toute question relative \u00e0 la pr\u00e9sente politique DMCA, veuillez nous contacter par l'interm\u00e9diaire de notre site web. <a href=\"https:\/\/honistaa.net\/fr\/nous-contacter\/\">Page de contact<\/a>.<\/p>","protected":false},"excerpt":{"rendered":"<p>Chez Honista.net, nous respectons les droits de propri\u00e9t\u00e9 intellectuelle d'autrui et attendons de nos utilisateurs qu'ils fassent de m\u00eame. Conform\u00e9ment au Digital Millennium Copyright Act (DMCA), notre politique consiste \u00e0 r\u00e9pondre aux avis clairs de violation pr\u00e9sum\u00e9e des droits d'auteur. Cette politique DMCA d\u00e9crit le processus de notification des violations potentielles des droits d'auteur et notre...<\/p>","protected":false},"author":1,"featured_media":0,"parent":0,"menu_order":0,"comment_status":"closed","ping_status":"closed","template":"","meta":{"_kad_blocks_custom_css":"","_kad_blocks_head_custom_js":"","_kad_blocks_body_custom_js":"","_kad_blocks_footer_custom_js":"","_kad_post_transparent":"","_kad_post_title":"","_kad_post_layout":"","_kad_post_sidebar_id":"","_kad_post_content_style":"","_kad_post_vertical_padding":"","_kad_post_feature":"","_kad_post_feature_position":"","_kad_post_header":false,"_kad_post_footer":false,"footnotes":""},"class_list":["post-102","page","type-page","status-publish","hentry"],"taxonomy_info":[],"featured_image_src_large":false,"author_info":{"display_name":"Perfect Dev","author_link":"https:\/\/honistaa.net\/fr\/author\/rahulkumarg5469gmail-com\/"},"comment_info":0,"_links":{"self":[{"href":"https:\/\/honistaa.net\/fr\/wp-json\/wp\/v2\/pages\/102","targetHints":{"allow":["GET"]}}],"collection":[{"href":"https:\/\/honistaa.net\/fr\/wp-json\/wp\/v2\/pages"}],"about":[{"href":"https:\/\/honistaa.net\/fr\/wp-json\/wp\/v2\/types\/page"}],"author":[{"embeddable":true,"href":"https:\/\/honistaa.net\/fr\/wp-json\/wp\/v2\/users\/1"}],"replies":[{"embeddable":true,"href":"https:\/\/honistaa.net\/fr\/wp-json\/wp\/v2\/comments?post=102"}],"version-history":[{"count":1,"href":"https:\/\/honistaa.net\/fr\/wp-json\/wp\/v2\/pages\/102\/revisions"}],"predecessor-version":[{"id":103,"href":"https:\/\/honistaa.net\/fr\/wp-json\/wp\/v2\/pages\/102\/revisions\/103"}],"wp:attachment":[{"href":"https:\/\/honistaa.net\/fr\/wp-json\/wp\/v2\/media?parent=102"}],"curies":[{"name":"wp","href":"https:\/\/api.w.org\/{rel}","templated":true}]}}