{"id":100,"date":"2024-09-07T12:05:09","date_gmt":"2024-09-07T12:05:09","guid":{"rendered":"https:\/\/honistaa.net\/?page_id=100"},"modified":"2026-03-21T14:31:02","modified_gmt":"2026-03-21T14:31:02","slug":"conformite-gdpr","status":"publish","type":"page","link":"https:\/\/honistaa.net\/fr\/conformite-gdpr\/","title":{"rendered":"Conformit\u00e9 au GDPR"},"content":{"rendered":"<p>Au <strong>Honista.net<\/strong>Sur notre site internet, nous nous engageons \u00e0 prot\u00e9ger votre vie priv\u00e9e et \u00e0 veiller \u00e0 ce que vos donn\u00e9es personnelles soient trait\u00e9es conform\u00e9ment au r\u00e8glement g\u00e9n\u00e9ral sur la protection des donn\u00e9es (RGPD). Cette politique d\u00e9crit la mani\u00e8re dont nous collectons, utilisons et prot\u00e9geons vos donn\u00e9es personnelles lorsque vous visitez notre site web.<\/p>\n\n\n\n<h2 class=\"wp-block-heading\"><strong>1. Contr\u00f4leur de donn\u00e9es<\/strong><\/h2>\n\n\n\n<p>Le contr\u00f4leur de donn\u00e9es responsable de la collecte et de l'utilisation de vos informations personnelles est <strong>Honista.net<\/strong>. Vous pouvez nous contacter par l'interm\u00e9diaire de notre <a href=\"https:\/\/honistaa.net\/fr\/nous-contacter\/\">Page de contact<\/a> pour toute question relative \u00e0 cette politique.<\/p>\n\n\n\n<h2 class=\"wp-block-heading\"><strong>2. Quelles sont les donn\u00e9es que nous collectons ?<\/strong><\/h2>\n\n\n\n<p>Nous pouvons collecter les types de donn\u00e9es personnelles suivants :<\/p>\n\n\n\n<ul class=\"wp-block-list\">\n<li><strong>Informations personnelles<\/strong>: Votre nom, votre adresse \u00e9lectronique, votre num\u00e9ro de t\u00e9l\u00e9phone ou toute autre information que vous fournissez en remplissant un formulaire de contact ou en interagissant avec notre site.<\/li>\n\n\n\n<li><strong>Donn\u00e9es d'utilisation<\/strong>: Informations sur la mani\u00e8re dont vous interagissez avec notre site web, telles que l'adresse IP, le type de navigateur, les pages consult\u00e9es, le temps pass\u00e9 sur le site et la source de r\u00e9f\u00e9rence.<\/li>\n\n\n\n<li><strong>Cookies<\/strong>: Nous utilisons des cookies pour am\u00e9liorer l'exp\u00e9rience des utilisateurs et \u00e0 des fins d'analyse. Vous pouvez contr\u00f4ler les cookies par le biais des param\u00e8tres de votre navigateur.<\/li>\n<\/ul>\n\n\n\n<h2 class=\"wp-block-heading\"><strong>3. Comment nous collectons vos donn\u00e9es<\/strong><\/h2>\n\n\n\n<p>Nous collectons des donn\u00e9es par le biais de :<\/p>\n\n\n\n<ul class=\"wp-block-list\">\n<li><strong>Formulaires<\/strong>: Lorsque vous soumettez des formulaires sur notre site web (par exemple, des formulaires de contact).<\/li>\n\n\n\n<li><strong>Cookies et analyses<\/strong>: Nous utilisons des cookies et des technologies de suivi pour surveiller l'activit\u00e9 du site web et recueillir des informations en vue d'am\u00e9liorer nos services.<\/li>\n<\/ul>\n\n\n\n<h2 class=\"wp-block-heading\"><strong>4. Comment nous utilisons vos donn\u00e9es<\/strong><\/h2>\n\n\n\n<p>Vos donn\u00e9es sont utilis\u00e9es aux fins suivantes :<\/p>\n\n\n\n<ul class=\"wp-block-list\">\n<li><strong>Fournir et am\u00e9liorer nos services<\/strong>: Nous utilisons vos informations pour communiquer avec vous, r\u00e9pondre \u00e0 vos demandes et am\u00e9liorer notre site web.<\/li>\n\n\n\n<li><strong>Analyse<\/strong>: Nous analysons la fa\u00e7on dont les utilisateurs interagissent avec le site afin d'am\u00e9liorer leur exp\u00e9rience et d'optimiser le contenu.<\/li>\n\n\n\n<li><strong>Conformit\u00e9<\/strong>: Nous pouvons utiliser vos donn\u00e9es pour nous conformer \u00e0 des obligations l\u00e9gales ou pour prot\u00e9ger nos droits.<\/li>\n<\/ul>\n\n\n\n<h2 class=\"wp-block-heading\"><strong>5. Base juridique du traitement des donn\u00e9es \u00e0 caract\u00e8re personnel<\/strong><\/h2>\n\n\n\n<p>Nous traitons vos donn\u00e9es personnelles sur la base des fondements juridiques suivants :<\/p>\n\n\n\n<ul class=\"wp-block-list\">\n<li><strong>Consentement<\/strong>: Vous avez donn\u00e9 votre accord pour que nous traitions vos donn\u00e9es \u00e0 caract\u00e8re personnel \u00e0 des fins sp\u00e9cifiques (par exemple, l'abonnement \u00e0 des bulletins d'information).<\/li>\n\n\n\n<li><strong>Contrat<\/strong>: Le traitement est n\u00e9cessaire \u00e0 l'ex\u00e9cution d'un contrat avec vous.<\/li>\n\n\n\n<li><strong>Int\u00e9r\u00eat l\u00e9gitime<\/strong>: Nous traitons vos donn\u00e9es pour am\u00e9liorer notre site web, \u00e0 des fins de marketing ou pour prot\u00e9ger nos int\u00e9r\u00eats l\u00e9gaux.<\/li>\n<\/ul>\n\n\n\n<h2 class=\"wp-block-heading\"><strong>6. Vos droits en vertu du GDPR<\/strong><\/h2>\n\n\n\n<p>En tant que personne concern\u00e9e, vous disposez des droits suivants :<\/p>\n\n\n\n<ul class=\"wp-block-list\">\n<li><strong>Droit d'acc\u00e8s<\/strong>: Vous pouvez demander l'acc\u00e8s \u00e0 vos donn\u00e9es personnelles.<\/li>\n\n\n\n<li><strong>Droit de rectification<\/strong>: Vous pouvez nous demander de corriger toute donn\u00e9e personnelle inexacte ou incompl\u00e8te.<\/li>\n\n\n\n<li><strong>Droit \u00e0 l'effacement<\/strong>: Vous pouvez demander la suppression de vos donn\u00e9es personnelles sous certaines conditions.<\/li>\n\n\n\n<li><strong>Droit \u00e0 la limitation du traitement<\/strong>: Vous avez le droit de demander la limitation du traitement de vos donn\u00e9es personnelles.<\/li>\n\n\n\n<li><strong>Droit \u00e0 la portabilit\u00e9 des donn\u00e9es<\/strong>: Vous pouvez nous demander de transf\u00e9rer vos donn\u00e9es personnelles \u00e0 un autre fournisseur de services.<\/li>\n\n\n\n<li><strong>Droit d'opposition<\/strong>: Vous pouvez vous opposer \u00e0 ce que nous traitions vos donn\u00e9es personnelles sur la base d'int\u00e9r\u00eats l\u00e9gitimes ou \u00e0 des fins de marketing direct.<\/li>\n<\/ul>\n\n\n\n<p>Pour exercer l'un ou l'autre de ces droits, veuillez nous contacter par l'interm\u00e9diaire de notre site web. <a href=\"https:\/\/honistaa.net\/fr\/nous-contacter\/\">Page de contact<\/a>.<\/p>\n\n\n\n<h2 class=\"wp-block-heading\"><strong>7. Conservation des donn\u00e9es<\/strong><\/h2>\n\n\n\n<p>Nous ne conservons vos donn\u00e9es personnelles que pendant la dur\u00e9e n\u00e9cessaire aux fins d\u00e9crites dans la pr\u00e9sente politique ou conform\u00e9ment \u00e0 la loi.<\/p>\n\n\n\n<h2 class=\"wp-block-heading\"><strong>8. Partager vos donn\u00e9es<\/strong><\/h2>\n\n\n\n<p>Nous ne partageons pas, ne vendons pas et ne louons pas vos donn\u00e9es personnelles \u00e0 des tiers, sauf si cela est n\u00e9cessaire pour vous fournir des services ou si la loi l'exige.<\/p>\n\n\n\n<h2 class=\"wp-block-heading\"><strong>9. S\u00e9curit\u00e9 des donn\u00e9es<\/strong><\/h2>\n\n\n\n<p>Nous mettons en \u0153uvre des mesures de s\u00e9curit\u00e9 raisonnables pour prot\u00e9ger vos donn\u00e9es personnelles contre tout acc\u00e8s, modification, divulgation ou destruction non autoris\u00e9s. Toutefois, aucune plateforme en ligne ne peut garantir une s\u00e9curit\u00e9 totale.<\/p>\n\n\n\n<h2 class=\"wp-block-heading\"><strong>10. Liens avec des tiers<\/strong><\/h2>\n\n\n\n<p>Notre site web peut contenir des liens vers des sites web externes. Nous ne sommes pas responsables des politiques de confidentialit\u00e9 ou des pratiques des sites tiers. Veuillez consulter leurs politiques de mani\u00e8re ind\u00e9pendante.<\/p>\n\n\n\n<h2 class=\"wp-block-heading\"><strong>11. Transferts internationaux<\/strong><\/h2>\n\n\n\n<p>Si vos donn\u00e9es personnelles sont transf\u00e9r\u00e9es en dehors de l'Espace \u00e9conomique europ\u00e9en (EEE), nous veillons \u00e0 ce qu'elles soient prot\u00e9g\u00e9es par des garanties appropri\u00e9es conform\u00e9ment aux exigences du GDPR.<\/p>\n\n\n\n<h2 class=\"wp-block-heading\"><strong>12. Modifications de la pr\u00e9sente politique de protection de la vie priv\u00e9e<\/strong><\/h2>\n\n\n\n<p>Nous pouvons mettre \u00e0 jour cette politique de confidentialit\u00e9 GDPR de temps \u00e0 autre. Toute modification sera publi\u00e9e sur cette page avec une date de r\u00e9vision actualis\u00e9e. Nous vous recommandons de consulter r\u00e9guli\u00e8rement cette page afin de rester inform\u00e9 de tout changement.<\/p>\n\n\n\n<h2 class=\"wp-block-heading\"><strong>13. Nous contacter<\/strong><\/h2>\n\n\n\n<p>Si vous avez des questions ou des pr\u00e9occupations concernant notre politique de confidentialit\u00e9 GDPR ou la fa\u00e7on dont vos donn\u00e9es sont trait\u00e9es, veuillez nous contacter via notre site web. <a href=\"https:\/\/honistaa.net\/fr\/nous-contacter\/\">Page de contact<\/a>.<\/p>","protected":false},"excerpt":{"rendered":"<p>Chez Honista.net, nous nous engageons \u00e0 prot\u00e9ger votre vie priv\u00e9e et \u00e0 veiller \u00e0 ce que vos donn\u00e9es personnelles soient trait\u00e9es conform\u00e9ment au r\u00e8glement g\u00e9n\u00e9ral sur la protection des donn\u00e9es (RGPD). Cette politique d\u00e9crit comment nous collectons, utilisons et prot\u00e9geons vos donn\u00e9es personnelles lorsque vous visitez notre site web. 1. Contr\u00f4leur de donn\u00e9es Le contr\u00f4leur de donn\u00e9es responsable de la collecte et de l'utilisation...<\/p>","protected":false},"author":1,"featured_media":0,"parent":0,"menu_order":0,"comment_status":"closed","ping_status":"closed","template":"","meta":{"_kad_blocks_custom_css":"","_kad_blocks_head_custom_js":"","_kad_blocks_body_custom_js":"","_kad_blocks_footer_custom_js":"","_kad_post_transparent":"","_kad_post_title":"","_kad_post_layout":"","_kad_post_sidebar_id":"","_kad_post_content_style":"","_kad_post_vertical_padding":"","_kad_post_feature":"","_kad_post_feature_position":"","_kad_post_header":false,"_kad_post_footer":false,"footnotes":""},"class_list":["post-100","page","type-page","status-publish","hentry"],"taxonomy_info":[],"featured_image_src_large":false,"author_info":{"display_name":"Perfect Dev","author_link":"https:\/\/honistaa.net\/fr\/author\/rahulkumarg5469gmail-com\/"},"comment_info":0,"_links":{"self":[{"href":"https:\/\/honistaa.net\/fr\/wp-json\/wp\/v2\/pages\/100","targetHints":{"allow":["GET"]}}],"collection":[{"href":"https:\/\/honistaa.net\/fr\/wp-json\/wp\/v2\/pages"}],"about":[{"href":"https:\/\/honistaa.net\/fr\/wp-json\/wp\/v2\/types\/page"}],"author":[{"embeddable":true,"href":"https:\/\/honistaa.net\/fr\/wp-json\/wp\/v2\/users\/1"}],"replies":[{"embeddable":true,"href":"https:\/\/honistaa.net\/fr\/wp-json\/wp\/v2\/comments?post=100"}],"version-history":[{"count":1,"href":"https:\/\/honistaa.net\/fr\/wp-json\/wp\/v2\/pages\/100\/revisions"}],"predecessor-version":[{"id":101,"href":"https:\/\/honistaa.net\/fr\/wp-json\/wp\/v2\/pages\/100\/revisions\/101"}],"wp:attachment":[{"href":"https:\/\/honistaa.net\/fr\/wp-json\/wp\/v2\/media?parent=100"}],"curies":[{"name":"wp","href":"https:\/\/api.w.org\/{rel}","templated":true}]}}