{"id":98,"date":"2024-09-07T12:02:58","date_gmt":"2024-09-07T12:02:58","guid":{"rendered":"https:\/\/honistaa.net\/?page_id=98"},"modified":"2026-03-21T14:30:49","modified_gmt":"2026-03-21T14:30:49","slug":"descargo-de-responsabilidad","status":"publish","type":"page","link":"https:\/\/honistaa.net\/es\/descargo-de-responsabilidad\/","title":{"rendered":"Descargo de responsabilidad"},"content":{"rendered":"<p>La informaci\u00f3n facilitada en <strong>Honista.net<\/strong> tiene \u00fanicamente fines informativos generales. Toda la informaci\u00f3n contenida en el sitio se facilita de buena fe; sin embargo, no hacemos declaraciones ni ofrecemos garant\u00edas de ning\u00fan tipo, expresas o impl\u00edcitas, sobre la exactitud, adecuaci\u00f3n, fiabilidad o integridad de la informaci\u00f3n contenida en el sitio.<\/p>\n\n\n\n<h2 class=\"wp-block-heading\"><strong>1. Sin asesoramiento profesional<\/strong><\/h2>\n\n\n\n<p>El contenido de <strong>Honista.net<\/strong> no pretende ser asesoramiento profesional de ning\u00fan tipo. No debe confiar en la informaci\u00f3n del sitio web como sustituto de servicios profesionales de asesoramiento jur\u00eddico, m\u00e9dico, financiero o t\u00e9cnico. Consulte siempre a un profesional cualificado en caso de dudas concretas.<\/p>\n\n\n\n<h2 class=\"wp-block-heading\"><strong>2. Descargo de responsabilidad sobre enlaces externos<\/strong><\/h2>\n\n\n\n<p><strong>Honista.net<\/strong> puede contener enlaces a sitios web externos que no son proporcionados ni mantenidos por nosotros ni est\u00e1n afiliados a nosotros en modo alguno. Tenga en cuenta que no garantizamos la exactitud, pertinencia o integridad de la informaci\u00f3n contenida en estos sitios web externos. La inclusi\u00f3n de cualquier enlace no implica nuestra aprobaci\u00f3n del sitio o de su contenido.<\/p>\n\n\n\n<h2 class=\"wp-block-heading\"><strong>3. Responsabilidad del usuario<\/strong><\/h2>\n\n\n\n<p>Cualquier acci\u00f3n que emprenda basada en la informaci\u00f3n encontrada en <strong>Honista.net<\/strong> son estrictamente por su cuenta y riesgo. No seremos responsables de ninguna p\u00e9rdida, da\u00f1o o responsabilidad que se derive de su uso del sitio web o de la confianza depositada en la informaci\u00f3n facilitada.<\/p>\n\n\n\n<h2 class=\"wp-block-heading\"><strong>4. Sin garant\u00edas<\/strong><\/h2>\n\n\n\n<p>Aunque nos esforzamos por ofrecer informaci\u00f3n precisa y actualizada, <strong>Honista.net<\/strong> no ofrece ninguna garant\u00eda sobre la exactitud o integridad de los contenidos. El sitio y su contenido se proporcionan \"tal cual\" y \"seg\u00fan disponibilidad\", sin ninguna garant\u00eda. Declinamos toda responsabilidad por cualquier error u omisi\u00f3n en el contenido.<\/p>\n\n\n\n<h2 class=\"wp-block-heading\"><strong>5. No Responsabilidad<\/strong><\/h2>\n\n\n\n<p>En ning\u00fan caso <strong>Honista.net<\/strong>ni sus propietarios, afiliados o empleados ser\u00e1n responsables de ning\u00fan da\u00f1o directo, indirecto, consecuencial o incidental derivado o relacionado con el uso o la imposibilidad de uso del sitio web o de cualquier contenido enlazado.<\/p>\n\n\n\n<h2 class=\"wp-block-heading\"><strong>6. Cambios en el descargo de responsabilidad<\/strong><\/h2>\n\n\n\n<p><strong>Honista.net<\/strong> se reserva el derecho de modificar o actualizar en cualquier momento este aviso legal. Al continuar utilizando el sitio, usted acepta y se compromete a cumplir los t\u00e9rminos actualizados.<\/p>\n\n\n\n<h2 class=\"wp-block-heading\"><strong>7. Contacto<\/strong><\/h2>\n\n\n\n<p>Si tiene alguna pregunta o duda sobre este descargo de responsabilidad, no dude en ponerse en contacto con nosotros a trav\u00e9s de nuestro <a href=\"https:\/\/honistaa.net\/es\/contacto\/\">P\u00e1gina de contacto<\/a>.<\/p>","protected":false},"excerpt":{"rendered":"<p>La informaci\u00f3n proporcionada en Honista.net s\u00f3lo tiene fines informativos generales. Toda la informaci\u00f3n contenida en el sitio se proporciona de buena fe; sin embargo, no hacemos representaciones o garant\u00edas de ning\u00fan tipo, expresas o impl\u00edcitas, con respecto a la exactitud, adecuaci\u00f3n, fiabilidad o integridad de cualquier informaci\u00f3n en el sitio. 1. 1. Asesoramiento no profesional El contenido de Honista.net...<\/p>","protected":false},"author":1,"featured_media":0,"parent":0,"menu_order":0,"comment_status":"closed","ping_status":"closed","template":"","meta":{"_kad_blocks_custom_css":"","_kad_blocks_head_custom_js":"","_kad_blocks_body_custom_js":"","_kad_blocks_footer_custom_js":"","_kad_post_transparent":"","_kad_post_title":"","_kad_post_layout":"","_kad_post_sidebar_id":"","_kad_post_content_style":"","_kad_post_vertical_padding":"","_kad_post_feature":"","_kad_post_feature_position":"","_kad_post_header":false,"_kad_post_footer":false,"footnotes":""},"class_list":["post-98","page","type-page","status-publish","hentry"],"taxonomy_info":[],"featured_image_src_large":false,"author_info":{"display_name":"Perfect Dev","author_link":"https:\/\/honistaa.net\/es\/author\/rahulkumarg5469gmail-com\/"},"comment_info":0,"_links":{"self":[{"href":"https:\/\/honistaa.net\/es\/wp-json\/wp\/v2\/pages\/98","targetHints":{"allow":["GET"]}}],"collection":[{"href":"https:\/\/honistaa.net\/es\/wp-json\/wp\/v2\/pages"}],"about":[{"href":"https:\/\/honistaa.net\/es\/wp-json\/wp\/v2\/types\/page"}],"author":[{"embeddable":true,"href":"https:\/\/honistaa.net\/es\/wp-json\/wp\/v2\/users\/1"}],"replies":[{"embeddable":true,"href":"https:\/\/honistaa.net\/es\/wp-json\/wp\/v2\/comments?post=98"}],"version-history":[{"count":1,"href":"https:\/\/honistaa.net\/es\/wp-json\/wp\/v2\/pages\/98\/revisions"}],"predecessor-version":[{"id":99,"href":"https:\/\/honistaa.net\/es\/wp-json\/wp\/v2\/pages\/98\/revisions\/99"}],"wp:attachment":[{"href":"https:\/\/honistaa.net\/es\/wp-json\/wp\/v2\/media?parent=98"}],"curies":[{"name":"wp","href":"https:\/\/api.w.org\/{rel}","templated":true}]}}