{"id":91,"date":"2024-09-07T11:56:12","date_gmt":"2024-09-07T11:56:12","guid":{"rendered":"https:\/\/honistaa.net\/?page_id=91"},"modified":"2026-03-21T14:30:21","modified_gmt":"2026-03-21T14:30:21","slug":"acerca-de-nosotros","status":"publish","type":"page","link":"https:\/\/honistaa.net\/es\/acerca-de-nosotros\/","title":{"rendered":"Qui\u00e9nes somos"},"content":{"rendered":"<p>Bienvenido a Honistaa.net<\/p>\n\n\n\n<p>Estamos muy agradecidos a todos vosotros porque el cari\u00f1o que hab\u00e9is demostrado a Honista no se puede describir con palabras, as\u00ed que en este sitio web, obtendr\u00e9is las siguientes cosas -<\/p>\n\n\n\n<ul class=\"wp-block-list\">\n<li>Honista Versi\u00f3n m\u00e1s Reciente Detalles<\/li>\n\n\n\n<li>Pr\u00f3ximas versiones de la actualizaci\u00f3n de Honista<\/li>\n\n\n\n<li>Todas las versiones antiguas de Honista<\/li>\n\n\n\n<li>Tutoriales de correcci\u00f3n de errores<\/li>\n<\/ul>\n\n\n\n<p>Si no est\u00e1 seguro sobre Honista, por favor <a href=\"https:\/\/honistaa.net\/es\/contacto\/\">Contacto<\/a>.<\/p>","protected":false},"excerpt":{"rendered":"<p>\u00a1Bienvenido a Honistaa.net! Estamos muy agradecidos a todos ustedes porque el amor que han demostrado a Honista no se puede describir con palabras, por lo que en este sitio web, usted obtendr\u00e1 las siguientes cosas - Si no est\u00e1 seguro acerca de Honista, por favor p\u00f3ngase en contacto con nosotros.<\/p>","protected":false},"author":1,"featured_media":0,"parent":0,"menu_order":0,"comment_status":"closed","ping_status":"closed","template":"","meta":{"_kad_blocks_custom_css":"","_kad_blocks_head_custom_js":"","_kad_blocks_body_custom_js":"","_kad_blocks_footer_custom_js":"","_kad_post_transparent":"","_kad_post_title":"","_kad_post_layout":"","_kad_post_sidebar_id":"","_kad_post_content_style":"","_kad_post_vertical_padding":"","_kad_post_feature":"","_kad_post_feature_position":"","_kad_post_header":false,"_kad_post_footer":false,"footnotes":""},"class_list":["post-91","page","type-page","status-publish","hentry"],"taxonomy_info":[],"featured_image_src_large":false,"author_info":{"display_name":"Perfect Dev","author_link":"https:\/\/honistaa.net\/es\/author\/rahulkumarg5469gmail-com\/"},"comment_info":0,"_links":{"self":[{"href":"https:\/\/honistaa.net\/es\/wp-json\/wp\/v2\/pages\/91","targetHints":{"allow":["GET"]}}],"collection":[{"href":"https:\/\/honistaa.net\/es\/wp-json\/wp\/v2\/pages"}],"about":[{"href":"https:\/\/honistaa.net\/es\/wp-json\/wp\/v2\/types\/page"}],"author":[{"embeddable":true,"href":"https:\/\/honistaa.net\/es\/wp-json\/wp\/v2\/users\/1"}],"replies":[{"embeddable":true,"href":"https:\/\/honistaa.net\/es\/wp-json\/wp\/v2\/comments?post=91"}],"version-history":[{"count":1,"href":"https:\/\/honistaa.net\/es\/wp-json\/wp\/v2\/pages\/91\/revisions"}],"predecessor-version":[{"id":92,"href":"https:\/\/honistaa.net\/es\/wp-json\/wp\/v2\/pages\/91\/revisions\/92"}],"wp:attachment":[{"href":"https:\/\/honistaa.net\/es\/wp-json\/wp\/v2\/media?parent=91"}],"curies":[{"name":"wp","href":"https:\/\/api.w.org\/{rel}","templated":true}]}}