{"id":102,"date":"2024-09-07T12:09:46","date_gmt":"2024-09-07T12:09:46","guid":{"rendered":"https:\/\/honistaa.net\/?page_id=102"},"modified":"2026-03-21T14:30:53","modified_gmt":"2026-03-21T14:30:53","slug":"dmca","status":"publish","type":"page","link":"https:\/\/honistaa.net\/es\/dmca\/","title":{"rendered":"DMCA"},"content":{"rendered":"<p>En <strong>Honista.net<\/strong>Respetamos los derechos de propiedad intelectual de terceros y esperamos que nuestros usuarios hagan lo mismo. De acuerdo con la Digital Millennium Copyright Act (DMCA), nuestra pol\u00edtica es responder a las notificaciones claras de presuntas infracciones de derechos de autor. Esta Pol\u00edtica DMCA describe el proceso para notificarnos posibles violaciones de derechos de autor y nuestras acciones al recibir dichas notificaciones.<\/p>\n\n\n\n<h2 class=\"wp-block-heading\"><strong>1. Notificaci\u00f3n de infracci\u00f3n de derechos de autor<\/strong><\/h2>\n\n\n\n<p>Si cree que el contenido de <strong>Honista.net<\/strong> infringe sus derechos de autor, puede enviar una notificaci\u00f3n por escrito de conformidad con la DMCA a nuestro agente designado de derechos de autor. La notificaci\u00f3n debe incluir la siguiente informaci\u00f3n:<\/p>\n\n\n\n<ul class=\"wp-block-list\">\n<li><strong>Sus datos de contacto<\/strong>: Su nombre completo, direcci\u00f3n, n\u00famero de tel\u00e9fono y direcci\u00f3n de correo electr\u00f3nico.<\/li>\n\n\n\n<li><strong>Identificaci\u00f3n de la obra protegida<\/strong>: Una descripci\u00f3n del trabajo protegido por derechos de autor que usted afirma que ha sido infringido, incluyendo la URL o ubicaci\u00f3n espec\u00edfica donde se encuentra el contenido.<\/li>\n\n\n\n<li><strong>Declaraci\u00f3n de propiedad<\/strong>: Una declaraci\u00f3n de que usted es el propietario de los derechos de autor o est\u00e1 autorizado para actuar en nombre del propietario de los derechos de autor presuntamente infringidos.<\/li>\n\n\n\n<li><strong>Creencia de buena fe<\/strong>: Una declaraci\u00f3n de que usted cree de buena fe que el uso del material de la manera reclamada no est\u00e1 autorizado por el propietario de los derechos de autor, su agente o la ley.<\/li>\n\n\n\n<li><strong>Firma<\/strong>: Una firma f\u00edsica o electr\u00f3nica del titular de los derechos de autor o de una persona autorizada para actuar en su nombre.<\/li>\n<\/ul>\n\n\n\n<p>Env\u00ede los avisos de retirada de DMCA a <a href=\"https:\/\/honistaa.net\/es\/contacto\/\">P\u00f3ngase en contacto con nosotros<\/a><\/p>\n\n\n\n<p><strong>Asunto:<\/strong> Solicitud de retirada de DMCA<\/p>\n\n\n\n<h2 class=\"wp-block-heading\"><strong>2. Proceso de contranotificaci\u00f3n<\/strong><\/h2>\n\n\n\n<p>Si cree que el contenido que public\u00f3 en <strong>Honista.net<\/strong> ha sido eliminado o inutilizado por error o identificaci\u00f3n err\u00f3nea, puede presentar una contranotificaci\u00f3n. La contranotificaci\u00f3n debe incluir los siguientes datos:<\/p>\n\n\n\n<ul class=\"wp-block-list\">\n<li><strong>Sus datos de contacto<\/strong>: Su nombre completo, direcci\u00f3n, n\u00famero de tel\u00e9fono y direcci\u00f3n de correo electr\u00f3nico.<\/li>\n\n\n\n<li><strong>Identificaci\u00f3n del material retirado<\/strong>: Descripci\u00f3n del material retirado o inutilizado y lugar donde aparec\u00eda antes de ser retirado.<\/li>\n\n\n\n<li><strong>Declaraci\u00f3n de buena fe<\/strong>: Una declaraci\u00f3n bajo pena de perjurio de que usted cree de buena fe que el contenido fue eliminado o inhabilitado como resultado de un error o una identificaci\u00f3n err\u00f3nea.<\/li>\n\n\n\n<li><strong>Consentimiento a la jurisdicci\u00f3n<\/strong>: Una declaraci\u00f3n en la que consiente en someterse a la jurisdicci\u00f3n del Tribunal Federal de Distrito de su circunscripci\u00f3n o, si se encuentra fuera de Estados Unidos, a la jurisdicci\u00f3n de la circunscripci\u00f3n donde <strong>Honista.net<\/strong> y que aceptar\u00e1 la notificaci\u00f3n de la parte que present\u00f3 la reclamaci\u00f3n original en virtud de la DMCA.<\/li>\n\n\n\n<li><strong>Firma<\/strong>: Firma f\u00edsica o electr\u00f3nica de la parte que presenta la contranotificaci\u00f3n.<\/li>\n<\/ul>\n\n\n\n<p>Por favor, env\u00ede contranotificaciones a trav\u00e9s de nuestro <a href=\"https:\/\/honistaa.net\/es\/contacto\/\">p\u00e1gina de contacto<\/a>.<\/p>\n\n\n\n<h2 class=\"wp-block-heading\"><strong>3. Infractores reincidentes<\/strong><\/h2>\n\n\n\n<p>Nuestra pol\u00edtica es dar de baja, en las circunstancias apropiadas, a los usuarios o titulares de cuentas que infrinjan repetidamente los derechos de autor.<\/p>\n\n\n\n<h2 class=\"wp-block-heading\"><strong>4. Falsedades<\/strong><\/h2>\n\n\n\n<p>Tenga en cuenta que, en virtud de la DMCA, cualquier persona que a sabiendas tergiverse material o actividad como infractora puede estar sujeta a responsabilidad. Esto incluye el env\u00edo de falsos avisos de retirada de la DMCA o falsas contranotificaciones. Si no est\u00e1 seguro de si el material infringe sus derechos de autor, puede consultar a un abogado antes de continuar.<\/p>\n\n\n\n<h2 class=\"wp-block-heading\"><strong>5. Modificaciones<\/strong><\/h2>\n\n\n\n<p><strong>Honista.net<\/strong> se reserva el derecho a modificar esta Pol\u00edtica DMCA en cualquier momento. Cualquier cambio se publicar\u00e1 en esta p\u00e1gina con una fecha de revisi\u00f3n actualizada.<\/p>\n\n\n\n<h2 class=\"wp-block-heading\"><strong>6. Contacto<\/strong><\/h2>\n\n\n\n<p>Si tiene alguna pregunta sobre esta Pol\u00edtica DMCA, p\u00f3ngase en contacto con nosotros a trav\u00e9s de nuestro <a href=\"https:\/\/honistaa.net\/es\/contacto\/\">P\u00e1gina de contacto<\/a>.<\/p>","protected":false},"excerpt":{"rendered":"<p>En Honista.net respetamos los derechos de propiedad intelectual de terceros y esperamos que nuestros usuarios hagan lo mismo. De acuerdo con la Digital Millennium Copyright Act (DMCA), nuestra pol\u00edtica es responder a las notificaciones claras de presuntas infracciones de derechos de autor. Esta Pol\u00edtica DMCA describe el proceso para notificarnos posibles violaciones de los derechos de autor y nuestra...<\/p>","protected":false},"author":1,"featured_media":0,"parent":0,"menu_order":0,"comment_status":"closed","ping_status":"closed","template":"","meta":{"_kad_blocks_custom_css":"","_kad_blocks_head_custom_js":"","_kad_blocks_body_custom_js":"","_kad_blocks_footer_custom_js":"","_kad_post_transparent":"","_kad_post_title":"","_kad_post_layout":"","_kad_post_sidebar_id":"","_kad_post_content_style":"","_kad_post_vertical_padding":"","_kad_post_feature":"","_kad_post_feature_position":"","_kad_post_header":false,"_kad_post_footer":false,"footnotes":""},"class_list":["post-102","page","type-page","status-publish","hentry"],"taxonomy_info":[],"featured_image_src_large":false,"author_info":{"display_name":"Perfect Dev","author_link":"https:\/\/honistaa.net\/es\/author\/rahulkumarg5469gmail-com\/"},"comment_info":0,"_links":{"self":[{"href":"https:\/\/honistaa.net\/es\/wp-json\/wp\/v2\/pages\/102","targetHints":{"allow":["GET"]}}],"collection":[{"href":"https:\/\/honistaa.net\/es\/wp-json\/wp\/v2\/pages"}],"about":[{"href":"https:\/\/honistaa.net\/es\/wp-json\/wp\/v2\/types\/page"}],"author":[{"embeddable":true,"href":"https:\/\/honistaa.net\/es\/wp-json\/wp\/v2\/users\/1"}],"replies":[{"embeddable":true,"href":"https:\/\/honistaa.net\/es\/wp-json\/wp\/v2\/comments?post=102"}],"version-history":[{"count":1,"href":"https:\/\/honistaa.net\/es\/wp-json\/wp\/v2\/pages\/102\/revisions"}],"predecessor-version":[{"id":103,"href":"https:\/\/honistaa.net\/es\/wp-json\/wp\/v2\/pages\/102\/revisions\/103"}],"wp:attachment":[{"href":"https:\/\/honistaa.net\/es\/wp-json\/wp\/v2\/media?parent=102"}],"curies":[{"name":"wp","href":"https:\/\/api.w.org\/{rel}","templated":true}]}}