{"id":98,"date":"2024-09-07T12:02:58","date_gmt":"2024-09-07T12:02:58","guid":{"rendered":"https:\/\/honistaa.net\/?page_id=98"},"modified":"2026-03-21T14:30:49","modified_gmt":"2026-03-21T14:30:49","slug":"haftungsausschluss","status":"publish","type":"page","link":"https:\/\/honistaa.net\/de\/haftungsausschluss\/","title":{"rendered":"Haftungsausschluss"},"content":{"rendered":"<p>Die Informationen, die auf <strong>Honista.net<\/strong> dient nur zu allgemeinen Informationszwecken. Alle Informationen auf der Website werden nach bestem Wissen und Gewissen zur Verf\u00fcgung gestellt; wir geben jedoch keinerlei ausdr\u00fcckliche oder stillschweigende Zusicherungen oder Gew\u00e4hrleistungen hinsichtlich der Richtigkeit, Angemessenheit, Zuverl\u00e4ssigkeit oder Vollst\u00e4ndigkeit der Informationen auf der Website.<\/p>\n\n\n\n<h2 class=\"wp-block-heading\"><strong>1. Keine professionelle Beratung<\/strong><\/h2>\n\n\n\n<p>Der Inhalt auf <strong>Honista.net<\/strong> ist nicht als professionelle Beratung jeglicher Art gedacht. Sie sollten sich nicht auf die Informationen auf dieser Website als Ersatz f\u00fcr professionelle Dienstleistungen wie rechtliche, medizinische, finanzielle oder technische Beratung verlassen. Wenden Sie sich bei speziellen Anliegen immer an eine qualifizierte Fachkraft.<\/p>\n\n\n\n<h2 class=\"wp-block-heading\"><strong>2. Externe Links Haftungsausschluss<\/strong><\/h2>\n\n\n\n<p><strong>Honista.net<\/strong> kann Links zu externen Websites enthalten, die nicht von uns bereitgestellt oder gepflegt werden oder in irgendeiner Weise mit uns verbunden sind. Bitte beachten Sie, dass wir keine Garantie f\u00fcr die Richtigkeit, Relevanz oder Vollst\u00e4ndigkeit der Informationen auf diesen externen Websites \u00fcbernehmen. Die Aufnahme eines Links bedeutet nicht, dass wir die Website oder ihren Inhalt billigen.<\/p>\n\n\n\n<h2 class=\"wp-block-heading\"><strong>3. Verantwortung der Nutzer<\/strong><\/h2>\n\n\n\n<p>Alle Ma\u00dfnahmen, die Sie auf der Grundlage der Informationen auf <strong>Honista.net<\/strong> erfolgt ausschlie\u00dflich auf Ihr eigenes Risiko. Wir haften nicht f\u00fcr Verluste, Sch\u00e4den oder Verbindlichkeiten, die sich aus der Nutzung der Website oder dem Vertrauen auf die bereitgestellten Informationen ergeben.<\/p>\n\n\n\n<h2 class=\"wp-block-heading\"><strong>4. Keine Garantien<\/strong><\/h2>\n\n\n\n<p>Wir bem\u00fchen uns zwar, genaue und aktuelle Informationen zu liefern, <strong>Honista.net<\/strong> \u00fcbernimmt keine Gew\u00e4hr f\u00fcr die Richtigkeit oder Vollst\u00e4ndigkeit des Inhalts. Die Website und ihr Inhalt werden \"wie besehen\" und \"wie verf\u00fcgbar\" ohne jegliche Garantie bereitgestellt. Wir lehnen jede Haftung f\u00fcr etwaige Fehler oder Auslassungen in den Inhalten ab.<\/p>\n\n\n\n<h2 class=\"wp-block-heading\"><strong>5. Keine Haftung<\/strong><\/h2>\n\n\n\n<p>In keinem Fall d\u00fcrfen <strong>Honista.net<\/strong>, seine Eigent\u00fcmer, Tochtergesellschaften oder Angestellten f\u00fcr direkte, indirekte oder zuf\u00e4llige Sch\u00e4den haftbar gemacht werden, die sich aus der Nutzung oder der Unm\u00f6glichkeit der Nutzung der Website oder verlinkter Inhalte ergeben oder damit zusammenh\u00e4ngen.<\/p>\n\n\n\n<h2 class=\"wp-block-heading\"><strong>6. \u00c4nderungen des Haftungsausschlusses<\/strong><\/h2>\n\n\n\n<p><strong>Honista.net<\/strong> beh\u00e4lt sich das Recht vor, jederzeit \u00c4nderungen oder Aktualisierungen an diesem Haftungsausschluss vorzunehmen. Indem Sie die Website weiterhin nutzen, akzeptieren Sie die aktualisierten Bedingungen und stimmen ihnen zu.<\/p>\n\n\n\n<h2 class=\"wp-block-heading\"><strong>7. Kontakt<\/strong><\/h2>\n\n\n\n<p>Wenn Sie Fragen oder Bedenken bez\u00fcglich dieses Haftungsausschlusses haben, k\u00f6nnen Sie uns gerne \u00fcber unser <a href=\"https:\/\/honistaa.net\/de\/kontaktieren-sie-uns\/\">Kontakt Seite<\/a>.<\/p>","protected":false},"excerpt":{"rendered":"<p>Die auf Honista.net zur Verf\u00fcgung gestellten Informationen dienen nur zu allgemeinen Informationszwecken. Alle Informationen auf der Website werden nach bestem Wissen und Gewissen zur Verf\u00fcgung gestellt; wir geben jedoch keinerlei ausdr\u00fcckliche oder stillschweigende Zusicherungen oder Gew\u00e4hrleistungen hinsichtlich der Richtigkeit, Angemessenheit, Zuverl\u00e4ssigkeit oder Vollst\u00e4ndigkeit der Informationen auf der Website. 1. Keine professionelle Beratung Der Inhalt auf Honista.net...<\/p>","protected":false},"author":1,"featured_media":0,"parent":0,"menu_order":0,"comment_status":"closed","ping_status":"closed","template":"","meta":{"_kad_blocks_custom_css":"","_kad_blocks_head_custom_js":"","_kad_blocks_body_custom_js":"","_kad_blocks_footer_custom_js":"","_kad_post_transparent":"","_kad_post_title":"","_kad_post_layout":"","_kad_post_sidebar_id":"","_kad_post_content_style":"","_kad_post_vertical_padding":"","_kad_post_feature":"","_kad_post_feature_position":"","_kad_post_header":false,"_kad_post_footer":false,"footnotes":""},"class_list":["post-98","page","type-page","status-publish","hentry"],"taxonomy_info":[],"featured_image_src_large":false,"author_info":{"display_name":"Perfect Dev","author_link":"https:\/\/honistaa.net\/de\/author\/rahulkumarg5469gmail-com\/"},"comment_info":0,"_links":{"self":[{"href":"https:\/\/honistaa.net\/de\/wp-json\/wp\/v2\/pages\/98","targetHints":{"allow":["GET"]}}],"collection":[{"href":"https:\/\/honistaa.net\/de\/wp-json\/wp\/v2\/pages"}],"about":[{"href":"https:\/\/honistaa.net\/de\/wp-json\/wp\/v2\/types\/page"}],"author":[{"embeddable":true,"href":"https:\/\/honistaa.net\/de\/wp-json\/wp\/v2\/users\/1"}],"replies":[{"embeddable":true,"href":"https:\/\/honistaa.net\/de\/wp-json\/wp\/v2\/comments?post=98"}],"version-history":[{"count":1,"href":"https:\/\/honistaa.net\/de\/wp-json\/wp\/v2\/pages\/98\/revisions"}],"predecessor-version":[{"id":99,"href":"https:\/\/honistaa.net\/de\/wp-json\/wp\/v2\/pages\/98\/revisions\/99"}],"wp:attachment":[{"href":"https:\/\/honistaa.net\/de\/wp-json\/wp\/v2\/media?parent=98"}],"curies":[{"name":"wp","href":"https:\/\/api.w.org\/{rel}","templated":true}]}}