{"id":102,"date":"2024-09-07T12:09:46","date_gmt":"2024-09-07T12:09:46","guid":{"rendered":"https:\/\/honistaa.net\/?page_id=102"},"modified":"2026-03-21T14:30:53","modified_gmt":"2026-03-21T14:30:53","slug":"dmca","status":"publish","type":"page","link":"https:\/\/honistaa.net\/de\/dmca\/","title":{"rendered":"DMCA"},"content":{"rendered":"<p>Unter <strong>Honista.net<\/strong>Wir respektieren die Rechte am geistigen Eigentum anderer und erwarten von unseren Nutzern, dass sie dies ebenfalls tun. In \u00dcbereinstimmung mit dem Digital Millennium Copyright Act (DMCA) ist es unsere Politik, auf eindeutige Hinweise auf angebliche Urheberrechtsverletzungen zu reagieren. Diese DMCA-Richtlinie umrei\u00dft das Verfahren zur Benachrichtigung \u00fcber m\u00f6gliche Urheberrechtsverletzungen und unsere Ma\u00dfnahmen nach Erhalt solcher Benachrichtigungen.<\/p>\n\n\n\n<h2 class=\"wp-block-heading\"><strong>1. Benachrichtigung bei Urheberrechtsverletzungen<\/strong><\/h2>\n\n\n\n<p>Wenn Sie glauben, dass Inhalte auf <strong>Honista.net<\/strong> Ihr Urheberrecht verletzt, k\u00f6nnen Sie eine schriftliche Benachrichtigung in \u00dcbereinstimmung mit dem DMCA an unseren designierten Urheberrechtsbeauftragten senden. Die Benachrichtigung muss die folgenden Informationen enthalten:<\/p>\n\n\n\n<ul class=\"wp-block-list\">\n<li><strong>Ihre Kontaktinformationen<\/strong>: Ihren vollst\u00e4ndigen Namen, Ihre Adresse, Telefonnummer und E-Mail-Adresse.<\/li>\n\n\n\n<li><strong>Identifizierung des urheberrechtlich gesch\u00fctzten Werks<\/strong>: Eine Beschreibung des urheberrechtlich gesch\u00fctzten Werks, das Ihrer Ansicht nach verletzt wurde, einschlie\u00dflich der URL oder des konkreten Ortes, an dem sich der Inhalt befindet.<\/li>\n\n\n\n<li><strong>Erkl\u00e4rung zum Eigentumsrecht<\/strong>: Eine Erkl\u00e4rung, dass Sie der Inhaber des Urheberrechts sind oder befugt sind, im Namen des Inhabers des Urheberrechts, das angeblich verletzt wurde, zu handeln.<\/li>\n\n\n\n<li><strong>Gutgl\u00e4ubiger Glaube<\/strong>: Eine Erkl\u00e4rung, dass Sie in gutem Glauben davon ausgehen, dass die Verwendung des Materials in der beanstandeten Weise nicht durch den Urheberrechtsinhaber, seinen Vertreter oder das Gesetz genehmigt ist.<\/li>\n\n\n\n<li><strong>Unterschrift<\/strong>: Eine physische oder elektronische Unterschrift des Urheberrechtsinhabers oder einer Person, die befugt ist, in seinem Namen zu handeln.<\/li>\n<\/ul>\n\n\n\n<p>Bitte senden Sie DMCA-Abmahnungen an - <a href=\"https:\/\/honistaa.net\/de\/kontaktieren-sie-uns\/\">Kontakt<\/a><\/p>\n\n\n\n<p><strong>Betreffzeile:<\/strong> DMCA Takedown-Antrag<\/p>\n\n\n\n<h2 class=\"wp-block-heading\"><strong>2. Prozess der Gegennotifizierung<\/strong><\/h2>\n\n\n\n<p>Wenn Sie glauben, dass der Inhalt, den Sie auf <strong>Honista.net<\/strong> irrt\u00fcmlich oder aufgrund einer falschen Identifizierung entfernt oder deaktiviert wurde, k\u00f6nnen Sie eine Gegenmeldung einreichen. Die Gegenanzeige muss die folgenden Angaben enthalten:<\/p>\n\n\n\n<ul class=\"wp-block-list\">\n<li><strong>Ihre Kontaktinformationen<\/strong>: Ihren vollst\u00e4ndigen Namen, Ihre Adresse, Telefonnummer und E-Mail-Adresse.<\/li>\n\n\n\n<li><strong>Identifizierung des entfernten Materials<\/strong>: Eine Beschreibung des Materials, das entfernt oder deaktiviert wurde, und die Stelle, an der es vor der Entfernung erschien.<\/li>\n\n\n\n<li><strong>Erkl\u00e4rung des guten Willens<\/strong>: Eine eidesstattliche Erkl\u00e4rung, dass Sie in gutem Glauben davon ausgehen, dass der Inhalt aufgrund eines Fehlers oder einer falschen Identifizierung entfernt oder deaktiviert wurde.<\/li>\n\n\n\n<li><strong>Zustimmung zur Gerichtsbarkeit<\/strong>: Eine Erkl\u00e4rung, dass Sie sich mit der Zust\u00e4ndigkeit des Bundesbezirksgerichts in Ihrem Bezirk einverstanden erkl\u00e4ren, oder, wenn Sie sich au\u00dferhalb der Vereinigten Staaten befinden, mit der Zust\u00e4ndigkeit des Bezirks, in dem <strong>Honista.net<\/strong> befindet, und dass Sie die Zustellung der Klage von der Partei, die die urspr\u00fcngliche DMCA-Beschwerde eingereicht hat, akzeptieren werden.<\/li>\n\n\n\n<li><strong>Unterschrift<\/strong>: Eine physische oder elektronische Unterschrift der Partei, die die Gegennotifikation einreicht.<\/li>\n<\/ul>\n\n\n\n<p>Bitte senden Sie Gegenmeldungen \u00fcber unser <a href=\"https:\/\/honistaa.net\/de\/kontaktieren-sie-uns\/\">Kontaktseite<\/a>.<\/p>\n\n\n\n<h2 class=\"wp-block-heading\"><strong>3. Wiederholte Rechtsverletzer<\/strong><\/h2>\n\n\n\n<p>Es geh\u00f6rt zu unseren Grunds\u00e4tzen, Benutzer oder Kontoinhaber, die wiederholt gegen Urheberrechte versto\u00dfen, unter entsprechenden Umst\u00e4nden zu sperren.<\/p>\n\n\n\n<h2 class=\"wp-block-heading\"><strong>4. Falsche Darstellungen<\/strong><\/h2>\n\n\n\n<p>Bitte beachten Sie, dass nach dem DMCA jede Person, die wissentlich Material oder Aktivit\u00e4ten f\u00e4lschlicherweise als rechtsverletzend darstellt, haftbar gemacht werden kann. Dies gilt auch f\u00fcr die Einreichung falscher DMCA-Abmeldungsnotizen oder falscher Gegennotizen. Wenn Sie sich nicht sicher sind, ob das Material gegen Ihr Urheberrecht verst\u00f6\u00dft, sollten Sie einen Rechtsbeistand konsultieren, bevor Sie fortfahren.<\/p>\n\n\n\n<h2 class=\"wp-block-heading\"><strong>5. \u00c4nderungen<\/strong><\/h2>\n\n\n\n<p><strong>Honista.net<\/strong> beh\u00e4lt sich das Recht vor, diese DMCA-Richtlinie jederzeit zu \u00e4ndern. Alle \u00c4nderungen werden auf dieser Seite mit einem aktualisierten \u00c4nderungsdatum ver\u00f6ffentlicht.<\/p>\n\n\n\n<h2 class=\"wp-block-heading\"><strong>6. Kontakt<\/strong><\/h2>\n\n\n\n<p>Wenn Sie Fragen zu dieser DMCA-Richtlinie haben, kontaktieren Sie uns bitte \u00fcber unsere <a href=\"https:\/\/honistaa.net\/de\/kontaktieren-sie-uns\/\">Kontakt Seite<\/a>.<\/p>","protected":false},"excerpt":{"rendered":"<p>Wir bei Honista.net respektieren die Rechte am geistigen Eigentum anderer und erwarten von unseren Nutzern, dass sie dasselbe tun. In \u00dcbereinstimmung mit dem Digital Millennium Copyright Act (DMCA) ist es unsere Politik, auf eindeutige Hinweise auf angebliche Urheberrechtsverletzungen zu reagieren. Diese DMCA-Richtlinie umrei\u00dft das Verfahren zur Benachrichtigung \u00fcber potenzielle Urheberrechtsverletzungen und unsere...<\/p>","protected":false},"author":1,"featured_media":0,"parent":0,"menu_order":0,"comment_status":"closed","ping_status":"closed","template":"","meta":{"_kad_blocks_custom_css":"","_kad_blocks_head_custom_js":"","_kad_blocks_body_custom_js":"","_kad_blocks_footer_custom_js":"","_kad_post_transparent":"","_kad_post_title":"","_kad_post_layout":"","_kad_post_sidebar_id":"","_kad_post_content_style":"","_kad_post_vertical_padding":"","_kad_post_feature":"","_kad_post_feature_position":"","_kad_post_header":false,"_kad_post_footer":false,"footnotes":""},"class_list":["post-102","page","type-page","status-publish","hentry"],"taxonomy_info":[],"featured_image_src_large":false,"author_info":{"display_name":"Perfect Dev","author_link":"https:\/\/honistaa.net\/de\/author\/rahulkumarg5469gmail-com\/"},"comment_info":0,"_links":{"self":[{"href":"https:\/\/honistaa.net\/de\/wp-json\/wp\/v2\/pages\/102","targetHints":{"allow":["GET"]}}],"collection":[{"href":"https:\/\/honistaa.net\/de\/wp-json\/wp\/v2\/pages"}],"about":[{"href":"https:\/\/honistaa.net\/de\/wp-json\/wp\/v2\/types\/page"}],"author":[{"embeddable":true,"href":"https:\/\/honistaa.net\/de\/wp-json\/wp\/v2\/users\/1"}],"replies":[{"embeddable":true,"href":"https:\/\/honistaa.net\/de\/wp-json\/wp\/v2\/comments?post=102"}],"version-history":[{"count":1,"href":"https:\/\/honistaa.net\/de\/wp-json\/wp\/v2\/pages\/102\/revisions"}],"predecessor-version":[{"id":103,"href":"https:\/\/honistaa.net\/de\/wp-json\/wp\/v2\/pages\/102\/revisions\/103"}],"wp:attachment":[{"href":"https:\/\/honistaa.net\/de\/wp-json\/wp\/v2\/media?parent=102"}],"curies":[{"name":"wp","href":"https:\/\/api.w.org\/{rel}","templated":true}]}}